{"id":986,"date":"2024-06-18T17:24:32","date_gmt":"2024-06-18T15:24:32","guid":{"rendered":"https:\/\/tortenelem.fazekas.hu\/?page_id=986"},"modified":"2024-06-18T17:41:12","modified_gmt":"2024-06-18T15:41:12","slug":"ujvari-pal-emlekere","status":"publish","type":"page","link":"https:\/\/tortenelem.fazekas.hu\/?page_id=986","title":{"rendered":"Ujv\u00e1ri P\u00e1l eml\u00e9k\u00e9re"},"content":{"rendered":"<p style=\"text-align: justify;\">Ujv\u00e1ri P\u00e1l (1943\u20132024) koll\u00e9g\u00e1nk 80 \u00e9ves kor\u00e1ban, 2024. m\u00e1rcius 5-\u00e9n elhunyt. 2004 \u00e9s 2013 k\u00f6z\u00f6tt tan\u00edtott t\u00f6rt\u00e9nelmet iskol\u00e1nkban. Az al\u00e1bbi m\u00e9ltat\u00e1st m\u00e9g az \u00e1ltala oly kedvelt \u00e9s tisztelt H\u00e1mori Veronika igazgat\u00f3n\u0151 \u00edrta r\u00f3la.<\/p>\n<p style=\"text-align: justify;text-indent: 25px;\">H\u00edre m\u00e1r hozz\u00e1nk ker\u00fcl\u00e9se el\u0151tt eljutott a Fazekasba, szakos koll\u00e9g\u00e1i kor\u00e1bban is tiszt\u00e1ban voltak avval, hogy az orsz\u00e1g egyik legtapasztaltabb, legnagyobb tud\u00e1s\u00fa, a szakmailag legkiv\u00e1l\u00f3bbak sz\u0171k k\u00f6r\u00e9be tartoz\u00f3 t\u00f6rt\u00e9nelemtan\u00e1ra. Ismerts\u00e9ge szakmai \u00e9let\u00fatj\u00e1n \u00e9s teljes\u00edtm\u00e9ny\u00e9n alapult, saj\u00e1t szem\u00e9ly\u00e9t \u00e9s munk\u00e1ss\u00e1g\u00e1t sohasem tolta el\u0151t\u00e9rbe, mindig szer\u00e9ny, der\u0171s \u00e9s visszah\u00faz\u00f3d\u00f3 maradt.<\/p>\n<p><img loading=\"lazy\" decoding=\"async\" class=\"aligncenter\" src=\"\/rolunk\/ujvari_pal.png\" alt=\"\" width=\"457\" height=\"327\" align=\"middle\"><\/p>\n<p style=\"text-align: justify;text-indent: 25px;\">Sokf\u00e9le iskol\u00e1ban megfordult, ismerte a szakk\u00f6z\u00e9piskol\u00e1k, az \u00e1tlagos gimn\u00e1ziumok \u00e9s az elitbe tartoz\u00f3k vil\u00e1g\u00e1t, s a F\u0151v\u00e1rosi Pedag\u00f3giai Int\u00e9zet egykori \u2013 mindig j\u00f3indulat\u00fa, mindig seg\u00edt\u0151k\u00e9sz \u2013 szaktan\u00e1csad\u00f3jak\u00e9nt nagyon sok tapasztalatot halmozott fel k\u00fcl\u00f6nf\u00e9le di\u00e1kokr\u00f3l \u00e9s tan\u00e1rokr\u00f3l. Nagyon kevesen lehetnek, akik n\u00e1la jobban tudt\u00e1k, kinek, hol, mit \u00e9s hogyan lehet, kell tan\u00edtani. \u00c9vekig k\u00e9sz\u00edtett \u00e9s jav\u00edtott \u00e9retts\u00e9gi feladatsorokat is.<\/p>\n<p style=\"text-align: justify;text-indent: 25px;\">Azt, hogy milyen tud\u00e1sanyag birtok\u00e1ban tan\u00edtott, tank\u00f6nyveinek sokas\u00e1g\u00e1b\u00f3l is meg\u00edt\u00e9lhetj\u00fck. Az \u00f3kort\u00f3l a 20. sz\u00e1zadig mindegyik korszakkal foglalkozott, egyform\u00e1n magas sz\u00ednvonalon, de m\u00e9g az \u00e1tlagos k\u00e9pess\u00e9g\u0171eknek is egyar\u00e1nt em\u00e9szthet\u0151en, tanulhat\u00f3an. Ujv\u00e1ri P\u00e1l az a koll\u00e9ga volt, akire a munkak\u00f6z\u00f6ss\u00e9g mindig sz\u00e1m\u00edthatott: ha csup\u00e1n helyettes\u00edteni kell, ha valamelyik eml\u00e9knap vagy m\u0171sor megszervez\u00e9s\u00e9r\u0151l esett sz\u00f3, ha mozil\u00e1togat\u00e1s volt a program vagy \u00e9ppen a film megbesz\u00e9l\u00e9se, \u0151 mindig k\u00e9szen \u00e1llt.<\/p>\n<p style=\"text-align: justify;text-indent: 25px;\">Tudjuk (elvi s\u00edkon), hogy nincs az a tan\u00e1r, akit mindenki szeret. Ennek ellen\u00e9re a gyakorlatban soha rosszat nem hallottunk r\u00f3la; se di\u00e1k, se tan\u00e1r, se sz\u00fcl\u0151 r\u00e9sz\u00e9r\u0151l. Minden tan\u00edtv\u00e1nya nagyra \u00e9rt\u00e9kelte t\u00e1rgyszer\u0171s\u00e9g\u00e9t, sz\u00e9lesk\u00f6r\u0171 ismereteit, \u00e9s nyelvtud\u00e1s\u00e1t. Kedvelte \u00e9s ismerte a di\u00e1kjait, szel\u00edden, de hat\u00e1rozottan fordult fel\u00e9j\u00fck, nem \u00e9ppen b\u0151 l\u00e9re eresztett mondanival\u00f3j\u00e1t gyakran finom humor, b\u00f6lcsess\u00e9g \u00e9s emberszeretet sz\u0151tte \u00e1t. Udvariass\u00e1g\u00e1val, ahogyan kis meghajl\u00e1ssal k\u00f6sz\u00f6nt\u00f6tte ismer\u0151seit, egy let\u0171nt kort id\u00e9zett meg. \u00dariember volt.<\/p>\n<p style=\"text-align: justify;text-indent: 25px;\">Eml\u00e9k\u00e9t meg\u0151rizz\u00fck!<\/p>\n","protected":false},"excerpt":{"rendered":"<p>Ujv\u00e1ri P\u00e1l (1943\u20132024) koll\u00e9g\u00e1nk 80 \u00e9ves kor\u00e1ban, 2024. m\u00e1rcius 5-\u00e9n elhunyt. 2004 \u00e9s 2013 k\u00f6z\u00f6tt tan\u00edtott t\u00f6rt\u00e9nelmet iskol\u00e1nkban. Az al\u00e1bbi m\u00e9ltat\u00e1st m\u00e9g az \u00e1ltala oly&#8230;<\/p>\n<div class=\"more-link-wrapper\"><a class=\"more-link\" href=\"https:\/\/tortenelem.fazekas.hu\/?page_id=986\">Continue reading<span class=\"screen-reader-text\">Ujv\u00e1ri P\u00e1l eml\u00e9k\u00e9re<\/span><\/a><\/div>\n","protected":false},"author":1,"featured_media":0,"parent":82,"menu_order":2,"comment_status":"closed","ping_status":"closed","template":"","meta":{"ngg_post_thumbnail":0,"footnotes":""},"class_list":["post-986","page","type-page","status-publish","hentry","entry"],"_links":{"self":[{"href":"https:\/\/tortenelem.fazekas.hu\/index.php?rest_route=\/wp\/v2\/pages\/986","targetHints":{"allow":["GET"]}}],"collection":[{"href":"https:\/\/tortenelem.fazekas.hu\/index.php?rest_route=\/wp\/v2\/pages"}],"about":[{"href":"https:\/\/tortenelem.fazekas.hu\/index.php?rest_route=\/wp\/v2\/types\/page"}],"author":[{"embeddable":true,"href":"https:\/\/tortenelem.fazekas.hu\/index.php?rest_route=\/wp\/v2\/users\/1"}],"replies":[{"embeddable":true,"href":"https:\/\/tortenelem.fazekas.hu\/index.php?rest_route=%2Fwp%2Fv2%2Fcomments&post=986"}],"version-history":[{"count":9,"href":"https:\/\/tortenelem.fazekas.hu\/index.php?rest_route=\/wp\/v2\/pages\/986\/revisions"}],"predecessor-version":[{"id":998,"href":"https:\/\/tortenelem.fazekas.hu\/index.php?rest_route=\/wp\/v2\/pages\/986\/revisions\/998"}],"up":[{"embeddable":true,"href":"https:\/\/tortenelem.fazekas.hu\/index.php?rest_route=\/wp\/v2\/pages\/82"}],"wp:attachment":[{"href":"https:\/\/tortenelem.fazekas.hu\/index.php?rest_route=%2Fwp%2Fv2%2Fmedia&parent=986"}],"curies":[{"name":"wp","href":"https:\/\/api.w.org\/{rel}","templated":true}]}}