{"id":932,"date":"2023-10-18T11:13:30","date_gmt":"2023-10-18T09:13:30","guid":{"rendered":"https:\/\/tortenelem.fazekas.hu\/?page_id=932"},"modified":"2024-09-17T18:40:08","modified_gmt":"2024-09-17T16:40:08","slug":"altalanos-iskola","status":"publish","type":"page","link":"https:\/\/tortenelem.fazekas.hu\/?page_id=932","title":{"rendered":"\u00c1llampolg\u00e1ri ismeretek"},"content":{"rendered":"<p style=\"text-align: justify;\">Az itt tal\u00e1lhat\u00f3 szakmai seg\u00e9danyagokat a 2020-as Nemzeti Alaptantervnek azon int\u00e9zked\u00e9se h\u00edvta \u00e9letre, amely a 8. \u00e9s 12. \u00e9vfolyamokon \u00f6n\u00e1ll\u00f3 tant\u00e1rggy\u00e1 tette az \u00e1llampolg\u00e1ri ismereteket. Ez kor\u00e1bban a t\u00f6rt\u00e9nelem utols\u00f3 t\u00e9mak\u00f6r\u00e9t k\u00e9pezte, amibe a mai magyar \u00e1llam m\u0171k\u00f6d\u00e9se, a v\u00e1laszt\u00e1si rendszer, t\u00f6rv\u00e9nyhoz\u00e1s saj\u00e1toss\u00e1gai mellett a nagy ell\u00e1t\u00f3rendszerek, a csal\u00e1d gazdas\u00e1gi \u00e9s identifik\u00e1ci\u00f3s jelent\u0151s\u00e9ge, sz\u0171kebb \u00e9s t\u00e1gabb lak\u00f3hely\u00fcnk ismerete tartozott bele. Az \u00f6n\u00e1ll\u00f3 tant\u00e1rgyk\u00e9nt m\u0171k\u00f6d\u0151 \u00e1llampolg\u00e1ri ismeretek is ezen t\u00e9mak\u00f6r\u00f6k ment\u00e9n \u00e9p\u00fcl fel, melyhez az itt let\u00f6lthet\u0151 diasorokb\u00f3l \u00f6tleteket, megk\u00f6zel\u00edt\u00e9si m\u00f3dokat lehet mer\u00edteni, vagy n\u00e9h\u00e1ny prezent\u00e1ci\u00f3 eset\u00e9ben konkr\u00e9t feladatokat is ki lehet pr\u00f3b\u00e1lni, amivel j\u00e1t\u00e9kos form\u00e1ban, de m\u00e9gis hat\u00e9konyan lehet elt\u00f6lteni ezt a tan\u00f3r\u00e1t. Az anyagok 8. \u00e9vfolyamos di\u00e1kok sz\u00e1m\u00e1ra k\u00e9sz\u00fcltek, akik \u00f3rarendj\u00e9ben hetente egy alkalommal szerepel a tant\u00e1rgy a 2021\/2022-es tan\u00e9v \u00f3ta. A diasorok anim\u00e1ci\u00f3kat is tartalmaznak az \u00e9lvezhet\u0151bb bemutat\u00e1s kedv\u00e9\u00e9rt, megtekint\u00e9s\u00fck ez\u00e9rt a diavet\u00edt\u00e9s m\u00f3dban aj\u00e1nlott. Ugyanakkor az anyagok szerkeszthet\u0151k is, k\u00e9t okb\u00f3l: egyfel\u0151l, hogy mindenkinek lehet\u0151s\u00e9ge legyen a saj\u00e1t tanul\u00e1si-tan\u00edt\u00e1si st\u00edlus\u00e1hoz illeszteni azokat, m\u00e1sfel\u0151l pedig az\u00e9rt, hogy a benne megjelen\u00edtett inform\u00e1ci\u00f3k, adatok mindig friss\u00edthet\u0151k legyenek.<\/p>\n<p style=\"text-align: right;\">Olexa Gergely (a prezent\u00e1ci\u00f3k k\u00e9sz\u00edt\u0151je)<\/p>\n<p>&nbsp;<br \/>\n<a href=\"allampolgari\/01_helyismeret_01.pptx\"><i><font color=\"blue\">Helyismeret I. (Magyarorsz\u00e1g \u00e9s v\u00e1rosai)<\/font><\/i><\/a><br \/>\n&nbsp;<br \/>\n<a href=\"allampolgari\/02_helyismeret_02.pptx\"><i><font color=\"blue\">Helyismeret II. (Budapest \u00e9s ker\u00fcletei)<\/font><\/i><\/a><br \/>\n&nbsp;<br \/>\n<a href=\"allampolgari\/03_helyismeret_03.pptx\"><i><font color=\"blue\">Helyismeret III. (K\u00f6zleked\u00e9s \u00e9s v\u00e1rosismeret)<\/font><\/i><\/a><br \/>\n&nbsp;<br \/>\n<a href=\"allampolgari\/04_tarsadalmi_ismeretek.pptx\"><i><font color=\"blue\">\u00c9let\u00fcnk jellemz\u0151i (A gener\u00e1ci\u00f3k k\u00f6z\u00f6tti k\u00fcl\u00f6nbs\u00e9gek)<\/font><\/i><\/a><br \/>\n&nbsp;<br \/>\n<a href=\"allampolgari\/05_magyar_valasztasi_rendszer.pptx\"><i><font color=\"blue\">A magyar v\u00e1laszt\u00e1si rendszer<\/font><\/i><\/a><br \/>\n&nbsp;<br \/>\n<a href=\"allampolgari\/06_magyar_orszaggyules_mukodese.pptx\"><i><font color=\"blue\">A magyar orsz\u00e1ggy\u0171l\u00e9s m\u0171k\u00f6d\u00e9se<\/font><\/i><\/a><br \/>\n&nbsp;<br \/>\n<a href=\"allampolgari\/07_magyarorszagi_jogrend.pptx\"><i><font color=\"blue\">A magyarorsz\u00e1gi jogrend<\/font><\/i><\/a><\/p>\n","protected":false},"excerpt":{"rendered":"<p>Az itt tal\u00e1lhat\u00f3 szakmai seg\u00e9danyagokat a 2020-as Nemzeti Alaptantervnek azon int\u00e9zked\u00e9se h\u00edvta \u00e9letre, amely a 8. \u00e9s 12. \u00e9vfolyamokon \u00f6n\u00e1ll\u00f3 tant\u00e1rggy\u00e1 tette az \u00e1llampolg\u00e1ri ismereteket.&#8230;<\/p>\n<div class=\"more-link-wrapper\"><a class=\"more-link\" href=\"https:\/\/tortenelem.fazekas.hu\/?page_id=932\">Continue reading<span class=\"screen-reader-text\">\u00c1llampolg\u00e1ri ismeretek<\/span><\/a><\/div>\n","protected":false},"author":1,"featured_media":0,"parent":32,"menu_order":4,"comment_status":"closed","ping_status":"closed","template":"","meta":{"ngg_post_thumbnail":0,"footnotes":""},"class_list":["post-932","page","type-page","status-publish","hentry","entry"],"_links":{"self":[{"href":"https:\/\/tortenelem.fazekas.hu\/index.php?rest_route=\/wp\/v2\/pages\/932","targetHints":{"allow":["GET"]}}],"collection":[{"href":"https:\/\/tortenelem.fazekas.hu\/index.php?rest_route=\/wp\/v2\/pages"}],"about":[{"href":"https:\/\/tortenelem.fazekas.hu\/index.php?rest_route=\/wp\/v2\/types\/page"}],"author":[{"embeddable":true,"href":"https:\/\/tortenelem.fazekas.hu\/index.php?rest_route=\/wp\/v2\/users\/1"}],"replies":[{"embeddable":true,"href":"https:\/\/tortenelem.fazekas.hu\/index.php?rest_route=%2Fwp%2Fv2%2Fcomments&post=932"}],"version-history":[{"count":7,"href":"https:\/\/tortenelem.fazekas.hu\/index.php?rest_route=\/wp\/v2\/pages\/932\/revisions"}],"predecessor-version":[{"id":1072,"href":"https:\/\/tortenelem.fazekas.hu\/index.php?rest_route=\/wp\/v2\/pages\/932\/revisions\/1072"}],"up":[{"embeddable":true,"href":"https:\/\/tortenelem.fazekas.hu\/index.php?rest_route=\/wp\/v2\/pages\/32"}],"wp:attachment":[{"href":"https:\/\/tortenelem.fazekas.hu\/index.php?rest_route=%2Fwp%2Fv2%2Fmedia&parent=932"}],"curies":[{"name":"wp","href":"https:\/\/api.w.org\/{rel}","templated":true}]}}