{"id":84,"date":"2021-10-21T14:45:03","date_gmt":"2021-10-21T14:45:03","guid":{"rendered":"https:\/\/tortenelem-uj.fazekas.hu\/?page_id=84"},"modified":"2024-06-18T17:28:23","modified_gmt":"2024-06-18T15:28:23","slug":"f-toth-zoltan-emlekere","status":"publish","type":"page","link":"https:\/\/tortenelem.fazekas.hu\/?page_id=84","title":{"rendered":"F. T\u00f3th Zolt\u00e1n eml\u00e9k\u00e9re"},"content":{"rendered":"\r\n<p style=\"text-align: justify;\">Zolival pontosan h\u00fasz \u00e9ven \u00e1t \u00fclt\u00fcnk egym\u00e1ssal szemben a III. emeleti t\u00f6rt\u00e9nelemtan\u00e1riban \u2013 ahov\u00e1 m\u00e1rcius \u00f3ta be se mertem tenni a l\u00e1bam \u2013, besz\u00e9lgett\u00fcnk, hallgattuk egym\u00e1s j\u00f3 \u00e9s kev\u00e9sb\u00e9 j\u00f3 t\u00f6rt\u00e9neteit \u00e9s vicceit. Ez az utols\u00f3 vicce volt a legrosszabb, a legkegyetlenebb, ezt nem kellett volna \u2013 \u00e9s ez fog \u00f6r\u00f6kre bel\u00e9nk \u00e9gni, kit\u00f6r\u00f6lhetetlen\u00fcl.<\/p>\r\n\r\n\r\n\r\n<figure id=\"attachment_235\" aria-describedby=\"caption-attachment-235\" style=\"width: 800px\" class=\"wp-caption aligncenter\"><img loading=\"lazy\" decoding=\"async\" class=\"size-full wp-image-235\" src=\"https:\/\/tortenelem-uj.fazekas.hu\/wp-content\/uploads\/2021\/10\/FTothZoltan.jpg\" alt=\"F. T\u00f3th Zolt\u00e1n\" width=\"800\" height=\"544\" srcset=\"https:\/\/tortenelem.fazekas.hu\/wp-content\/uploads\/2021\/10\/FTothZoltan.jpg 800w, https:\/\/tortenelem.fazekas.hu\/wp-content\/uploads\/2021\/10\/FTothZoltan-300x204.jpg 300w, https:\/\/tortenelem.fazekas.hu\/wp-content\/uploads\/2021\/10\/FTothZoltan-768x522.jpg 768w\" sizes=\"auto, (max-width: 800px) 100vw, 800px\" \/><figcaption id=\"caption-attachment-235\" class=\"wp-caption-text\">F. T\u00f3th Zolt\u00e1n (2019)<\/figcaption><\/figure>\r\n<p class=\"has-text-align-left\" style=\"text-align: justify;\">\u00a0\u00a0\u00a0\u00a0\u00a0\u00a0 B\u0151ven volt r\u00e1 okunk, hogy szeress\u00fck \u00e9s tisztelj\u00fck. Szerett\u00fck der\u0171s, kiegyens\u00falyozott, a bajt, a keser\u0171s\u00e9get t\u00f6bbnyire humorral felold\u00f3 st\u00edlus\u00e1\u00e9rt. \u00c9s tisztelt\u00fck, mert j\u00f3 tan\u00e1r volt, mert szerette a tan\u00edtv\u00e1nyait, s\u0151t \u00e9rdekelte \u0151t az \u00e9let\u00fck, a sorsuk; \u00e9n magam pedig f\u0151leg az\u00e9rt, mert sokoldal\u00fa volt. Besz\u00e9lgett\u00fcnk filmekr\u0151l, politik\u00e1r\u00f3l, nyelvekr\u0151l \u2013 pont focir\u00f3l nemigen. Eg\u00e9szen j\u00f3l git\u00e1rozott, b\u00e1r az iskol\u00e1ban nem gyakorolta, \u00e9s komoly, \u00e9rt\u00e9kelhet\u0151 sz\u00ednvonal\u00fa verseket \u00edrt: err\u0151l az iskolai \u00e9vk\u00f6nyvek is tan\u00faskodnak. Fogalmam sincs, mi\u00e9rt nem pr\u00f3b\u00e1lkozott a kiad\u00e1sukkal. A vers\u00edr\u00e1s n\u00e1la nagyon is \u00f6sszekapcsol\u00f3dott a magyar nyelv szeretet\u00e9vel \u00e9s ig\u00e9nyes haszn\u00e1lat\u00e1val; ami az egyik oldalon m\u00e9ly, l\u00e9t\u00f6sszegz\u0151 k\u00f6ltem\u00e9nyekben \u00f6lt\u00f6tt testet, az a m\u00e1sik oldalon viccekben, sz\u00f3j\u00e1t\u00e9kokban, kicsavart r\u00edmekben. Melyik tan\u00edtv\u00e1nya ne hallotta volna n\u00e9gy vagy hat \u00e9v alatt, hogy \u201es\u00f6r has \u00e9s pizza h\u00e1t\u201d? Amikor egy di\u00e1kcsoporttal k\u00e9t h\u00e9tre K\u00edn\u00e1ba utazott (a megnyert vet\u00e9lked\u0151 ut\u00e1n), egyik koll\u00e9g\u00e1m n\u00e9h\u00e1ny nap ut\u00e1n megsz\u00f3lalt: gyerekek, nekem elvon\u00e1si t\u00fcneteim vannak. Vicchi\u00e1nyban szenvedett. Legjobban ig\u00e9nyess\u00e9g\u00e9\u00e9rt lehetett becs\u00fclni, olykor csod\u00e1lni. Mindegy, mir\u0151l volt sz\u00f3: t\u00e9maz\u00e1r\u00f3 dolgozatr\u00f3l, versenyfeladatokr\u00f3l, tant\u00e1rgyfeloszt\u00e1sr\u00f3l vagy kir\u00e1ndul\u00e1sr\u00f3l, Zoli mindig a maximumot akarta teljes\u00edteni. \u00c9veken \u00e1t r\u00e9szt vett az \u00e9retts\u00e9gi feladatokat k\u00e9sz\u00edt\u0151 csoportban, \u00f3ri\u00e1si rutint szerzett \u2013 nem hiszem, hogy lehetne t\u00f6k\u00e9letesebb dolgozatokat \u00f6ssze\u00e1ll\u00edtani, mint amilyeneket \u0151 adott a di\u00e1kjainak, b\u00e1rmilyen szinten. S mindezeket harag, rosszkedv, agresszi\u00f3 n\u00e9lk\u00fcl tette, sosem k\u00f6vetel\u0151z\u00f6tt, sosem emelte fel a hangj\u00e1t \u2013 a maga szel\u00edd m\u00f3dj\u00e1n volt vil\u00e1gos, hat\u00e1rozott \u00e9s k\u00f6r\u00fcltekint\u0151, \u00e9s ennyit v\u00e1rt el m\u00e1sokt\u00f3l is. Rendre \u0151 tartott k\u00f6z\u00f6tt\u00fcnk legmesszebb a tananyagban, m\u00e9gis mindig tal\u00e1lt id\u0151t arra, hogy besz\u00e9lgessen a tan\u00edtv\u00e1nyaival.\u00a0 2010 \u0151sz\u00e9n j\u00e1rtam vele oszt\u00e1lykir\u00e1ndul\u00e1son, Pr\u00e1g\u00e1ban. J\u00f3 \u00e9rz\u00e9s volt tapasztalni, hogyan terelgeti tizenkettedikes oszt\u00e1ly\u00e1t a sz\u00e1ztorny\u00fa v\u00e1rosban: senki semmilyen k\u00e9nyszert nem \u00e9rezhetett, de mindig ott volt vel\u00fck, a gyerekek szabadok voltak, m\u00e9gis \u00e1lland\u00f3an sz\u00e1m\u00edthattak r\u00e1. Nem eml\u00e9kszem olyanra, hogy b\u00e1rkit \u2013 tan\u00e1rt, tan\u00edtv\u00e1nyt \u2013 megb\u00e1ntott volna, sz\u00e1nd\u00e9kosan biztosan nem, de szerintem \u00f6nk\u00e9ntelen\u00fcl sem. Ugyanakkor \u2013 \u00e9s ezt nagyon fontosnak \u00e9reztem \u2013 ki\u00e1llt azok\u00e9rt, akiket, ak\u00e1r tan\u00e1ri oldalr\u00f3l valami b\u00e1nt\u00e1s \u00e9rt; nem hagyta, hogy egyetlen di\u00e1kkal is igazs\u00e1gtalans\u00e1g t\u00f6rt\u00e9nj\u00e9k.<\/p>\r\n<p>\r\n\r\n<\/p>\r\n<p style=\"text-align: justify;\">\u00a0\u00a0\u00a0 \u00a0\u00a0\u00a0Ugyanez igaz a koll\u00e9g\u00e1kra is; minden tan\u00e1r tudja, hogy a t\u00f6ritan\u00e1ri egy kellemes hely a Faz\u00e9kban, \u00e9s nem utols\u00f3sorban Zoli miatt lett \u00e9s maradt az. Hat \u00e9ven \u00e1t volt munkak\u00f6z\u00f6ss\u00e9g-vezet\u0151nk, amit ugyanazzal az szel\u00edd, ig\u00e9nyes hat\u00e1rozotts\u00e1ggal csin\u00e1lt, ahogy mindent. Az emailjei \u00edgy kezd\u0151dtek: \u201eKedves Koll\u00e9g\u00e1im\u2026\u201d \u2013 mert kedvesnek tartott benn\u00fcnket. Mindenr\u0151l egyeztetett vel\u00fcnk, ett\u0151l \u00e9rezhett\u00fck, hogy n\u00e1lunk demokr\u00e1cia van, egyenl\u0151k vagyunk, nyoma sincs k\u00e9nyszernek vagy hierarchi\u00e1nak, nincs rangsor, sem tekint\u00e9ly, csak k\u00f6z\u00f6s munka, egy\u00fcttm\u0171k\u00f6d\u00e9s, seg\u00edt\u00e9s.<\/p>\r\n<p>\r\n\r\n<\/p>\r\n<p style=\"text-align: justify;\">\u00a0\u00a0\u00a0\u00a0\u00a0 J\u00f6tt a covid. Tartott t\u0151le, egyszer-k\u00e9tszer el is mondta, hogy \u201ea v\u00e9g\u00e9n \u00e9n fogok belehalni\u2026\u201d Ezt persze komolytalannak gondoltuk. Egy\u00e1ltal\u00e1n: az utols\u00f3 id\u0151kben Zolin a keser\u0171s\u00e9g sok nyom\u00e1t v\u00e9ltem felfedezni, sokat morgott, der\u0171je el-elhagyta, m\u00e1r viccei sem t\u0171ntek \u00e1t\u00fct\u0151nek. Mondjuk, pontosan \u00e9rtettem: aggasztott\u00e1k az orsz\u00e1g \u00e9s a vil\u00e1g dolgai, az oktat\u00e1s ezer baja, az iskola \u00e9s v\u00e9g\u00fcl ez a sz\u00f6rny\u0171 j\u00e1rv\u00e1ny. Pedig szeretett \u00e9lni, s gyorsan hozz\u00e1teszem, hogy az utols\u00f3 h\u00f3napokban is vonz\u00f3dott az \u00e9let kellemes oldalaihoz \u2013 amelyek fogyatkozni l\u00e1tszottak. Hiszen ott volt k\u00e9t feln\u0151tt gyereke, Marci \u00e9s Panni \u2013 mindketten sz\u00e9pek, \u00e9rtelmesek, kedvesek \u2013, ott volt nevelt fia, Benedek, aki szint\u00e9n gyakran felt\u0171nt a t\u00f6ritan\u00e1riban, ha valamire sz\u00fcks\u00e9ge volt.<\/p>\r\n<p>\r\n\r\n<\/p>\r\n<p style=\"text-align: justify;\">\u00a0\u00a0\u00a0\u00a0\u00a0 M\u00e1rciusig azt hitt\u00fck, hogy mi meg\u00fasszuk, hogy a covid csak m\u00e1sokkal t\u00f6rt\u00e9nhet meg, megmarad r\u00e9m\u00edt\u0151 statisztikai adatnak, de benn\u00fcnket elker\u00fcl. Hihetetlen, rettenetes, hogy nem \u00edgy t\u00f6rt\u00e9nt, hogy ereje telj\u00e9ben fosztott meg egy ilyen tan\u00e1rt\u00f3l, egy ilyen koll\u00e9g\u00e1t\u00f3l, egy ilyen embert\u0151l.<\/p>\r\n<p>\r\n\r\n<\/p>\r\n<p style=\"text-align: right;\">Bihari P\u00e9ter<\/p>\r\n<div class=\"mceTemp\">\u00a0<\/div>\r\n<figure id=\"attachment_239\" aria-describedby=\"caption-attachment-239\" style=\"width: 800px\" class=\"wp-caption aligncenter\"><img loading=\"lazy\" decoding=\"async\" class=\"size-full wp-image-239\" src=\"https:\/\/tortenelem-uj.fazekas.hu\/wp-content\/uploads\/2021\/10\/ballagas_2016A.jpg\" alt=\"Ballag\u00e1s\" width=\"800\" height=\"614\" srcset=\"https:\/\/tortenelem.fazekas.hu\/wp-content\/uploads\/2021\/10\/ballagas_2016A.jpg 800w, https:\/\/tortenelem.fazekas.hu\/wp-content\/uploads\/2021\/10\/ballagas_2016A-300x230.jpg 300w, https:\/\/tortenelem.fazekas.hu\/wp-content\/uploads\/2021\/10\/ballagas_2016A-768x589.jpg 768w\" sizes=\"auto, (max-width: 800px) 100vw, 800px\" \/><figcaption id=\"caption-attachment-239\" class=\"wp-caption-text\">A 2016A oszt\u00e1ly ballag\u00e1sa<\/figcaption><\/figure>\r\n","protected":false},"excerpt":{"rendered":"<p>Zolival pontosan h\u00fasz \u00e9ven \u00e1t \u00fclt\u00fcnk egym\u00e1ssal szemben a III. emeleti t\u00f6rt\u00e9nelemtan\u00e1riban \u2013 ahov\u00e1 m\u00e1rcius \u00f3ta be se mertem tenni a l\u00e1bam \u2013, besz\u00e9lgett\u00fcnk, hallgattuk&#8230;<\/p>\n<div class=\"more-link-wrapper\"><a class=\"more-link\" href=\"https:\/\/tortenelem.fazekas.hu\/?page_id=84\">Continue reading<span class=\"screen-reader-text\">F. T\u00f3th Zolt\u00e1n eml\u00e9k\u00e9re<\/span><\/a><\/div>\n","protected":false},"author":1,"featured_media":0,"parent":82,"menu_order":1,"comment_status":"closed","ping_status":"closed","template":"","meta":{"ngg_post_thumbnail":0,"footnotes":""},"class_list":["post-84","page","type-page","status-publish","hentry","entry"],"_links":{"self":[{"href":"https:\/\/tortenelem.fazekas.hu\/index.php?rest_route=\/wp\/v2\/pages\/84","targetHints":{"allow":["GET"]}}],"collection":[{"href":"https:\/\/tortenelem.fazekas.hu\/index.php?rest_route=\/wp\/v2\/pages"}],"about":[{"href":"https:\/\/tortenelem.fazekas.hu\/index.php?rest_route=\/wp\/v2\/types\/page"}],"author":[{"embeddable":true,"href":"https:\/\/tortenelem.fazekas.hu\/index.php?rest_route=\/wp\/v2\/users\/1"}],"replies":[{"embeddable":true,"href":"https:\/\/tortenelem.fazekas.hu\/index.php?rest_route=%2Fwp%2Fv2%2Fcomments&post=84"}],"version-history":[{"count":21,"href":"https:\/\/tortenelem.fazekas.hu\/index.php?rest_route=\/wp\/v2\/pages\/84\/revisions"}],"predecessor-version":[{"id":991,"href":"https:\/\/tortenelem.fazekas.hu\/index.php?rest_route=\/wp\/v2\/pages\/84\/revisions\/991"}],"up":[{"embeddable":true,"href":"https:\/\/tortenelem.fazekas.hu\/index.php?rest_route=\/wp\/v2\/pages\/82"}],"wp:attachment":[{"href":"https:\/\/tortenelem.fazekas.hu\/index.php?rest_route=%2Fwp%2Fv2%2Fmedia&parent=84"}],"curies":[{"name":"wp","href":"https:\/\/api.w.org\/{rel}","templated":true}]}}