{"id":82,"date":"2021-10-21T14:44:12","date_gmt":"2021-10-21T14:44:12","guid":{"rendered":"https:\/\/tortenelem-uj.fazekas.hu\/?page_id=82"},"modified":"2024-06-18T17:26:22","modified_gmt":"2024-06-18T15:26:22","slug":"archivum","status":"publish","type":"page","link":"https:\/\/tortenelem.fazekas.hu\/?page_id=82","title":{"rendered":"Arch\u00edvum"},"content":{"rendered":"<p align=\"center\"><a href=\"http:\/\/tortenelem.fazekas.hu\/?page_id=883\"><font color=\"blue\">Arany Toll D\u00edj<\/font><\/a><\/p>\n<p align=\"center\"><a href=\"http:\/\/tortenelem.fazekas.hu\/?page_id=84\"><font color=\"blue\">F. T\u00f3th Zolt\u00e1n eml\u00e9k\u00e9re<\/font><\/a><\/p>\n<p align=\"center\"><a href=\"http:\/\/tortenelem.fazekas.hu\/?page_id=986\"><font color=\"blue\">Ujv\u00e1ri P\u00e1l eml\u00e9k\u00e9re<\/font><\/a><\/p>\n<p align=\"center\"><a href=\"http:\/\/tortenelem.fazekas.hu\/?page_id=100\"><font color=\"blue\">Gyapay G\u00e1bor eml\u00e9kterem<\/font><\/a><\/p>\n<p align=\"center\"><a href=\"http:\/\/tortenelem.fazekas.hu\/?page_id=104\"><font color=\"blue\">Fot\u00f3gal\u00e9ria<\/font><\/a><\/p>\n","protected":false},"excerpt":{"rendered":"<p>Arany Toll D\u00edj F. T\u00f3th Zolt\u00e1n eml\u00e9k\u00e9re Ujv\u00e1ri P\u00e1l eml\u00e9k\u00e9re Gyapay G\u00e1bor eml\u00e9kterem Fot\u00f3gal\u00e9ria<\/p>\n","protected":false},"author":1,"featured_media":0,"parent":0,"menu_order":6,"comment_status":"closed","ping_status":"closed","template":"","meta":{"ngg_post_thumbnail":0,"footnotes":""},"class_list":["post-82","page","type-page","status-publish","hentry","entry"],"_links":{"self":[{"href":"https:\/\/tortenelem.fazekas.hu\/index.php?rest_route=\/wp\/v2\/pages\/82","targetHints":{"allow":["GET"]}}],"collection":[{"href":"https:\/\/tortenelem.fazekas.hu\/index.php?rest_route=\/wp\/v2\/pages"}],"about":[{"href":"https:\/\/tortenelem.fazekas.hu\/index.php?rest_route=\/wp\/v2\/types\/page"}],"author":[{"embeddable":true,"href":"https:\/\/tortenelem.fazekas.hu\/index.php?rest_route=\/wp\/v2\/users\/1"}],"replies":[{"embeddable":true,"href":"https:\/\/tortenelem.fazekas.hu\/index.php?rest_route=%2Fwp%2Fv2%2Fcomments&post=82"}],"version-history":[{"count":6,"href":"https:\/\/tortenelem.fazekas.hu\/index.php?rest_route=\/wp\/v2\/pages\/82\/revisions"}],"predecessor-version":[{"id":989,"href":"https:\/\/tortenelem.fazekas.hu\/index.php?rest_route=\/wp\/v2\/pages\/82\/revisions\/989"}],"wp:attachment":[{"href":"https:\/\/tortenelem.fazekas.hu\/index.php?rest_route=%2Fwp%2Fv2%2Fmedia&parent=82"}],"curies":[{"name":"wp","href":"https:\/\/api.w.org\/{rel}","templated":true}]}}