{"id":80,"date":"2021-10-21T14:42:17","date_gmt":"2021-10-21T14:42:17","guid":{"rendered":"https:\/\/tortenelem-uj.fazekas.hu\/?page_id=80"},"modified":"2026-03-28T17:10:51","modified_gmt":"2026-03-28T15:10:51","slug":"publikacioink","status":"publish","type":"page","link":"https:\/\/tortenelem.fazekas.hu\/?page_id=80","title":{"rendered":"Publik\u00e1ci\u00f3ink"},"content":{"rendered":"<p style=\"text-align: justify;\">Az al\u00e1bbiakban n\u00e9h\u00e1ny n\u00e9pszer\u0171s\u00edt\u0151 \u00e9s szakirodalmi cikk r\u00e9v\u00e9n betekint\u00e9st ny\u00fajtunk munkak\u00f6z\u00f6ss\u00e9g\u00fcnk tagjainak tudom\u00e1nyos \u00e9rdekl\u0151d\u00e9s\u00e9be.<\/p>\n<p>&nbsp;<\/p>\n<hr \/>\n<p>&nbsp;<br \/>\n<a href=\"publications\/dupcsik_reparszky_tankonyvelemzes_elemzese_tortenelemtanitas_2025_245_259.pdf\"><font color=\"blue\"> Dupcsik Csaba\u2013Rep\u00e1rszky Ildik\u00f3: <i> Egy tank\u00f6nyvelemz\u00e9s elemz\u00e9se. <\/i><\/font><\/a><br \/>\nIn: T\u00f6rt\u00e9nelemtan\u00edt\u00e1s. Online t\u00f6rt\u00e9nelemdidaktikai foly\u00f3irat. 60. \u00e9vf. (\u00daj folyam 15.) (2025) 3\u20134. sz. 245\u2013259.<br \/>\n&nbsp;<\/p>\n<hr \/>\n<p>&nbsp;<br \/>\n<a href=\"publications\/szabo_az_uj_es_regi_tortenelemrol_multunk_2024_01szam_pp190_198.pdf\"><font color=\"blue\"> Szab\u00f3 M\u00e1rta M\u00e1ria: <i> Az \u00faj \u00e9s a r\u00e9gi t\u00f6rt\u00e9nelemr\u0151l. <\/i><\/font><\/a><br \/>\nIn: M\u00faltunk, 69. \u00e9vf. (2024) 1. sz. 190\u2013198.<br \/>\n&nbsp;<\/p>\n<hr \/>\n<p>&nbsp;<br \/>\n<a href=\"publications\/szabo_budapesti_helyszinelok_korszeru_tortenelemoktatas_2023.pdf\"><font color=\"blue\"> Szab\u00f3 M\u00e1rta M\u00e1ria: <i>\u201eBudapesti helysz\u00ednel\u0151k\u201d: a mystery m\u00f3dszer adapt\u00e1l\u00e1sa.<\/i><\/font><\/a><br \/>\nIn: Korszer\u0171 t\u00f6rt\u00e9nelemoktat\u00e1s \u2013 \u00faj utak \u00e9s megold\u00e1sok. Szerk. Kojanitz L\u00e1szl\u00f3. Szeged, 2023. 189\u2013199.<br \/>\n&nbsp;<\/p>\n<hr \/>\n<p>&nbsp;<br \/>\n<a href=\"publications\/MKL_2021-november_ReparszkyI-DupcsikCs_Tanari-szabadsag.pdf\"><font color=\"blue\">Rep\u00e1rszky Ildik\u00f3\u2013Dupcsik Csaba: <i>Tan\u00e1ri szabads\u00e1g, avagy \u201ecsak magamra csukom a tanterem ajtaj\u00e1t\u201d? A k\u00f6z\u00e9piskolai t\u00f6rt\u00e9nelemtan\u00edt\u00e1s mai k\u00e9nyszerei. <\/i><\/font><\/a><br \/>\nIn: Magyar k\u00e9mikusok Lapja, 76. (2021) 355\u2013356b.<br \/>\n&nbsp;<\/p>\n<hr \/>\n<p>&nbsp;<br \/>\n<a href=\"publications\/BihariP\u00e9ter_ea_TTE.Sors_.2021-1.pdf\"><font color=\"blue\">Bihari P\u00e9ter: <i>A 20. sz\u00e1zad k\u00e9t vil\u00e1gh\u00e1bor\u00faj\u00e1nak f\u0151 k\u00f6vetkezm\u00e9nyei. <\/i><\/font><\/a><br \/>\nA T\u00f6rt\u00e9nelemtan\u00e1rok 31. Orsz\u00e1gos Konferenci\u00e1j\u00e1n (2021. okt. 2.) elhangzott el\u0151ad\u00e1s \u00edr\u00e1sos v\u00e1ltozata.<br \/>\n&nbsp;<\/p>\n<hr \/>\n<p>&nbsp;<br \/>\n<a href=\"https:\/\/digitalia.lib.pte.hu\/hu\/pub\/f-dardai-kaposi-katona-a-tort-tanitas-a-torttanitasert-mtt-bp-2020-5070\"><font color=\"blue\">Szab\u00f3 M\u00e1rta: <i>Mire j\u00f3 a tank\u00f6nyv? <\/i><\/font><\/a><br \/>\n In: A T\u00f6rt\u00e9nelemt@n\u00edt\u00e1s a t\u00f6rt\u00e9nelemtan\u00edt\u00e1s\u00e9rt. V\u00e1logat\u00e1s a T\u00f6rt\u00e9nelemtan\u00edt\u00e1s online foly\u00f3irat \u00edr\u00e1saib\u00f3l 2010-2020. Szerk. Fischern\u00e9 D\u00e1rdai \u00c1gnes ; Kaposi J\u00f3zsef; Katona Andr\u00e1s. Bp., 2020. 386\u2013400.<br \/>\n&nbsp;<\/p>\n<hr \/>\n<p>&nbsp;<br \/>\n<a href=\"publications\/Fons_2019_3_Keglevich_FPSZ.pdf\"><font color=\"blue\">Keglevich Krist\u00f3f: <i>A F\u0151v\u00e1rosi Pedag\u00f3giai Szemin\u00e1rium m\u0171k\u00f6d\u00e9se Ozorai Frigyes igazgat\u00f3 idej\u00e9n (1918\u20131934). <\/i><\/font><\/a><br \/>\nIn: Fons, 26. (2019) 3. sz. 39\u201368.<br \/>\n&nbsp;<\/p>\n<hr \/>\n<p>&nbsp;<br \/>\n<a href=\"publications\/bihari_peter_BBCHistory_2015_30_33.pdf\"><font color=\"blue\">Bihari P\u00e9ter: <i>A tiszta \u00e1rja faj.<\/i><\/font><\/a><br \/>\n<a href=\"publications\/bihari_peter_BBCHistory_2015_96_99.pdf\"><font color=\"blue\">Bihari P\u00e9ter: <i>A birodalmi Krist\u00e1ly\u00e9jszaka. <\/i><\/font><\/a><br \/>\n<a href=\"publications\/bihari_peter_BBCHistory_2015_122_126.pdf\"><font color=\"blue\">Bihari P\u00e9ter: <i>Ellen\u00e1ll\u00f3 n\u00e9metek. <\/i><\/font><\/a><br \/>\n<a href=\"publications\/bihari_peter_BBCHistory_2015_132_137.pdf\"><font color=\"blue\">Bihari P\u00e9ter: <i>A \u201ev\u00e9gs\u0151 megold\u00e1s\u201d. <\/i><\/font><\/a><br \/>\nIn: A Harmadik Birodalom. A BBC History k\u00fcl\u00f6nsz\u00e1ma. Szerk. Papp G\u00e1bor. Bp., 2015. 30\u201333., 96\u201399., 122\u2013126., 132\u2013137.<br \/>\n&nbsp;<\/p>\n<hr \/>\n<p>&nbsp;<br \/>\n&nbsp;<br \/>\n<a href=\"publications\/keglevich_ciszterci_pecsethasznalat_turul_2012_4_pp121_146.pdf\"><font color=\"blue\">Keglevich Krist\u00f3f: <i>Ciszterci pecs\u00e9thaszn\u00e1lat a k\u00f6z\u00e9pkori Magyarorsz\u00e1gon. <\/i><\/font><\/a><br \/>\nIn: Turul, 85. (2012) 4. sz. 121\u2013146.<br \/>\n&nbsp;<\/p>\n<hr \/>\n<p>&nbsp;<br \/>\n<a href=\"publications\/FTZ_firenze_toscana_tortenete.doc\"><font color=\"blue\">F. T\u00f3th Zolt\u00e1n: <i>Toscana \u00e9s Firenze t\u00f6rt\u00e9nelme r\u00f6viden <\/i>(2009) <\/font><\/a><br \/>\n&nbsp;<\/p>\n<hr \/>\n<p>&nbsp;<br \/>\n<a href=\"publications\/FTZ_idezet_szalloige_bolcsesseg.doc\"><font color=\"blue\">F. T\u00f3th Zolt\u00e1n: <i>Sz\u00e1ll\u00f3ig\u00e9k, mond\u00e1sok, kifejez\u00e9sek, b\u00f6lcsess\u00e9gek <\/i>(2009) <\/font><\/a><br \/>\nSz\u00e1mos latin, n\u00e9met, angol stb. sz\u00e1ll\u00f3ige gy\u0171jtem\u00e9nye: ford\u00edt\u00e1s, magyar\u00e1zat megsz\u00fclet\u00e9s\u00fck t\u00f6rt\u00e9neti kontextus\u00e1nak r\u00f6vid bemutat\u00e1s\u00e1val.<br \/>\n&nbsp;<\/p>\n<hr \/>\n<p>&nbsp;<br \/>\n<a href=\"publications\/RM_sztereotipiak_tortenelemtanitas_forradalom_forradalmar.doc\"><font color=\"blue\">Runda Margit: <i>Sztereot\u00edpi\u00e1k a t\u00f6rt\u00e9nelem tan\u00edt\u00e1s\u00e1ban \u2013 forradalmak \u00e9s forradalm\u00e1rok<\/i> (2009) <\/font><\/a><\/p>\n","protected":false},"excerpt":{"rendered":"<p>Az al\u00e1bbiakban n\u00e9h\u00e1ny n\u00e9pszer\u0171s\u00edt\u0151 \u00e9s szakirodalmi cikk r\u00e9v\u00e9n betekint\u00e9st ny\u00fajtunk munkak\u00f6z\u00f6ss\u00e9g\u00fcnk tagjainak tudom\u00e1nyos \u00e9rdekl\u0151d\u00e9s\u00e9be. &nbsp; &nbsp; Dupcsik Csaba\u2013Rep\u00e1rszky Ildik\u00f3: Egy tank\u00f6nyvelemz\u00e9s elemz\u00e9se. In: T\u00f6rt\u00e9nelemtan\u00edt\u00e1s. Online&#8230;<\/p>\n<div class=\"more-link-wrapper\"><a class=\"more-link\" href=\"https:\/\/tortenelem.fazekas.hu\/?page_id=80\">Continue reading<span class=\"screen-reader-text\">Publik\u00e1ci\u00f3ink<\/span><\/a><\/div>\n","protected":false},"author":1,"featured_media":0,"parent":0,"menu_order":5,"comment_status":"closed","ping_status":"closed","template":"","meta":{"ngg_post_thumbnail":0,"footnotes":""},"class_list":["post-80","page","type-page","status-publish","hentry","entry"],"_links":{"self":[{"href":"https:\/\/tortenelem.fazekas.hu\/index.php?rest_route=\/wp\/v2\/pages\/80","targetHints":{"allow":["GET"]}}],"collection":[{"href":"https:\/\/tortenelem.fazekas.hu\/index.php?rest_route=\/wp\/v2\/pages"}],"about":[{"href":"https:\/\/tortenelem.fazekas.hu\/index.php?rest_route=\/wp\/v2\/types\/page"}],"author":[{"embeddable":true,"href":"https:\/\/tortenelem.fazekas.hu\/index.php?rest_route=\/wp\/v2\/users\/1"}],"replies":[{"embeddable":true,"href":"https:\/\/tortenelem.fazekas.hu\/index.php?rest_route=%2Fwp%2Fv2%2Fcomments&post=80"}],"version-history":[{"count":19,"href":"https:\/\/tortenelem.fazekas.hu\/index.php?rest_route=\/wp\/v2\/pages\/80\/revisions"}],"predecessor-version":[{"id":1457,"href":"https:\/\/tortenelem.fazekas.hu\/index.php?rest_route=\/wp\/v2\/pages\/80\/revisions\/1457"}],"wp:attachment":[{"href":"https:\/\/tortenelem.fazekas.hu\/index.php?rest_route=%2Fwp%2Fv2%2Fmedia&parent=80"}],"curies":[{"name":"wp","href":"https:\/\/api.w.org\/{rel}","templated":true}]}}