{"id":788,"date":"2022-10-16T20:04:52","date_gmt":"2022-10-16T18:04:52","guid":{"rendered":"https:\/\/tortenelem.fazekas.hu\/?page_id=788"},"modified":"2025-06-14T10:14:51","modified_gmt":"2025-06-14T08:14:51","slug":"visszapillanto-iskolatorteneti-erdekessegek","status":"publish","type":"page","link":"https:\/\/tortenelem.fazekas.hu\/?page_id=788","title":{"rendered":"Visszapillant\u00f3 (iskolat\u00f6rt\u00e9neti adal\u00e9kok)"},"content":{"rendered":"<p><a href=\" visszapillanto\/toth_laszlo_fazekas_rovid_tortenete_2005_evkonyvben.pdf\"><b><font color=\"blue\">Az iskola t\u00f6rt\u00e9nete r\u00f6viden<\/b> <i>(2005)<\/i><\/font><\/a><br \/>\n&nbsp;<\/p>\n<hr \/>\n<p>&nbsp;<br \/>\n<a href=\" visszapillanto\/1983C_fazekas_evkonyv_2025_p07_18.pdf\"><b><font color=\"blue\">Volt egyszer egy 1983C<\/b> <i>(2025)<\/i><\/font><\/a><br \/>\n&nbsp;<\/p>\n<hr \/>\n<p>&nbsp;<br \/>\n<a href=\" visszapillanto\/valas_peter_ifjusagom_a_fazekasban_2024.pdf\"><b><font color=\"blue\">Ifj\u00fas\u00e1gom a Fazekasban 1973\u20131985<\/b> <i>(2024)<\/i><\/font><\/a><br \/>\n&nbsp;<\/p>\n<hr \/>\n<p>&nbsp;<br \/>\n<a href=\" visszapillanto\/pinter_marton_10eves_fazekas+fesztival_2024.pdf\"><b><font color=\"blue\">A Fazekas+ Fesztiv\u00e1l t\u00f6rt\u00e9nete 10 \u00e9v t\u00e1vlat\u00e1b\u00f3l<\/b> <i>(2024)<\/i><\/font><\/a><br \/>\n&nbsp;<\/p>\n<hr \/>\n<p>&nbsp;<br \/>\n<a href=\" visszapillanto\/pinter_marton_ludas_ludavato_2023.pdf\"><b><font color=\"blue\">&#8222;Kocka- \u00e9s k\u00e9mcs\u0151fej\u0171 di\u00e1kok&#8221;. A L\u00fadavat\u00f3 t\u00f6rt\u00e9nete 1996-t\u00f3l 2006-ig<\/b> <i>(2023)<\/i><\/font><\/a><br \/>\n&nbsp;<\/p>\n<hr \/>\n<p>&nbsp;<br \/>\n<a href=\" visszapillanto\/toth_anna_bodza_1968B_2023.pdf\"><b><font color=\"blue\">Leporolt tabl\u00f3. A Fazekas 1968B<\/b> <i>(2023)<\/i><\/font><\/a><br \/>\n&nbsp;<\/p>\n<hr \/>\n<p>&nbsp;<br \/>\n<a href=\" visszapillanto\/110_eves_evfordulo_2022.pdf\"><b><font color=\"blue\">Az iskolapalota \u00e9p\u00fclete 110 \u00e9ve \/ Mikor voltak a covid el\u0151tt kitiltva a gyerekek az iskol\u00e1b\u00f3l? \/ K\u00e9t \u00e9p\u00fclet, legal\u00e1bb \u00f6t el\u0151d- \u00e9s rokonint\u00e9zm\u00e9ny<\/b> <i>(2022)<\/i><\/font><\/a><br \/>\n&nbsp;<\/p>\n<hr \/>\n<p>&nbsp;<br \/>\n<a href=\" visszapillanto\/sarodi_judit_SGy_SzK_2021.pdf\"><b><font color=\"blue\">\u201eNagyon hi\u00e1nyzik a Tan\u00e1r \u00far kedves szavai.\u201d Sarodi Gyula \u00e9s Gyul\u00e1n\u00e9 kapcsolata a Horv\u00e1th Mih\u00e1ly t\u00e9ri Gyakorl\u00f3 \u00d3vod\u00e1val, \u00c1ltal\u00e1nos Iskola \u00e9s Gimn\u00e1ziummal, valamint a F\u0151v\u00e1rosi Pedag\u00f3giai Szemin\u00e1riummal<\/b> <i>(2021)<\/i><\/font><\/a><br \/>\n&nbsp;<\/p>\n<hr \/>\n<p>&nbsp;<br \/>\n<a href=\"visszapillanto\/keglevich_stolmar_laszlo_2019.pdf\"><b><font color=\"blue\">Boldogtalan id\u0151k boldog \u00e9lete. Iskolat\u00f6rt\u00e9neti mozaikok Stolm\u00e1r L\u00e1szl\u00f3 igazgat\u00f3 (1935\u20131943) \u00e9let\u00e9n kereszt\u00fcl<\/b> <i>(2019)<\/i><\/font><\/a><br \/>\n&nbsp;<\/p>\n<hr \/>\n<p>&nbsp;<br \/>\n<a href=\"visszapillanto\/Tehets\u00e9gek egy\u00fctt - Fazekas 1. spec matek - Gy\u0151ri J\u00e1nos 2021.pdf\"><b><font color=\"blue\"> Tehets\u00e9gek egy\u00fctt. A Fazekas Mih\u00e1ly F\u0151v\u00e1rosi Gyakorl\u00f3 \u00c1ltal\u00e1nos Iskola \u00e9s Gimn\u00e1zium els\u0151 speci\u00e1lis matematika tagozatos gimn\u00e1ziumi oszt\u00e1lya tehets\u00e9gpedag\u00f3giai szempontokb\u00f3l<\/b> <i>(2021)<\/i><\/font><\/a><br \/>\n&nbsp;<\/p>\n<hr \/>\n<p>&nbsp;<br \/>\n<a href=\"visszapillanto\/hunyadi_zoltan_oldal_anna_1991.pdf\"><b><font color=\"blue\">Oldal Anna (Magyar pedag\u00f3gusok)<\/b> <i>(1991)<\/i><\/font><\/a><br \/>\n&nbsp;<\/p>\n<hr \/>\n<p>&nbsp;<br \/>\n<a href=\"visszapillanto\/multidezo_FPI_evfordulos_kiadvany_2002.pdf\"><b><font color=\"blue\">M\u00faltid\u00e9z\u0151. A F\u0151v\u00e1rosi Pedag\u00f3giai Int\u00e9zet \u00e9vfordul\u00f3s kiadv\u00e1nya. A kilenc \u00e9vtized t\u00f6rt\u00e9net\u00e9t bemutat\u00f3 \u00edr\u00e1sok, szemelv\u00e9nyek<\/b> <i>(2002)<\/i><\/font><\/a><br \/>\n&nbsp;<\/p>\n<hr \/>\n<p>&nbsp;<br \/>\n<a href=\"visszapillanto\/sule_lorincz_FPI_budapesti_nevelo_1971.pdf\"><b><font color=\"blue\">A F\u0151v\u00e1rosi Pedag\u00f3giai Int\u00e9zet. T\u00f6rt\u00e9neti \u00e1ttekint\u00e9s a f\u0151v\u00e1rosi pedag\u00f3gusok tov\u00e1bbk\u00e9pz\u00e9s\u00e9r\u0151l \u00e9s az Int\u00e9zet munk\u00e1j\u00e1r\u00f3l<\/b> <i>(1971)<\/i><\/font><\/a><br \/>\n&nbsp;<\/p>\n<hr \/>\n<p>&nbsp;<br \/>\n<a href=\"visszapillanto\/fazekas_evkonyv_1961_1962.pdf\"><b><font color=\"blue\">A F\u0151v\u00e1rosi Pedag\u00f3giai Szemin\u00e1rium Fazekas Mih\u00e1ly Gyakorl\u00f3 Gimn\u00e1zium\u00e1nak \u00e9vk\u00f6nyve az 1961\u201362. iskolai \u00e9vr\u0151l<\/font><\/b><\/a><br \/>\n&nbsp;<\/p>\n<hr \/>\n<p>&nbsp;<br \/>\n<a href=\"visszapillanto\/fazekas_evkonyv_1960_1961.pdf\"><b><font color=\"blue\">A F\u0151v\u00e1rosi Pedag\u00f3giai Szemin\u00e1rium Fazekas Mih\u00e1ly Gyakorl\u00f3 Gimn\u00e1zium\u00e1nak \u00e9vk\u00f6nyve az 1960\/61. iskolai \u00e9vr\u0151l<\/font><\/b><\/a><br \/>\n&nbsp;<\/p>\n<hr \/>\n<p>&nbsp;<br \/>\n<a href=\"visszapillanto\/fazekas_evkonyv_1948_1949.pdf\"><b><font color=\"blue\">A VIII. ker. \u00e1llami Fazekas Mih\u00e1ly Gimn\u00e1zium\u00e1nak \u00e9vk\u00f6nyve az 1948\u201349[.] iskolai \u00e9vr\u0151l<\/font><\/b><\/a><br \/>\n&nbsp;<\/p>\n<hr \/>\n<p>&nbsp;<br \/>\n<a href=\"publications\/Fons_2019_3_Keglevich_FPSZ.pdf\"><font color=\"blue\"><b>A F\u0151v\u00e1rosi Pedag\u00f3giai Szemin\u00e1rium m\u0171k\u00f6d\u00e9se Ozorai Frigyes igazgat\u00f3 idej\u00e9n (1918\u20131934)<\/b> <i>(2019)<\/i><\/font><\/a><\/p>\n","protected":false},"excerpt":{"rendered":"<p>Az iskola t\u00f6rt\u00e9nete r\u00f6viden (2005) &nbsp; &nbsp; Volt egyszer egy 1983C (2025) &nbsp; &nbsp; Ifj\u00fas\u00e1gom a Fazekasban 1973\u20131985 (2024) &nbsp; &nbsp; A Fazekas+ Fesztiv\u00e1l t\u00f6rt\u00e9nete&#8230;<\/p>\n<div class=\"more-link-wrapper\"><a class=\"more-link\" href=\"https:\/\/tortenelem.fazekas.hu\/?page_id=788\">Continue reading<span class=\"screen-reader-text\">Visszapillant\u00f3 (iskolat\u00f6rt\u00e9neti adal\u00e9kok)<\/span><\/a><\/div>\n","protected":false},"author":1,"featured_media":0,"parent":785,"menu_order":1,"comment_status":"closed","ping_status":"closed","template":"","meta":{"ngg_post_thumbnail":0,"footnotes":""},"class_list":["post-788","page","type-page","status-publish","hentry","entry"],"_links":{"self":[{"href":"https:\/\/tortenelem.fazekas.hu\/index.php?rest_route=\/wp\/v2\/pages\/788","targetHints":{"allow":["GET"]}}],"collection":[{"href":"https:\/\/tortenelem.fazekas.hu\/index.php?rest_route=\/wp\/v2\/pages"}],"about":[{"href":"https:\/\/tortenelem.fazekas.hu\/index.php?rest_route=\/wp\/v2\/types\/page"}],"author":[{"embeddable":true,"href":"https:\/\/tortenelem.fazekas.hu\/index.php?rest_route=\/wp\/v2\/users\/1"}],"replies":[{"embeddable":true,"href":"https:\/\/tortenelem.fazekas.hu\/index.php?rest_route=%2Fwp%2Fv2%2Fcomments&post=788"}],"version-history":[{"count":17,"href":"https:\/\/tortenelem.fazekas.hu\/index.php?rest_route=\/wp\/v2\/pages\/788\/revisions"}],"predecessor-version":[{"id":1249,"href":"https:\/\/tortenelem.fazekas.hu\/index.php?rest_route=\/wp\/v2\/pages\/788\/revisions\/1249"}],"up":[{"embeddable":true,"href":"https:\/\/tortenelem.fazekas.hu\/index.php?rest_route=\/wp\/v2\/pages\/785"}],"wp:attachment":[{"href":"https:\/\/tortenelem.fazekas.hu\/index.php?rest_route=%2Fwp%2Fv2%2Fmedia&parent=788"}],"curies":[{"name":"wp","href":"https:\/\/api.w.org\/{rel}","templated":true}]}}