{"id":785,"date":"2022-10-16T20:03:31","date_gmt":"2022-10-16T18:03:31","guid":{"rendered":"https:\/\/tortenelem.fazekas.hu\/?page_id=785"},"modified":"2022-10-16T20:12:50","modified_gmt":"2022-10-16T18:12:50","slug":"iskolank-tortenetebol-2","status":"publish","type":"page","link":"https:\/\/tortenelem.fazekas.hu\/?page_id=785","title":{"rendered":"Iskol\u00e1nk t\u00f6rt\u00e9net\u00e9b\u0151l"},"content":{"rendered":"<p align=\"center\"><a href=\"http:\/\/tortenelem.fazekas.hu\/?page_id=788\"><font color=\"blue\">Visszapillant\u00f3 (iskolat\u00f6rt\u00e9neti \u00e9rdekess\u00e9gek)<\/font><\/a><\/p>\n<p align=\"center\"><a href=\"http:\/\/tortenelem.fazekas.hu\/?page_id=793\"><font color=\"blue\">\u00c9retts\u00e9gi tabl\u00f3k<\/font><\/a><\/p>\n<p align=\"center\"><a href=\"http:\/\/tortenelem.fazekas.hu\/?page_id=427\"><font color=\"blue\">110 \u00e9ves \u00e9vfordul\u00f3 (2021)<\/font><\/a><\/p>\n","protected":false},"excerpt":{"rendered":"<p>Visszapillant\u00f3 (iskolat\u00f6rt\u00e9neti \u00e9rdekess\u00e9gek) \u00c9retts\u00e9gi tabl\u00f3k 110 \u00e9ves \u00e9vfordul\u00f3 (2021)<\/p>\n","protected":false},"author":1,"featured_media":0,"parent":0,"menu_order":0,"comment_status":"closed","ping_status":"closed","template":"","meta":{"ngg_post_thumbnail":0,"footnotes":""},"class_list":["post-785","page","type-page","status-publish","hentry","entry"],"_links":{"self":[{"href":"https:\/\/tortenelem.fazekas.hu\/index.php?rest_route=\/wp\/v2\/pages\/785","targetHints":{"allow":["GET"]}}],"collection":[{"href":"https:\/\/tortenelem.fazekas.hu\/index.php?rest_route=\/wp\/v2\/pages"}],"about":[{"href":"https:\/\/tortenelem.fazekas.hu\/index.php?rest_route=\/wp\/v2\/types\/page"}],"author":[{"embeddable":true,"href":"https:\/\/tortenelem.fazekas.hu\/index.php?rest_route=\/wp\/v2\/users\/1"}],"replies":[{"embeddable":true,"href":"https:\/\/tortenelem.fazekas.hu\/index.php?rest_route=%2Fwp%2Fv2%2Fcomments&post=785"}],"version-history":[{"count":3,"href":"https:\/\/tortenelem.fazekas.hu\/index.php?rest_route=\/wp\/v2\/pages\/785\/revisions"}],"predecessor-version":[{"id":799,"href":"https:\/\/tortenelem.fazekas.hu\/index.php?rest_route=\/wp\/v2\/pages\/785\/revisions\/799"}],"wp:attachment":[{"href":"https:\/\/tortenelem.fazekas.hu\/index.php?rest_route=%2Fwp%2Fv2%2Fmedia&parent=785"}],"curies":[{"name":"wp","href":"https:\/\/api.w.org\/{rel}","templated":true}]}}