{"id":78,"date":"2021-10-21T14:42:06","date_gmt":"2021-10-21T14:42:06","guid":{"rendered":"https:\/\/tortenelem-uj.fazekas.hu\/?page_id=78"},"modified":"2025-04-28T21:11:30","modified_gmt":"2025-04-28T19:11:30","slug":"diakjaink-versenyeredmenyei","status":"publish","type":"page","link":"https:\/\/tortenelem.fazekas.hu\/?page_id=78","title":{"rendered":"Di\u00e1kjaink versenyeredm\u00e9nyei"},"content":{"rendered":"<p align=\"center\"><b>T\u00f6rt\u00e9nelem OKTV<\/b><\/p>\n<p><b>2022\/2023<\/b><br \/>\n12. B\u00f3di D\u00e1vid (11.d) <i>(felk\u00e9sz\u00edt\u0151 tan\u00e1r: Rep\u00e1rszky Ildik\u00f3)<\/i><br \/>\n<b>2020\/2021<\/b><br \/>\n30. M\u00e1ty\u00e1s-Agg D\u00e1vid (12.a) <i>(felk\u00e9sz\u00edt\u0151 tan\u00e1r: Keglevich Krist\u00f3f)<\/i><br \/>\n&nbsp;<br \/>\n&nbsp;<\/p>\n<hr \/>\n<p>&nbsp;<\/p>\n<p align=\"center\"><b>Orsz\u00e1gos Savaria T\u00f6rt\u00e9nelemverseny<\/b><\/p>\n<p><b>2024\/2025<\/b><br \/>\n6. Nasergodshi D\u00e1niel (9.a) <i>(felk\u00e9sz\u00edt\u0151 tan\u00e1r: Szab\u00f3 M\u00e1rta) <\/i><br \/>\n<b>2023\/2024<\/b><br \/>\nd\u00f6nt\u0151s Moln\u00e1r-Szab\u00f3 Benett (10.a) <i>(felk\u00e9sz\u00edt\u0151 tan\u00e1r: Rep\u00e1rszky Ildik\u00f3)<\/i><br \/>\n&nbsp;<br \/>\n&nbsp;<\/p>\n<hr \/>\n<p>&nbsp;<\/p>\n<p align=\"center\"><b>Kos\u00e1ry Domokos T\u00f6rt\u00e9nelemverseny<\/b><\/p>\n<p><b>2024\/2025<\/b><br \/>\n12. S\u00e1fr\u00e1ny Br\u00fan\u00f3 (9.a) <i>(felk\u00e9sz\u00edt\u0151 tan\u00e1r: Szab\u00f3 M\u00e1rta) <\/i><br \/>\n14. M\u00e9sz\u00e1ros Korn\u00e9l (9.b) <i>(felk\u00e9sz\u00edt\u0151 tan\u00e1r: Keglevich Krist\u00f3f) <\/i><br \/>\n&nbsp;<\/p>\n<p align=\"center\"><b>Horv\u00e1th Mih\u00e1ly K\u00f6z\u00e9piskolai T\u00f6rt\u00e9nelemverseny<\/b><\/p>\n<p>&nbsp;<br \/>\n<b>2024\/2025<\/b><br \/>\n&#8216;<span style=\"text-decoration: underline;\">N\u00e1dorok a k\u00f6z\u00e9pkori \u00e9s kora \u00fajkori Magyarorsz\u00e1gon<\/span>&#8216; t\u00e9mak\u00f6rben:<br \/>\n<b>1. Liang JinYun (11.b)<\/b> <i>(felk\u00e9sz\u00edt\u0151 tan\u00e1r: Foki Tam\u00e1s, Keglevich Krist\u00f3f) <\/i><br \/>\n6. Kov\u00e1cs Mil\u00e1n (9.b) <i>(felk\u00e9sz\u00edt\u0151 tan\u00e1r: Keglevich Krist\u00f3f) <\/i><br \/>\n8. M\u00e9sz\u00e1ros Korn\u00e9l (9.b) <i>(felk\u00e9sz\u00edt\u0151 tan\u00e1r: Keglevich Krist\u00f3f) <\/i><br \/>\n12. Nemesi Bence Mikl\u00f3s (9.b) <i>(felk\u00e9sz\u00edt\u0151 tan\u00e1r: Keglevich Krist\u00f3f) <\/i><br \/>\n14. Zempl\u00e9ni Levente (9.b) <i>(felk\u00e9sz\u00edt\u0151 tan\u00e1r: Keglevich Krist\u00f3f) <\/i><br \/>\n15. Kerekes M\u00e1rton (9.b) <i>(felk\u00e9sz\u00edt\u0151 tan\u00e1r: Keglevich Krist\u00f3f) <\/i><br \/>\n16. Kiss G\u00e9za (9.b) <i>(felk\u00e9sz\u00edt\u0151 tan\u00e1r: Keglevich Krist\u00f3f) <\/i><br \/>\n17. \u00c1brah\u00e1m R\u00e9ka Lora (9.b) <i>(felk\u00e9sz\u00edt\u0151 tan\u00e1r: Keglevich Krist\u00f3f) <\/i><br \/>\n&#8216;<span style=\"text-decoration: underline;\">Iskol\u00e1k, di\u00e1kok, tan\u00e1rok az els\u0151 vil\u00e1gh\u00e1bor\u00faban<\/span>&#8216; t\u00e9mak\u00f6rben<br \/>\n1. <b>Szurdi Iv\u00e1n (10.d)<\/b> <i>(felk\u00e9sz\u00edt\u0151 tan\u00e1r: Foki Tam\u00e1s, Tar-P\u00e1lfi Nikoletta) <\/i><br \/>\n2. Zubor J\u00f3n\u00e1s Jakab (10.d) <i>(felk\u00e9sz\u00edt\u0151 tan\u00e1r: Foki Tam\u00e1s, Tar-P\u00e1lfi Nikoletta) <\/i><br \/>\n4. Holbis D\u00e1vid (9.b) <i>(felk\u00e9sz\u00edt\u0151 tan\u00e1r: Keglevich Krist\u00f3f) <\/i><br \/>\n5. Wan Zhijie Viktor (11.b) <i>(felk\u00e9sz\u00edt\u0151 tan\u00e1r: Foki Tam\u00e1s, Keglevich Krist\u00f3f) <\/i><br \/>\n12. Ga\u00e1l Kolos Vajk (9.d) <i>(felk\u00e9sz\u00edt\u0151 tan\u00e1r: Tar-P\u00e1lfi Nikoletta) <\/i><br \/>\n13. Sink\u00f3 Lili 10.a <i>(felk\u00e9sz\u00edt\u0151 tan\u00e1r: Rep\u00e1rszky Ildik\u00f3) <\/i><br \/>\n15. Szetei-Sz\u0151ke Menyh\u00e9rt (9.a) <i>(felk\u00e9sz\u00edt\u0151 tan\u00e1r: Szab\u00f3 M\u00e1rta) <\/i><br \/>\n17. Breuer Benjamin (9.a) <i>(felk\u00e9sz\u00edt\u0151 tan\u00e1r: Szab\u00f3 M\u00e1rta) <\/i><br \/>\n18. Morovics Arlen (9.d) <i>(felk\u00e9sz\u00edt\u0151 tan\u00e1r: Tar-P\u00e1lfi Nikoletta) <\/i><br \/>\n<b>2023\/2024<\/b><br \/>\n<span style=\"text-decoration: underline;\">Az ath\u00e9ni demokr\u00e1cia \u00e9s int\u00e9zm\u00e9nyei Perikl\u00e9sz kor\u00e1ban<\/span><br \/>\n3. helyezett: Szak\u00e1cs N\u00f3ra (10.d) <i>(felk\u00e9sz\u00edt\u0151 tan\u00e1r: Olexa Gergely)<\/i><br \/>\n6. helyezett: Liang Jin Yun (10.b) <i>(felk\u00e9sz\u00edt\u0151 tan\u00e1r: Keglevich Krist\u00f3f)<\/i><br \/>\n11. helyezett: Wan Zhijie Viktor (10.b) <i>(felk\u00e9sz\u00edt\u0151 tan\u00e1r: Keglevich Krist\u00f3f)<\/i><br \/>\n13. helyezett: Krist\u00f3f T\u00edmea (10.d) <i>(felk\u00e9sz\u00edt\u0151 tan\u00e1r: Olexa Gergely)<\/i><br \/>\n<span style=\"text-decoration: underline;\">A t\u00f6rt\u00e9nelmi \u00e9s term\u00e9szeti katasztr\u00f3f\u00e1k demogr\u00e1fiai hat\u00e1sai a kora \u00fajkorban \u00e9s az \u00fajkorban<\/span><br \/>\n2. helyezett: M\u00e1th\u00e9 Gergely (11.c) <i>(felk\u00e9sz\u00edt\u0151 tan\u00e1r: Rep\u00e1rszky Ildik\u00f3)<\/i><br \/>\n4. helyezett: Szab\u00f3 Laura (11.a) <i>(felk\u00e9sz\u00edt\u0151 tan\u00e1r: Keglevich Krist\u00f3f)<\/i><br \/>\n6. helyezett: Bert\u00f3k-B\u00e1lint Tici\u00e1n (10.b) <i>(felk\u00e9sz\u00edt\u0151 tan\u00e1r: Keglevich Krist\u00f3f)<\/i><br \/>\n16. helyezett: Pongor \u00c1d\u00e1m (9.d) <i>(felk\u00e9sz\u00edt\u0151 tan\u00e1r: Tar-P\u00e1lfi Nikoletta)<\/i><br \/>\n<b>2022\/2023<\/b><br \/>\n<span style=\"text-decoration: underline;\">Propaganda Augustus \u00e9s a princip\u00e1tus kor\u00e1ban<\/span><br \/>\n3. P\u00e1tkai D\u00e1vid, 10.a <i>(felk\u00e9sz\u00edt\u0151 tan\u00e1r: Keglevich Krist\u00f3f)<\/i><br \/>\n5. Wan Zhijie Viktor, 9.b <i>(felk\u00e9sz\u00edt\u0151 tan\u00e1r: Keglevich Krist\u00f3f)<\/i><br \/>\n6. M\u00e1th\u00e9 Gergely, 10.c <i>(felk\u00e9sz\u00edt\u0151 tan\u00e1r: Rep\u00e1rszky Ildik\u00f3)<\/i><br \/>\n12. Z\u00f3lomy Csan\u00e1d, 9.b <i>(felk\u00e9sz\u00edt\u0151 tan\u00e1r: Keglevich Krist\u00f3f)<\/i><br \/>\n15. Homoki Lili, 9.d <i>(felk\u00e9sz\u00edt\u0151 tan\u00e1r: Olexa Gergely)<\/i><br \/>\n<span style=\"text-decoration: underline;\">Szabadid\u0151 \u00e9s sz\u00f3rakoz\u00e1s a dualizmus kor\u00e1ban Magyarorsz\u00e1gon<\/span><br \/>\n1. Stelcz Anna R\u00e9ka, 9.b <i>(felk\u00e9sz\u00edt\u0151 tan\u00e1r: Keglevich Krist\u00f3f)<\/i><br \/>\n3. S\u00e1ndor Zs\u00f3fia Fl\u00f3ra, 11.a <i>(felk\u00e9sz\u00edt\u0151 tan\u00e1r: Bihari P\u00e9ter, Foki Tam\u00e1s, Szab\u00f3 M\u00e1rta) <\/i><br \/>\n7. F\u00fcl\u00f6p Ad\u00e9l Borb\u00e1la, 11.a <i>(felk\u00e9sz\u00edt\u0151 tan\u00e1r: Bihari P\u00e9ter, Foki Tam\u00e1s, Szab\u00f3 M\u00e1rta) <\/i><br \/>\n9. Czerovszki Lilian, 10.b <i>(felk\u00e9sz\u00edt\u0151 tan\u00e1r: Olexa Gergely)<\/i><br \/>\n10. Szab\u00f3 Laura, 10.a <i>(felk\u00e9sz\u00edt\u0151 tan\u00e1r: Keglevich Krist\u00f3f)<\/i><br \/>\n12. Tur\u00e1nyi M\u00e1ty\u00e1s, 9.d <i>(felk\u00e9sz\u00edt\u0151 tan\u00e1r: Olexa Gergely)<\/i><br \/>\n14. Krist\u00f3f T\u00edmea, 9.d <i>(felk\u00e9sz\u00edt\u0151 tan\u00e1r: Olexa Gergely)<\/i><br \/>\n17. Kun Zolt\u00e1n Zebulon, 10.b <i>(felk\u00e9sz\u00edt\u0151 tan\u00e1r: Olexa Gergely)<\/i><br \/>\n<b>2021\/2022<\/b><br \/>\n<span style=\"text-decoration: underline;\">Eg\u00e9szs\u00e9g \u00e9s higi\u00e9nia a kora \u00fajkorban<\/span><br \/>\n2. Hegyes Zs\u00f3fia, 11.d <i>(felk\u00e9sz\u00edt\u0151 tan\u00e1r: Szab\u00f3 M\u00e1rta)<\/i><br \/>\n3. S\u00e1ndor Zs\u00f3fia Fl\u00f3ra, 10.a <i>(felk\u00e9sz\u00edt\u0151 tan\u00e1r: Bihari P\u00e9ter)<\/i><br \/>\n9. Urspringer Mira, 10.d <i>(felk\u00e9sz\u00edt\u0151 tan\u00e1r: Rep\u00e1rszky Ildik\u00f3)<\/i><br \/>\n11. Sz\u00f6ll\u0151ssy Fanny, 9.b <i>(felk\u00e9sz\u00edt\u0151 tan\u00e1r: Olexa Gergely)<\/i><br \/>\n<span style=\"text-decoration: underline;\">Az Amerikai Egyes\u00fclt \u00c1llamok nagyhatalomm\u00e1 v\u00e1l\u00e1sa<\/span><br \/>\n1. B\u00f3di D\u00e1vid, 10.d <i>(felk\u00e9sz\u00edt\u0151 tan\u00e1r: Rep\u00e1rszky Ildik\u00f3)<\/i><br \/>\n2. Hajdu M\u00e1rton, 10.a <i>(felk\u00e9sz\u00edt\u0151 tan\u00e1r: Bihari P\u00e9ter)<\/i><br \/>\n5. Cs\u00e1sz\u00e1r M\u00e1rk, 10.d <i>(felk\u00e9sz\u00edt\u0151 tan\u00e1r: Rep\u00e1rszky Ildik\u00f3)<\/i><br \/>\n8. Aklan Larion, 10.a <i>(felk\u00e9sz\u00edt\u0151 tan\u00e1r: Bihari P\u00e9ter)<\/i><br \/>\n13. Patik Zsombor, 10.a <i>(felk\u00e9sz\u00edt\u0151 tan\u00e1r: Bihari P\u00e9ter)<\/i><br \/>\n14. Cs\u00f3ka Lor\u00e1nd Kartal, 9.a <i>(felk\u00e9sz\u00edt\u0151 tan\u00e1r: Keglevich Krist\u00f3f)<\/i><br \/>\n17. Kiss Beke, 9.a <i>(felk\u00e9sz\u00edt\u0151 tan\u00e1r: Keglevich Krist\u00f3f)<\/i><br \/>\n18. P\u00e1tkai D\u00e1vid, 9.a <i>(felk\u00e9sz\u00edt\u0151 tan\u00e1r: Keglevich Krist\u00f3f)<\/i><br \/>\n<b>2020\/2021<\/b><br \/>\n<span style=\"text-decoration: underline;\">1848\/49-es forradalom \u00e9s szabads\u00e1gharc<\/span><br \/>\n1. T\u00f3th Levente, 11.a <i>(felk\u00e9sz\u00edt\u0151 tan\u00e1r: F. T\u00f3th Zolt\u00e1n) <\/i><br \/>\n8. Bogn\u00e1r Barnab\u00e1s, 11.a <i>(felk\u00e9sz\u00edt\u0151 tan\u00e1r: F. T\u00f3th Zolt\u00e1n) <\/i><br \/>\n9. Cs\u00e1sz\u00e1r M\u00e1rk, 9.d <i>(felk\u00e9sz\u00edt\u0151 tan\u00e1r: Rep\u00e1rszky Ildik\u00f3) <\/i><br \/>\n10. Grosser D\u00e1niel, 9.b <i>(felk\u00e9sz\u00edt\u0151 tan\u00e1r: Szab\u00f3 M\u00e1rta) <\/i><br \/>\n<span style=\"text-decoration: underline;\">J\u00e1rv\u00e1nyok az \u00f3korban \u00e9s k\u00f6z\u00e9pkorban<\/span><br \/>\n1. B\u00f3di D\u00e1vid, 9.d <i>(felk\u00e9sz\u00edt\u0151 tan\u00e1r: Rep\u00e1rszky Ildik\u00f3) <\/i><br \/>\n3. Hajdu M\u00e1rton, 9.a <i>(felk\u00e9sz\u00edt\u0151 tan\u00e1r: F. T\u00f3th Zolt\u00e1n) <\/i><br \/>\n5.M\u00e1rtha Mih\u00e1ly, 9.a <i>(felk\u00e9sz\u00edt\u0151 tan\u00e1r: F. T\u00f3th Zolt\u00e1n) <\/i><br \/>\n9. S\u00e1ndor Zs\u00f3fia Fl\u00f3ra, 9.a <i>(felk\u00e9sz\u00edt\u0151 tan\u00e1r: F. T\u00f3th Zolt\u00e1n) <\/i><br \/>\n<b>2018\/2019<\/b><br \/>\n<span style=\"text-decoration: underline;\">\u00c1rp\u00e1d-h\u00e1z<\/span><br \/>\n2. S\u00e1ndor Anna Viola, 10.b <i>(felk\u00e9sz\u00edt\u0151 tan\u00e1r: F. T\u00f3th Zolt\u00e1n) <\/i><br \/>\n6. P\u00e1link\u00e1s Panna, 10.a <i>(felk\u00e9sz\u00edt\u0151 tan\u00e1r: Keglevich Krist\u00f3f) <\/i><br \/>\n7. Iv\u00e1nyi D\u00f3ra Lili, 10.a <i>(felk\u00e9sz\u00edt\u0151 tan\u00e1r: Keglevich Krist\u00f3f) <\/i><br \/>\n12. Kocsis Evangelina, 9.a <i>(felk\u00e9sz\u00edt\u0151 tan\u00e1r: F. T\u00f3th Zolt\u00e1n) <\/i><br \/>\n<span style=\"text-decoration: underline;\">Az iszl\u00e1m vall\u00e1s<\/span><br \/>\n2. Divinszki Ferenc, 9.a <i>(felk\u00e9sz\u00edt\u0151 tan\u00e1r: F. T\u00f3th Zolt\u00e1n) <\/i><br \/>\n12. Kakas Hanna Fl\u00f3ra, 10.a <i>(felk\u00e9sz\u00edt\u0151 tan\u00e1r: Keglevich Krist\u00f3f) <\/i><br \/>\n<b>2017\/2018<\/b><br \/>\n1. Kir\u00e1ly Dorottya 10.a <i>(felk\u00e9sz\u00edt\u0151 tan\u00e1r: F. T\u00f3th Zolt\u00e1n) <\/i><br \/>\n4. Laki Zolt\u00e1n, 10.a <i>(felk\u00e9sz\u00edt\u0151 tan\u00e1r: F. T\u00f3th Zolt\u00e1n) <\/i><br \/>\n5. Bat\u00f3 D\u00e1vid, 10.a <i>(felk\u00e9sz\u00edt\u0151 tan\u00e1r: F. T\u00f3th Zolt\u00e1n) <\/i><br \/>\n7. Rajkai L\u00e1szl\u00f3, 10.a <i>(felk\u00e9sz\u00edt\u0151 tan\u00e1r: F. T\u00f3th Zolt\u00e1n) <\/i><br \/>\n8. Szmodits Luca, 10.a <i>(felk\u00e9sz\u00edt\u0151 tan\u00e1r: F. T\u00f3th Zolt\u00e1n) <\/i><br \/>\n11. Iv\u00e1nyi D\u00f3ra Lili, 9.a <i>(felk\u00e9sz\u00edt\u0151 tan\u00e1r: F. T\u00f3th Zolt\u00e1n) <\/i><br \/>\n11. Presits Petra, 9.a <i>(felk\u00e9sz\u00edt\u0151 tan\u00e1r: F. T\u00f3th Zolt\u00e1n) <\/i><br \/>\n&nbsp;<br \/>\n&nbsp;<\/p>\n<hr \/>\n<p>&nbsp;<\/p>\n<p align=\"center\"><b>Horv\u00e1th Mih\u00e1ly Tehets\u00e9ggondoz\u00f3 \u00e9s M\u00fazeumbar\u00e1t T\u00f6rt\u00e9nelemverseny<\/b><\/p>\n<p><b>2022\/2023<\/b><br \/>\n<span style=\"text-decoration: underline;\">Lovagkir\u00e1lyok (I. kateg\u00f3ria)<\/span><br \/>\n4. Gere Katinka, 6.a <i>(felk\u00e9sz\u00edt\u0151 tan\u00e1r: Toll\u00e1r Patrik)<\/i><br \/>\n10. Pauk Ign\u00e1c, 5.a <i>(felk\u00e9sz\u00edt\u0151 tan\u00e1r: Toll\u00e1r Patrik)<\/i><br \/>\n12. Zongor-Finta D\u00e1vid, 5.b [legjobb el\u0151ad\u00e1s k\u00fcl\u00f6nd\u00edj] <i>(felk\u00e9sz\u00edt\u0151 tan\u00e1r: Toll\u00e1r Patrik)<\/i><br \/>\n15. Tesl\u00e1r Simon, 5.b <i>(felk\u00e9sz\u00edt\u0151 tan\u00e1r: Toll\u00e1r Patrik)<\/i><br \/>\n<span style=\"text-decoration: underline;\">I. vil\u00e1gh\u00e1bor\u00fa (II. kateg\u00f3ria)<\/span><br \/>\n7. Oszl\u00e1nyi D\u00e1niel, 7.a <i>(felk\u00e9sz\u00edt\u0151 tan\u00e1r: Toll\u00e1r Patrik)<\/i><br \/>\n17. Szurdi Iv\u00e1n, 8.b <i>(felk\u00e9sz\u00edt\u0151 tan\u00e1r: Tar-P\u00e1lfi Nikolett)<\/i><br \/>\n<b>2021\/2022<\/b><br \/>\n<span style=\"text-decoration: underline;\">Az aranybulla kora (I. kateg\u00f3ria)<\/span><br \/>\n2. T\u00f3th \u00c1d\u00e1m Barnab\u00e1s, 5.b <i>(felk\u00e9sz\u00edt\u0151 tan\u00e1r: Toll\u00e1r Patrik)<\/i><br \/>\n11. Zupk\u00f3 Alfr\u00e9d Hug\u00f3, 5.b <i>(felk\u00e9sz\u00edt\u0151 tan\u00e1r: Toll\u00e1r Patrik)<\/i><br \/>\n<b>2019\/2020<\/b><br \/>\n<span style=\"text-decoration: underline;\">I\/a kateg\u00f3ria<\/span><br \/>\n3. T\u00f3th-Maros \u00c1d\u00e1m, 6.a <i>(felk\u00e9sz\u00edt\u0151 tan\u00e1r: \u00c1d\u00e1mn\u00e9 Laczk\u00f3 Melinda) <\/i><br \/>\n<span style=\"text-decoration: underline;\">I\/c kateg\u00f3ria<\/span><br \/>\n2. Szepessy M\u00e1t\u00e9, 6.b <i>(felk\u00e9sz\u00edt\u0151 tan\u00e1r: \u00c1d\u00e1mn\u00e9 Laczk\u00f3 Melinda) <\/i><br \/>\n<span style=\"text-decoration: underline;\">II\/a kateg\u00f3ria<\/span><br \/>\n1. Cs\u00e1sz\u00e1r M\u00e1rk, 8.d <i>(felk\u00e9sz\u00edt\u0151 tan\u00e1r: Rep\u00e1rszky Ildik\u00f3) <\/i><br \/>\n1. B\u00f3di D\u00e1vid, 8.d <i>(felk\u00e9sz\u00edt\u0151 tan\u00e1r: Rep\u00e1rszky Ildik\u00f3) <\/i><br \/>\n2. Heged\u00fcs Borb\u00e1la , 8.a <i>(felk\u00e9sz\u00edt\u0151 tan\u00e1r: \u00c1d\u00e1mn\u00e9 Laczk\u00f3 Melinda) <\/i><br \/>\n4. Er\u0151ss Simon Ir\u00e9neusz, 7.b <i>(felk\u00e9sz\u00edt\u0151 tan\u00e1r: \u00c1d\u00e1mn\u00e9 Laczk\u00f3 Melinda) <\/i><br \/>\n<span style=\"text-decoration: underline;\">II\/c kateg\u00f3ria<\/span><br \/>\n3. Caracciolo Delfo, 7.a <i>(felk\u00e9sz\u00edt\u0151 tan\u00e1r: \u00c1d\u00e1mn\u00e9 Laczk\u00f3 Melinda) <\/i><br \/>\n<b>2018\/2019<\/b><br \/>\nLegy\u00e9l te is t\u00e1rlatvezet\u0151! \u2013 \u00c9ljen a forradalom!<br \/>\n2. T\u00f3th Ambrus M\u00e1ty\u00e1s, 6.b <i>(felk\u00e9sz\u00edt\u0151 tan\u00e1r: \u00c1d\u00e1mn\u00e9 Laczk\u00f3 Melinda) <\/i><br \/>\nA csatat\u00e9rt\u0151l a veszt\u0151helyig<br \/>\n1. Trinter Patrik, 6.a <i>(felk\u00e9sz\u00edt\u0151 tan\u00e1r: \u00c1d\u00e1mn\u00e9 Laczk\u00f3 Melinda) <\/i><br \/>\nHusz\u00e1rok a szabads\u00e1gharcban<br \/>\n3. Caracciolo Delfo, 6.a <i>(felk\u00e9sz\u00edt\u0151 tan\u00e1r: \u00c1d\u00e1mn\u00e9 Laczk\u00f3 Melinda) <\/i><br \/>\nLegy\u00e9l te is t\u00e1rlatvezet\u0151! \u2013 Megtorl\u00e1st\u00f3l a kiegyez\u00e9sig<br \/>\n3. T\u00f6r\u0151csik Lili, 8.b <i>(felk\u00e9sz\u00edt\u0151 tan\u00e1r: \u00c1d\u00e1mn\u00e9 Laczk\u00f3 Melinda) <\/i><br \/>\n3. \u0150rfi \u00c1d\u00e1m, 7.c <i>(felk\u00e9sz\u00edt\u0151 tan\u00e1r: Foki Tam\u00e1s) <\/i><br \/>\n<b>2017\/2018<\/b><br \/>\nA szabads\u00e1gharc hadm\u0171v\u00e9szete<br \/>\n1. Trinter Patrik, 5.a <i>(felk\u00e9sz\u00edt\u0151 tan\u00e1r: \u00c1d\u00e1mn\u00e9 Laczk\u00f3 Melinda) <\/i><br \/>\n2. Holnapy Luca, 5.b <i>(felk\u00e9sz\u00edt\u0151 tan\u00e1r: \u00c1d\u00e1mn\u00e9 Laczk\u00f3 Melinda) <\/i><br \/>\n10. T\u00f3th Ambrus M\u00e1ty\u00e1s, 5.b <i>(felk\u00e9sz\u00edt\u0151 tan\u00e1r: \u00c1d\u00e1mn\u00e9 Laczk\u00f3 Melinda) <\/i><br \/>\nG\u00f6rgei Art\u00far sz\u00e1rnyseg\u00e9dje voltam<br \/>\n10. Caracciolo Delfo, 5.a <i>(felk\u00e9sz\u00edt\u0151 tan\u00e1r: \u00c1d\u00e1mn\u00e9 Laczk\u00f3 Melinda) <\/i><br \/>\nA zentai csata \u00e9s a t\u00f6r\u00f6k ki\u0171z\u00e9se<br \/>\n6. B\u00f6nde Bor\u00f3ka Lilla, 5.b <i>(felk\u00e9sz\u00edt\u0151 tan\u00e1r: \u00c1d\u00e1mn\u00e9 Laczk\u00f3 Melinda) <\/i><br \/>\n9. Er\u0151ss Simon Ir\u00e9neusz, 5.b <i>(felk\u00e9sz\u00edt\u0151 tan\u00e1r: \u00c1d\u00e1mn\u00e9 Laczk\u00f3 Melinda) <\/i><br \/>\n10. Somogyi Lilla, 6.b <i>(felk\u00e9sz\u00edt\u0151 tan\u00e1r: \u00c1d\u00e1mn\u00e9 Laczk\u00f3 Melinda) <\/i><br \/>\n\u00c9rdekess\u00e9gek a Fegyvert\u00e1r m\u00e9ly\u00e9b\u0151l<br \/>\n2. Csontos Andr\u00e1s, 8.d <i>(felk\u00e9sz\u00edt\u0151 tan\u00e1r: Rep\u00e1rszky Ildik\u00f3) <\/i><br \/>\n10. Moln\u00e1r-Csendom \u00c1kos, 7.a <i>(felk\u00e9sz\u00edt\u0151 tan\u00e1r: \u00c1d\u00e1mn\u00e9 Laczk\u00f3 Melinda) <\/i><br \/>\nG\u00f6rgei kontra Kossuth<br \/>\n1. Mezei Luca, 7.b <i>(felk\u00e9sz\u00edt\u0151 tan\u00e1r: \u00c1d\u00e1mn\u00e9 Laczk\u00f3 Melinda) <\/i><br \/>\n2. Genye Luca Csenge, 7.a <i>(felk\u00e9sz\u00edt\u0151 tan\u00e1r: \u00c1d\u00e1mn\u00e9 Laczk\u00f3 Melinda) <\/i><br \/>\n3. T\u00f6r\u0151csik Lili, 7.b <i>(felk\u00e9sz\u00edt\u0151 tan\u00e1r: \u00c1d\u00e1mn\u00e9 Laczk\u00f3 Melinda) <\/i><br \/>\n4. Caracciolo Lara, 8.c <i>(felk\u00e9sz\u00edt\u0151 tan\u00e1r: Szab\u00f3 M\u00e1rta) <\/i><br \/>\nA Magyar Kir\u00e1lyi Honv\u00e9ds\u00e9g fegyverzete<br \/>\n7. Szak\u00e1cs B\u00e1lint, 8.b <i>(felk\u00e9sz\u00edt\u0151 tan\u00e1r: \u00c1d\u00e1mn\u00e9 Laczk\u00f3 Melinda) <\/i><br \/>\n&nbsp;<br \/>\n&nbsp;<\/p>\n<hr \/>\n<p>&nbsp;<\/p>\n<p align=\"center\"><b>Est\u00f6ri \u2013 Esterh\u00e1zy Kreat\u00edv T\u00f6rt\u00e9nelmi Verseny<\/b><\/p>\n<p><b>2021\/2022<\/b><\/p>\n<p><img loading=\"lazy\" decoding=\"async\" class=\"aligncenter\" style=\"\" alt=\"\" src=\"\/diakmunkak\/estori01_fazekas2022.png\" width=\"456\" height=\"264\" align=\"center\" \/><br \/>\n10. F\u00fcl\u00f6p Ad\u00e9l Borb\u00e1la, Laz\u00e1nyi Lili, S\u00e1ndor Zs\u00f3fia Fl\u00f3ra 10.a <i>(felk\u00e9sz\u00edt\u0151 tan\u00e1r: Bihari P\u00e9ter)<\/i><br \/>\n<b>2019\/2020<\/b><br \/>\n1. Kiss Laura, Kov\u00e1ts Hanna, Kukny\u00f3 Guid\u00f3, 10.a <i>(felk\u00e9sz\u00edt\u0151 tan\u00e1r: F. T\u00f3th Zolt\u00e1n)<\/i><br \/>\n<b>2018\/2019<\/b><br \/>\n2. K\u00e1rp\u00e1ti S\u00e1ra, Kov\u00e1cs Ajsa, V\u00f6r\u00f6s E. Hargita, 10.a <i>(felk\u00e9sz\u00edt\u0151 tan\u00e1r: Keglevich Krist\u00f3f, Garamv\u00f6lgyi B\u00e9la)<\/i><br \/>\n&nbsp;<br \/>\n&nbsp;<\/p>\n<hr \/>\n<p>&nbsp;<\/p>\n<p align=\"center\"><b>Bonus Intra Orsz\u00e1gos T\u00f6rt\u00e9nelemverseny<\/b><\/p>\n<p><b>2022\/2023<\/b><br \/>\n4. Mess Marcell, 11.a <i>(felk\u00e9sz\u00edt\u0151 tan\u00e1r: Bihari P\u00e9ter, Foki Tam\u00e1s, Szab\u00f3 M\u00e1rta)<\/i><br \/>\n9. Szab\u00f3-Csall\u00f3 Vanda, 11.a <i>(felk\u00e9sz\u00edt\u0151 tan\u00e1r: Bihari P\u00e9ter, Foki Tam\u00e1s, Szab\u00f3 M\u00e1rta)<\/i><br \/>\n&nbsp;<br \/>\n&nbsp;<\/p>\n<hr \/>\n<p>&nbsp;<\/p>\n<p align=\"center\"><b>Orsz\u00e1gos K\u00f6z\u00e9piskolai Probl\u00e9mamegold\u00f3 Verseny (OKPV)<\/b><\/p>\n<p><b>2023\/2024<\/b><br \/>\n4. (d\u00f6nt\u0151 fordul\u00f3) Orb\u00e1n Gyula, 12.c, Simon Vince, 12.c \u00e9s Patik Zsombor, 12.a <i>(felk\u00e9sz\u00edt\u0151 tan\u00e1r: Foki Tam\u00e1s) <\/i><br \/>\n<b>2022\/2023<\/b><br \/>\n4. (region\u00e1lis fordul\u00f3) Hajdu M\u00e1rton, Bod\u00f3cs Tam\u00e1s, Bodonyi Gell\u00e9rt, 11.a <i>(felk\u00e9sz\u00edt\u0151 tan\u00e1r: Bihari P\u00e9ter, Foki Tam\u00e1s, Szab\u00f3 M\u00e1rta) <\/i><\/p>\n","protected":false},"excerpt":{"rendered":"<p>T\u00f6rt\u00e9nelem OKTV 2022\/2023 12. B\u00f3di D\u00e1vid (11.d) (felk\u00e9sz\u00edt\u0151 tan\u00e1r: Rep\u00e1rszky Ildik\u00f3) 2020\/2021 30. M\u00e1ty\u00e1s-Agg D\u00e1vid (12.a) (felk\u00e9sz\u00edt\u0151 tan\u00e1r: Keglevich Krist\u00f3f) &nbsp; &nbsp; &nbsp; Orsz\u00e1gos Savaria&#8230;<\/p>\n<div class=\"more-link-wrapper\"><a class=\"more-link\" href=\"https:\/\/tortenelem.fazekas.hu\/?page_id=78\">Continue reading<span class=\"screen-reader-text\">Di\u00e1kjaink versenyeredm\u00e9nyei<\/span><\/a><\/div>\n","protected":false},"author":1,"featured_media":0,"parent":0,"menu_order":4,"comment_status":"closed","ping_status":"closed","template":"","meta":{"ngg_post_thumbnail":0,"footnotes":""},"class_list":["post-78","page","type-page","status-publish","hentry","entry"],"_links":{"self":[{"href":"https:\/\/tortenelem.fazekas.hu\/index.php?rest_route=\/wp\/v2\/pages\/78","targetHints":{"allow":["GET"]}}],"collection":[{"href":"https:\/\/tortenelem.fazekas.hu\/index.php?rest_route=\/wp\/v2\/pages"}],"about":[{"href":"https:\/\/tortenelem.fazekas.hu\/index.php?rest_route=\/wp\/v2\/types\/page"}],"author":[{"embeddable":true,"href":"https:\/\/tortenelem.fazekas.hu\/index.php?rest_route=\/wp\/v2\/users\/1"}],"replies":[{"embeddable":true,"href":"https:\/\/tortenelem.fazekas.hu\/index.php?rest_route=%2Fwp%2Fv2%2Fcomments&post=78"}],"version-history":[{"count":30,"href":"https:\/\/tortenelem.fazekas.hu\/index.php?rest_route=\/wp\/v2\/pages\/78\/revisions"}],"predecessor-version":[{"id":1235,"href":"https:\/\/tortenelem.fazekas.hu\/index.php?rest_route=\/wp\/v2\/pages\/78\/revisions\/1235"}],"wp:attachment":[{"href":"https:\/\/tortenelem.fazekas.hu\/index.php?rest_route=%2Fwp%2Fv2%2Fmedia&parent=78"}],"curies":[{"name":"wp","href":"https:\/\/api.w.org\/{rel}","templated":true}]}}