{"id":70,"date":"2021-10-21T14:40:03","date_gmt":"2021-10-21T14:40:03","guid":{"rendered":"https:\/\/tortenelem-uj.fazekas.hu\/?page_id=70"},"modified":"2026-03-30T23:04:03","modified_gmt":"2026-03-30T21:04:03","slug":"diakjaink-tetelkidolgozasai-tomoren","status":"publish","type":"page","link":"https:\/\/tortenelem.fazekas.hu\/?page_id=70","title":{"rendered":"Kidolgozott t\u00e9mak\u00f6r\u00f6k gyakorl\u00f3 feladatokkal"},"content":{"rendered":"<p align=\"center\"><i>T\u00f6rt\u00e9nelem k\u00f6z\u00e9pszint\u0171 \u00e9retts\u00e9gi t\u00e9mak\u00f6r\u00f6k kidolgozva + gyakorl\u00f3 \u00e9retts\u00e9gi feladatok<\/i><\/p>\n<p>&nbsp;<br \/>\n<a href=\" erettsegi\/kidolgozott_temakorok\/1.1_poliszok_athen.docx\"><i><font color=\"blue\">1\/1. Poliszok az \u00f3kori Hell\u00e1szban. K\u00f6z\u00e9pszinten: Az ath\u00e9ni demokr\u00e1cia m\u0171k\u00f6d\u00e9se a Kr. e. 5. sz\u00e1zadban<\/font><\/i><\/a><br \/>\n&nbsp;<br \/>\n<a href=\" erettsegi\/kidolgozott_temakorok\/1.2_okori_roma_tarsad_pol_kuzdelmek.docx\"><i><font color=\"blue\">1\/2. T\u00e1rsadalmi \u00e9s politikai k\u00fczdelmek az \u00f3kori R\u00f3m\u00e1ban. K\u00f6z\u00e9pszinten: Julius Caesar egyeduralmi k\u00eds\u00e9rlete<\/font><\/i><\/a><br \/>\n&nbsp;<br \/>\n<a href=\" erettsegi\/kidolgozott_temakorok\/1.3_europai_kultura_alapjai_okori_vallasok.docx\"><i><font color=\"blue\">1\/3. Az eur\u00f3pai kult\u00fara alapjai. K\u00f6z\u00e9pszinten: A g\u00f6r\u00f6g-r\u00f3mai hitvil\u00e1g. Az antikvit\u00e1s kiemelked\u0151 kultur\u00e1lis eml\u00e9kei. A zsid\u00f3 vall\u00e1s f\u0151 jellemz\u0151i. A kereszt\u00e9nys\u00e9g kialakul\u00e1sa \u00e9s f\u0151bb tan\u00edt\u00e1sai<\/font><\/i><\/a><br \/>\n&nbsp;<\/p>\n<hr \/>\n<p>&nbsp;<br \/>\n<a href=\" erettsegi\/kidolgozott_temakorok\/2.1_ny_eu_kora_kozepkor_gazdasag.docx\"><i><font color=\"blue\">2\/1. Nyugat-Eur\u00f3pa a kora k\u00f6z\u00e9pkorban. K\u00f6z\u00e9pszinten: A h\u0171b\u00e9ris\u00e9g \u00e9s a jobb\u00e1gys\u00e1g jellemz\u0151i. Az uradalom \u00e9s a mez\u0151gazdas\u00e1gi technika<\/font><\/i><\/a><br \/>\n&nbsp;<br \/>\n<a href=\" erettsegi\/kidolgozott_temakorok\/2.2_kozepkori_egyhaz_ny_k_keresztenyseg_hitelet.docx\"><i><font color=\"blue\">2\/2. A k\u00f6z\u00e9pkori egyh\u00e1z. K\u00f6z\u00e9pszinten: A nyugati \u00e9s a keleti kereszt\u00e9nys\u00e9g f\u0151bb jellemz\u0151i. Hit\u00e9let \u00e9s vall\u00e1sok (pl. kereszt\u00e9ny, zsid\u00f3) \u2013 egy\u00fcttm\u0171k\u00f6d\u00e9s \u00e9s konfliktusok<\/font><\/i><\/a><br \/>\n&nbsp;<br \/>\n<a href=\" erettsegi\/kidolgozott_temakorok\/2.3_erett_kozepkor_varos_cehek.docx\"><i><font color=\"blue\">2\/3. Az \u00e9rett k\u00f6z\u00e9pkor Nyugat- \u00e9s K\u00f6z\u00e9p-Eur\u00f3p\u00e1ban. K\u00f6z\u00e9pszinten: A k\u00f6z\u00e9pkori v\u00e1ros \u00e9s a c\u00e9hes ipar<\/font><\/i><\/a><br \/>\n&nbsp;<br \/>\n<a href=\" erettsegi\/kidolgozott_temakorok\/2.4_iszlam.docx\"><i><font color=\"blue\">2\/4. Az iszl\u00e1m vall\u00e1s kialakul\u00e1sa \u00e9s f\u0151bb tan\u00edt\u00e1sai. K\u00f6z\u00e9pszinten: Az iszl\u00e1m vall\u00e1s kialakul\u00e1sa \u00e9s f\u0151bb tan\u00edt\u00e1sai<\/font><\/i><\/a><br \/>\n&nbsp;<br \/>\n<a href=\" erettsegi\/kidolgozott_temakorok\/2.5_kozepkori_kultura.docx\"><i><font color=\"blue\">2\/5. A k\u00f6z\u00e9pkor kult\u00far\u00e1ja. K\u00f6z\u00e9pszinten: A rom\u00e1n \u00e9s g\u00f3tikus \u00e9p\u00edt\u00e9szet; a renesz\u00e1nsz kult\u00fara<\/font><\/i><\/a><br \/>\n&nbsp;<\/p>\n<hr \/>\n<p>&nbsp;<br \/>\n<a href=\" erettsegi\/kidolgozott_temakorok\/3.1_magyar_nep_tortenete_allamalapitasig.docx\"><i><font color=\"blue\">3\/1. A magyar n\u00e9p t\u00f6rt\u00e9nete az \u00e1llamalap\u00edt\u00e1sig. K\u00f6z\u00e9pszinten: A magyar n\u00e9p eredete, v\u00e1ndorl\u00e1sa<\/font><\/i><\/a><br \/>\n&nbsp;<br \/>\n<a href=\" erettsegi\/kidolgozott_temakorok\/3.2_allamalapitas_arpad_haz.docx\"><i><font color=\"blue\">3\/2. Az \u00e1llamalap\u00edt\u00e1s \u00e9s az \u00c1rp\u00e1d-h\u00e1zi uralkod\u00f3k kora. K\u00f6z\u00e9pszinten: G\u00e9za fejedelems\u00e9ge \u00e9s I. (Szent) Istv\u00e1n \u00e1llamszervez\u0151 tev\u00e9kenys\u00e9ge. A tat\u00e1rj\u00e1r\u00e1s \u00e9s az orsz\u00e1g \u00fajj\u00e1\u00e9p\u00edt\u00e9se IV. B\u00e9la idej\u00e9n<\/font><\/i><\/a><br \/>\n&nbsp;<br \/>\n<a href=\" erettsegi\/kidolgozott_temakorok\/3.3_anjou_luxemburgi.docx\"><i><font color=\"blue\">3\/3. Az Anjouk \u00e9s Luxemburgi Zsigmond kora. K\u00f6z\u00e9pszinten: A k\u00f6z\u00e9pkori magyar \u00e1llam meger\u0151s\u00f6d\u00e9se I. K\u00e1roly idej\u00e9n<\/font><\/i><\/a><br \/>\n&nbsp;<br \/>\n<a href=\" erettsegi\/kidolgozott_temakorok\/3.4_hunyadi_kor.docx\"><i><font color=\"blue\">3.4. A Hunyadiak. K\u00f6z\u00e9pszinten: Hunyadi M\u00e1ty\u00e1s reformjai \u00e9s k\u00fclpolitik\u00e1ja<\/font><\/i><\/a><\/p>\n","protected":false},"excerpt":{"rendered":"<p>T\u00f6rt\u00e9nelem k\u00f6z\u00e9pszint\u0171 \u00e9retts\u00e9gi t\u00e9mak\u00f6r\u00f6k kidolgozva + gyakorl\u00f3 \u00e9retts\u00e9gi feladatok &nbsp; 1\/1. Poliszok az \u00f3kori Hell\u00e1szban. K\u00f6z\u00e9pszinten: Az ath\u00e9ni demokr\u00e1cia m\u0171k\u00f6d\u00e9se a Kr. e. 5. sz\u00e1zadban&#8230;<\/p>\n<div class=\"more-link-wrapper\"><a class=\"more-link\" href=\"https:\/\/tortenelem.fazekas.hu\/?page_id=70\">Continue reading<span class=\"screen-reader-text\">Kidolgozott t\u00e9mak\u00f6r\u00f6k gyakorl\u00f3 feladatokkal<\/span><\/a><\/div>\n","protected":false},"author":1,"featured_media":0,"parent":62,"menu_order":4,"comment_status":"closed","ping_status":"closed","template":"","meta":{"ngg_post_thumbnail":0,"footnotes":""},"class_list":["post-70","page","type-page","status-publish","hentry","entry"],"_links":{"self":[{"href":"https:\/\/tortenelem.fazekas.hu\/index.php?rest_route=\/wp\/v2\/pages\/70","targetHints":{"allow":["GET"]}}],"collection":[{"href":"https:\/\/tortenelem.fazekas.hu\/index.php?rest_route=\/wp\/v2\/pages"}],"about":[{"href":"https:\/\/tortenelem.fazekas.hu\/index.php?rest_route=\/wp\/v2\/types\/page"}],"author":[{"embeddable":true,"href":"https:\/\/tortenelem.fazekas.hu\/index.php?rest_route=\/wp\/v2\/users\/1"}],"replies":[{"embeddable":true,"href":"https:\/\/tortenelem.fazekas.hu\/index.php?rest_route=%2Fwp%2Fv2%2Fcomments&post=70"}],"version-history":[{"count":11,"href":"https:\/\/tortenelem.fazekas.hu\/index.php?rest_route=\/wp\/v2\/pages\/70\/revisions"}],"predecessor-version":[{"id":381,"href":"https:\/\/tortenelem.fazekas.hu\/index.php?rest_route=\/wp\/v2\/pages\/70\/revisions\/381"}],"up":[{"embeddable":true,"href":"https:\/\/tortenelem.fazekas.hu\/index.php?rest_route=\/wp\/v2\/pages\/62"}],"wp:attachment":[{"href":"https:\/\/tortenelem.fazekas.hu\/index.php?rest_route=%2Fwp%2Fv2%2Fmedia&parent=70"}],"curies":[{"name":"wp","href":"https:\/\/api.w.org\/{rel}","templated":true}]}}