{"id":68,"date":"2021-10-21T14:39:42","date_gmt":"2021-10-21T14:39:42","guid":{"rendered":"https:\/\/tortenelem-uj.fazekas.hu\/?page_id=68"},"modified":"2026-03-30T23:04:42","modified_gmt":"2026-03-30T21:04:42","slug":"diakjaink-tetelkidolgozasai-esszeszeruen","status":"publish","type":"page","link":"https:\/\/tortenelem.fazekas.hu\/?page_id=68","title":{"rendered":"Essz\u00e9kidolgoz\u00e1sok"},"content":{"rendered":"<p style=\"text-align: justify;\">Tan\u00e1raink \u00e9s di\u00e1kjaink \u00e1ltal 2010 k\u00f6r\u00fcl \u00edrt essz\u00e9k k\u00fcl\u00f6nb\u00f6z\u0151 t\u00e9mak\u00f6r\u00f6kben. Vigy\u00e1zat! Mivel r\u00e9giek \u2013 id\u0151k\u00f6zben a Nat2020, illetve a meg\u00faj\u00edtott \u00e9retts\u00e9gi k\u00f6vetelm\u00e9nyrendszer jelent\u0151s m\u00e9rt\u00e9kben reduk\u00e1lta a tananyagot \u2013, ez\u00e9rt a mai k\u00f6vetelm\u00e9nyek szerint er\u0151sen t\u00fal\u00edrtak. K\u00f6sz\u00f6nj\u00fck minden di\u00e1kunknak \u00e9s koll\u00e9g\u00e1nknak, hogy dolgozataikkal hozz\u00e1j\u00e1rulnak a di\u00e1kok tanul\u00e1s\u00e1hoz!<\/p>\n<p>&nbsp;<br \/>\n<a href=\" erettsegi\/esszek\/01_athen_es_sparta.doc\"><i><font color=\"blue\">1. A Perikl\u00e9sz korabeli Ath\u00e9n \u00e9s Sp\u00e1rta politikai rendszer\u00e9nek \u00f6sszehasonl\u00edt\u00e1sa<\/font><\/i><\/a><br \/>\n&nbsp;<br \/>\n<a href=\" erettsegi\/esszek\/02_okori_hellasz_makedonia_nagy_sandor_birodalma.doc\"><i><font color=\"blue\">2. Az \u00f3kori Hell\u00e1sz \u00e9s Maked\u00f3nia felemelked\u00e9se; Nagy S\u00e1ndor birodalma<\/font><\/i><\/a><br \/>\n&nbsp;<br \/>\n<a href=\" erettsegi\/esszek\/03_romai_koztarsasag_valsaga.doc\"><i><font color=\"blue\">3. A r\u00f3mai k\u00f6zt\u00e1rsas\u00e1g v\u00e1ls\u00e1ga<\/font><\/i><\/a><br \/>\n&nbsp;<br \/>\n<a href=\" erettsegi\/esszek\/04_principatus_valsaga_dominatus_rendszer_kiepitese.doc\"><i><font color=\"blue\">4. A princip\u00e1tus v\u00e1ls\u00e1ga \u00e9s a v\u00e1ls\u00e1g megold\u00e1si k\u00eds\u00e9rlete: a dominatus rendszer\u00e9nek ki\u00e9p\u00edt\u00e9se Diocletianus \u00e9s Nagy Constantinus idej\u00e9n<\/font><\/i><\/a><br \/>\n&nbsp;<br \/>\n<a href=\" erettsegi\/esszek\/05_keresztenyseg_a_kozepkori_europaban.doc\"><i><font color=\"blue\">5. A kereszt\u00e9nys\u00e9g szerepe a k\u00f6z\u00e9pkori Eur\u00f3p\u00e1ban a XIV. sz\u00e1zadig<\/font><\/i><\/a><br \/>\n&nbsp;<br \/>\n<a href=\" erettsegi\/esszek\/06_bizanc_tortenete_a_7_szazadtol_1453_ig.doc\"><i><font color=\"blue\">6. Biz\u00e1nc t\u00f6rt\u00e9nete a VII. sz\u00e1zadt\u00f3l 1453-ig<\/font><\/i><\/a><br \/>\n&nbsp;<br \/>\n<a href=\" erettsegi\/esszek\/07_iszlam_vallas_arab_hoditasok_es_europa_7_13_sz_k\u00f6z\u00f6tt.doc\"><i><font color=\"blue\">7. Az iszl\u00e1m vall\u00e1s. Az arab h\u00f3d\u00edt\u00e1sok \u00e9s Eur\u00f3pa a 7\u201313. sz. k\u00f6z\u00f6tt<\/font><\/i><\/a><br \/>\n&nbsp;<br \/>\n<a href=\" erettsegi\/esszek\/08_gazdasagi_tarsadalmi_valtozasok_11_13_szazadi_ny_europaban.doc\"><i><font color=\"blue\">8. Gazdas\u00e1gi, t\u00e1rsadalmi v\u00e1ltoz\u00e1sok Nyugat-Eur\u00f3p\u00e1ban a X\u2013XIII. sz\u00e1zadban<\/font><\/i><\/a><br \/>\n&nbsp;<br \/>\n<a href=\" erettsegi\/esszek\/09_arpadkori_tarsadalom.doc\"><i><font color=\"blue\">9. Az \u00c1rp\u00e1d-kori magyar t\u00e1rsadalom<\/font><\/i><\/a><br \/>\n&nbsp;<br \/>\n<a href=\" erettsegi\/esszek\/10_oroszorszag_a_13_15-szazadban.doc\"><i><font color=\"blue\">10. Oroszorsz\u00e1g a XIII\u2013XV. sz\u00e1zadban<\/font><\/i><\/a><br \/>\n&nbsp;<br \/>\n&nbsp;<br \/>\n&nbsp;<br \/>\n<a href=\" erettsegi\/esszek\/11_anjouk_kulpolitikaja.doc \"><i><font color=\"blue\">11. Az Anjouk k\u00fclpolitik\u00e1ja<\/font><\/i><\/a><br \/>\n&nbsp;<br \/>\n<a href=\" erettsegi\/esszek\/12_magyarorszag_nemet_romai_csaszarsag_viszonya_1000_1526_kozott.doc \"><i><font color=\"blue\">12. A Magyar Kir\u00e1lys\u00e1g \u00e9s a N\u00e9met-R\u00f3mai Cs\u00e1sz\u00e1rs\u00e1g kapcsolatai 1000\u20131526 k\u00f6z\u00f6tt<\/font><\/i><\/a><br \/>\n&nbsp;<br \/>\n<a href=\" erettsegi\/esszek\/13_magyarorszag_es-a_torok_birodalom_14_16_szazadban.doc \"><i><font color=\"blue\">13. Magyarorsz\u00e1g \u00e9s a T\u00f6r\u00f6k Birodalom a XIV\u2013XVI. sz\u00e1zadban<\/font><\/i><\/a><br \/>\n&nbsp;<br \/>\n<a href=\" erettsegi\/esszek\/ 14_magyar_tortenetiras_11_15_szazadban.doc \"><i><font color=\"blue\">14. A magyar t\u00f6rt\u00e9net\u00edr\u00e1s a XI\u2013XV. sz\u00e1zadban<\/font><\/i><\/a><br \/>\n&nbsp;<br \/>\n<a href=\" erettsegi\/esszek\/15_gazdasagi_tarsadalmi_valtozasok_16_18_szazadi_europaban_.doc\"><i><font color=\"blue\">15. Gazdas\u00e1gi-t\u00e1rsadalmi v\u00e1ltoz\u00e1sok Eur\u00f3p\u00e1ban a XVI-XVIII. sz\u00e1zadban<\/font><\/i><\/a><br \/>\n&nbsp;<br \/>\n<a href=\" erettsegi\/esszek\/16_erdelyi_fejedelemseg_szerepe_16_17_szazadban.doc\"><i><font color=\"blue\">16. Az Erd\u00e9lyi Fejedelems\u00e9g szerepe a XVI-XVII. sz\u00e1zadi magyar t\u00f6rt\u00e9nelemben<\/font><\/i><\/a><br \/>\n&nbsp;<br \/>\n<a href=\" erettsegi\/esszek\/17_franciaorszag_k\u00fclpolitikaja_16_17_szazadban.doc\"><i><font color=\"blue\">17. Franciaorsz\u00e1g k\u00fclpolitik\u00e1ja a XVI\u2013XVII. sz\u00e1zadban<\/font><\/i><\/a><br \/>\n&nbsp;<br \/>\n<a href=\" erettsegi\/esszek\/18_spanyolorszag_politikaja_II_fulop_alatt.doc\"><i><font color=\"blue\">18. Spanyolorsz\u00e1g eur\u00f3pai hatalmi politik\u00e1ja II. F\u00fcl\u00f6p uralkod\u00e1sa alatt<\/font><\/i><\/a><br \/>\n&nbsp;<br \/>\n<a href=\" erettsegi\/esszek\/19_lengyelorszag_16_17_szazadban.doc\"><i><font color=\"blue\">19. Lengyelorsz\u00e1g a XVI\u2013XVII. sz\u00e1zadban<\/font><\/i><\/a><br \/>\n&nbsp;<br \/>\n<a href=\" erettsegi\/esszek\/20_magyarorszag_igazgatasa_16_17_szazadban.doc\"><i><font color=\"blue\">20. Magyarorsz\u00e1g igazgat\u00e1sa a XVI\u2013XVIII. sz\u00e1zadban<\/font><\/i><\/a><br \/>\n&nbsp;<br \/>\n&nbsp;<br \/>\n&nbsp;<br \/>\n<a href=\" erettsegi\/esszek\/21_reformacio_es_ellenreformacio_magyarorszagon.doc\"><i><font color=\"blue\">21. Reform\u00e1ci\u00f3 \u00e9s ellenreform\u00e1ci\u00f3 Magyarorsz\u00e1gon<\/font><\/i><\/a><br \/>\n&nbsp;<br \/>\n<a href=\" erettsegi\/esszek\/22_poroszok_tortenete_1786_ig.doc\"><i><font color=\"blue\">22. A poroszok t\u00f6rt\u00e9nete 1786-ig<\/font><\/i><\/a><br \/>\n&nbsp;<br \/>\n<a href=\" erettsegi\/esszek\/23_habsburg_ellenes kuzdelmek_a_17_szazadban.doc\"><i><font color=\"blue\">23. Habsburg-ellenes k\u00fczdelmek a XVII. sz\u00e1zadban<\/font><\/i><\/a><br \/>\n&nbsp;<br \/>\n<a href=\" erettsegi\/esszek\/24_francia_abszolutizmus_valsaga.doc\"><i><font color=\"blue\">24. A francia abszolutizmus v\u00e1ls\u00e1ga (1715\u20131789)<\/font><\/i><\/a><br \/>\n&nbsp;<br \/>\n<a href=\" erettsegi\/esszek\/25_franciaorszag_a_jakobinus_diktatura_idejen.doc\"><i><font color=\"blue\">25. Franciaorsz\u00e1g a jakobinus diktat\u00fara idej\u00e9n (1793\u20131794)<\/font><\/i><\/a><br \/>\n&nbsp;<br \/>\n<a href=\" erettsegi\/esszek\/26_tarsadalom_\u00e9s_nepesseg_magyarorszagon_1711_1790.doc\"><i><font color=\"blue\">26. T\u00e1rsadalom \u00e9s n\u00e9pess\u00e9g Magyarorsz\u00e1gon, 1711\u20131790<\/font><\/i><\/a><br \/>\n&nbsp;<br \/>\n<a href=\" erettsegi\/esszek\/27_gazdasagpolitika_magyarorszagon_1711_1815_kozott.doc\"><i><font color=\"blue\">27. Gazdas\u00e1g \u00e9s gazdas\u00e1gpolitika Magyarorsz\u00e1gon 1711\u20131815 k\u00f6z\u00f6tt<\/font><\/i><\/a><br \/>\n&nbsp;<br \/>\n<a href=\" erettsegi\/esszek\/28_ipari_forradalom_tarsadalmi_kovetkezmenyei.doc\"><i><font color=\"blue\">28. Az els\u0151 ipari forradalom t\u00e1rsadalmi k\u00f6vetkezm\u00e9nyei Nyugat-Eur\u00f3p\u00e1ban<\/font><\/i><\/a><br \/>\n&nbsp;<br \/>\n<a href=\" erettsegi\/esszek\/29_18_szazadi_europai_hatalimi_politika.doc\"><i><font color=\"blue\">29. A XVIII. sz\u00e1zadi eur\u00f3pai hatalmi politika (1789-ig)<\/font><\/i><\/a><br \/>\n&nbsp;<br \/>\n<a href=\" erettsegi\/esszek\/30_oroszorszag_kulpolitikaja_1815_49_kozott.doc\"><i><font color=\"blue\">30. Oroszorsz\u00e1g nagyhatalmi politik\u00e1ja 1815\u20131849 k\u00f6z\u00f6tt<\/font><\/i><\/a><br \/>\n&nbsp;<br \/>\n&nbsp;<br \/>\n&nbsp;<br \/>\n<a href=\" erettsegi\/esszek\/31_kossuth_lajos_politikai_palyaja.doc\"><i><font color=\"blue\">31. Kossuth Lajos politikai p\u00e1ly\u00e1ja<\/font><\/i><\/a><br \/>\n&nbsp;<br \/>\n<a href=\" erettsegi\/esszek\/32_1848_as_forradalmak_europaban.doc\"><i><font color=\"blue\">32. \u201eN\u00e9pek tavasza\u201d. Az 1848-as forradalmak Eur\u00f3p\u00e1ban <\/font><\/i><\/a><br \/>\n&nbsp;<br \/>\n<a href=\" erettsegi\/esszek\/33_aprilisi_torvenyek.doc\"><i><font color=\"blue\">33. Az 1848-as \u00e1prilisi t\u00f6rv\u00e9nyek<\/font><\/i><\/a><br \/>\n&nbsp;<br \/>\n<a href=\" erettsegi\/esszek\/34_habsburgok_magyarorszagi_politikaja_1790_1847_kozott.doc\"><i><font color=\"blue\">34. A Habsburg-udvar magyarorsz\u00e1gi politik\u00e1ja 1790-1847 k\u00f6z\u00f6tt<\/font><\/i><\/a><br \/>\n&nbsp;<br \/>\n<a href=\" erettsegi\/esszek\/35_brit_kulpolitika_a_19_szazad_elso_feleben.doc\"><i><font color=\"blue\">35. Nagy-Britannia k\u00fclpolitik\u00e1ja a XIX. sz\u00e1zad els\u0151 fel\u00e9ben<\/font><\/i><\/a><br \/>\n&nbsp;<br \/>\n<a href=\" erettsegi\/esszek\/36_oroszorszag_politikaja_1948_1914_kozott.doc\"><i><font color=\"blue\">36. Oroszorsz\u00e1g nagyhatalmi politik\u00e1ja 1848\u20131914 k\u00f6z\u00f6tt<\/font><\/i><\/a><br \/>\n&nbsp;<br \/>\n<a href=\" erettsegi\/esszek\/37_kina_tortenete_19_szazadtol_az_elso_vilaghaboruig.doc\"><i><font color=\"blue\">37. K\u00edna a XIX. sz\u00e1zad kezdet\u00e9t\u0151l az els\u0151 vil\u00e1gh\u00e1bor\u00faig<\/font><\/i><\/a><br \/>\n&nbsp;<br \/>\n<a href=\" erettsegi\/esszek\/38_nemetorszag_belso_viszonyai_1871_1890_kozott.doc\"><i><font color=\"blue\">38. N\u00e9metorsz\u00e1g bels\u0151 viszonyai 1871\u20131890 k\u00f6z\u00f6tt<\/font><\/i><\/a><br \/>\n&nbsp;<br \/>\n<a href=\" erettsegi\/esszek\/39_kisebbsegi_politika_magyarorszagon_1848_1914_kozott.doc\"><i><font color=\"blue\">39. Nemzetis\u00e9gi-kisebbs\u00e9gi politika Magyarorsz\u00e1gon, 1848\u20131914 k\u00f6z\u00f6tt<\/font><\/i><\/a><br \/>\n&nbsp;<br \/>\n<a href=\" erettsegi\/esszek\/40_magyar_gazdasag_a_dualizmus_idejen.doc\"><i><font color=\"blue\">40. A magyar gazdas\u00e1g a dualizmus idej\u00e9n<\/font><\/i><\/a><br \/>\n&nbsp;<br \/>\n&nbsp;<br \/>\n&nbsp;<br \/>\n<a href=\" erettsegi\/esszek\/41_foldkerdes_magyarorszagon_1867_1939_kozott.doc\"><i><font color=\"blue\">41. A f\u00f6ldk\u00e9rd\u00e9s Magyarorsz\u00e1gon, 1867\u20131939<\/font><\/i><\/a><br \/>\n&nbsp;<br \/>\n<a href=\" erettsegi\/esszek\/42_dualizmus_valsagjelei_magyarorszagon_1914_elott.doc\"><i><font color=\"blue\">42. A dualizmus v\u00e1ls\u00e1gjelei Magyarorsz\u00e1gon 1914 el\u0151tt<\/font><\/i><\/a><br \/>\n&nbsp;<br \/>\n<a href=\" erettsegi\/esszek\/43_osztrak_magyar_monarchia_felbomlasa.doc\"><i><font color=\"blue\">43. Az Osztr\u00e1k-Magyar Monarchia felboml\u00e1sa<\/font><\/i><\/a><br \/>\n&nbsp;<br \/>\n<a href=\" erettsegi\/esszek\/44_trianoni_beke_kovetkezmenyei.doc\"><i><font color=\"blue\">44. A trianoni b\u00e9ke k\u00f6vetkezm\u00e9nyei<\/font><\/i><\/a><br \/>\n&nbsp;<br \/>\n<a href=\" erettsegi\/esszek\/45_versailles_i_bekerendszer.doc\"><i><font color=\"blue\">45. A versailles-i b\u00e9kerendszer alapvet\u0151 jellegzetess\u00e9gei <\/font><\/i><\/a><br \/>\n&nbsp;<br \/>\n<a href=\" erettsegi\/esszek\/46_weimari_koztarsasag.doc\"><i><font color=\"blue\">46. A weimari k\u00f6zt\u00e1rsas\u00e1g<\/font><\/i><\/a><br \/>\n&nbsp;<br \/>\n<a href=\" erettsegi\/esszek\/47_vilaggazdasag_a_ket_vilaghaboru_kozott.doc\"><i><font color=\"blue\">47. A vil\u00e1ggazdas\u00e1g alapvet\u0151 k\u00e9rd\u00e9sei a k\u00e9t vil\u00e1gh\u00e1bor\u00fa k\u00f6z\u00f6tt<\/font><\/i><\/a><br \/>\n&nbsp;<br \/>\n<a href=\" erettsegi\/esszek\/48_magyarorszag_kulpolotikaja_1918_1931_kozott.doc\"><i><font color=\"blue\">48. Magyarorsz\u00e1g k\u00fclpolitik\u00e1ja (1918\u20131931)<\/font><\/i><\/a><br \/>\n&nbsp;<br \/>\n<a href=\" erettsegi\/esszek\/49_magyarorszag_kulpolitikaja_1931_41_kozott.doc\"><i><font color=\"blue\">49. Magyarorsz\u00e1g k\u00fclpolitik\u00e1ja (1931\u20131941)<\/font><\/i><\/a><br \/>\n&nbsp;<br \/>\n<a href=\" erettsegi\/esszek\/50_sztalinizmus_jellegzetessegei.doc\"><i><font color=\"blue\">50. A szt\u00e1linizmus jellegzetess\u00e9gei (1924\u20131939)<\/font><\/i><\/a><br \/>\n&nbsp;<br \/>\n&nbsp;<br \/>\n&nbsp;<br \/>\n<a href=\" erettsegi\/esszek\/51_gombos_korszak.doc\"><i><font color=\"blue\">51. Magyarorsz\u00e1g G\u00f6mb\u00f6s Gyula minisztereln\u00f6ks\u00e9ge alatt (1932\u201336)<\/font><\/i><\/a><br \/>\n&nbsp;<br \/>\n<a href=\" erettsegi\/esszek\/52_balkan_a_ket_vilaghaboru_kozott.doc\"><i><font color=\"blue\">52. A Balk\u00e1n-f\u00e9lsziget a k\u00e9t vil\u00e1gh\u00e1bor\u00fa k\u00f6z\u00f6tt<\/font><\/i><\/a><br \/>\n&nbsp;<br \/>\n<a href=\" erettsegi\/esszek\/53_spanyol_polgarhaboru.doc\"><i><font color=\"blue\">53. A polg\u00e1rh\u00e1bor\u00fa Spanyolorsz\u00e1gban (1936\u201339)<\/font><\/i><\/a><br \/>\n&nbsp;<br \/>\n<a href=\" erettsegi\/esszek\/54_masodik_vilaghaboru_sajatossagai.doc\"><i><font color=\"blue\">54. A m\u00e1sodik vil\u00e1gh\u00e1bor\u00fa saj\u00e1toss\u00e1gai<\/font><\/i><\/a><br \/>\n&nbsp;<br \/>\n<a href=\" erettsegi\/esszek\/55_magyarorszag_1944_ben.doc\"><i><font color=\"blue\">55. Magyarorsz\u00e1g 1944-ben<\/font><\/i><\/a><br \/>\n&nbsp;<br \/>\n<a href=\" erettsegi\/esszek\/56_szovetseges_vezetok_targyalasai_a_masodik_vilaghaboruban.doc\"><i><font color=\"blue\">56. A sz\u00f6vets\u00e9ges vezet\u0151k t\u00e1rgyal\u00e1sai a m\u00e1sodik vil\u00e1gh\u00e1bor\u00fa alatt<\/font><\/i><\/a><br \/>\n&nbsp;<br \/>\n<a href=\" erettsegi\/esszek\/57_k\u00edna_1949_2002_kozott.doc\"><i><font color=\"blue\">57. K\u00edna t\u00f6rt\u00e9nete, 1949\u20132002<\/font><\/i><\/a><br \/>\n&nbsp;<br \/>\n<a href=\" erettsegi\/esszek\/58_jugoszlavia_1945_90_kozott.doc\"><i><font color=\"blue\">58. A m\u00e1sodik Jugoszl\u00e1via<\/font><\/i><\/a><br \/>\n&nbsp;<br \/>\n<a href=\" erettsegi\/esszek\/59_nemet_kerdes_1945_1990_kozott.doc\"><i><font color=\"blue\">59. A n\u00e9met k\u00e9rd\u00e9s a m\u00e1sodik vil\u00e1gh\u00e1bor\u00fa ut\u00e1n (1945\u20131990)<\/font><\/i><\/a><br \/>\n&nbsp;<br \/>\n<a href=\" erettsegi\/esszek\/60_uj_ideologiak_mozgalmak_az_iszlam_vilagban_20_sz_masodik_feleben.doc\"><i><font color=\"blue\">60. \u00daj ideol\u00f3gi\u00e1k \u00e9s mozgalmak az iszl\u00e1m vil\u00e1gban a XX. sz\u00e1zad m\u00e1sodik fel\u00e9ben<\/font><\/i><\/a><br \/>\n&nbsp;<br \/>\n&nbsp;<br \/>\n&nbsp;<br \/>\n<a href=\" erettsegi\/esszek\/61_arab_izraeli_konfliktus_a_20_szazadban.doc\"><i><font color=\"blue\">61. Arab-izraeli konfliktusok a XX. sz\u00e1zadban<\/font><\/i><\/a><br \/>\n&nbsp;<br \/>\n<a href=\" erettsegi\/esszek\/62_kommunista_hatalomatvetel_magyarorszagon_1945_1949_kozott.doc\"><i><font color=\"blue\">62. A kommunista hatalom\u00e1tv\u00e9tel Magyarorsz\u00e1gon 1945\u20131949 k\u00f6z\u00f6tt<\/font><\/i><\/a><br \/>\n&nbsp;<br \/>\n<a href=\" erettsegi\/esszek\/63_magyarorszag_gazdasaga_1945_1956_kozott.doc\"><i><font color=\"blue\">63. Magyarorsz\u00e1g gazdas\u00e1ga (1945\u20131956)<\/font><\/i><\/a><br \/>\n&nbsp;<br \/>\n<a href=\" erettsegi\/esszek\/64_kadar_rendszer_szuletese_1956_63_kozott.doc\"><i><font color=\"blue\">64. A K\u00e1d\u00e1r-rendszer sz\u00fclet\u00e9se (1956\u201363)<\/font><\/i><\/a><br \/>\n&nbsp;<br \/>\n<a href=\" erettsegi\/esszek\/65_europai_unio.doc\"><i><font color=\"blue\">65. Az Eur\u00f3pai Uni\u00f3<\/font><\/i><\/a><br \/>\n&nbsp;<br \/>\n<a href=\" erettsegi\/esszek\/ 66_egyesult_nemzetek_szovetsege.doc\"><i><font color=\"blue\">66. Az Egyes\u00fclt Nemzetek Szervezete (ENSZ)<\/font><\/i><\/a><\/p>\n","protected":false},"excerpt":{"rendered":"<p>Tan\u00e1raink \u00e9s di\u00e1kjaink \u00e1ltal 2010 k\u00f6r\u00fcl \u00edrt essz\u00e9k k\u00fcl\u00f6nb\u00f6z\u0151 t\u00e9mak\u00f6r\u00f6kben. Vigy\u00e1zat! Mivel r\u00e9giek \u2013 id\u0151k\u00f6zben a Nat2020, illetve a meg\u00faj\u00edtott \u00e9retts\u00e9gi k\u00f6vetelm\u00e9nyrendszer jelent\u0151s m\u00e9rt\u00e9kben reduk\u00e1lta&#8230;<\/p>\n<div class=\"more-link-wrapper\"><a class=\"more-link\" href=\"https:\/\/tortenelem.fazekas.hu\/?page_id=68\">Continue reading<span class=\"screen-reader-text\">Essz\u00e9kidolgoz\u00e1sok<\/span><\/a><\/div>\n","protected":false},"author":1,"featured_media":0,"parent":62,"menu_order":6,"comment_status":"closed","ping_status":"closed","template":"","meta":{"ngg_post_thumbnail":0,"footnotes":""},"class_list":["post-68","page","type-page","status-publish","hentry","entry"],"_links":{"self":[{"href":"https:\/\/tortenelem.fazekas.hu\/index.php?rest_route=\/wp\/v2\/pages\/68","targetHints":{"allow":["GET"]}}],"collection":[{"href":"https:\/\/tortenelem.fazekas.hu\/index.php?rest_route=\/wp\/v2\/pages"}],"about":[{"href":"https:\/\/tortenelem.fazekas.hu\/index.php?rest_route=\/wp\/v2\/types\/page"}],"author":[{"embeddable":true,"href":"https:\/\/tortenelem.fazekas.hu\/index.php?rest_route=\/wp\/v2\/users\/1"}],"replies":[{"embeddable":true,"href":"https:\/\/tortenelem.fazekas.hu\/index.php?rest_route=%2Fwp%2Fv2%2Fcomments&post=68"}],"version-history":[{"count":17,"href":"https:\/\/tortenelem.fazekas.hu\/index.php?rest_route=\/wp\/v2\/pages\/68\/revisions"}],"predecessor-version":[{"id":730,"href":"https:\/\/tortenelem.fazekas.hu\/index.php?rest_route=\/wp\/v2\/pages\/68\/revisions\/730"}],"up":[{"embeddable":true,"href":"https:\/\/tortenelem.fazekas.hu\/index.php?rest_route=\/wp\/v2\/pages\/62"}],"wp:attachment":[{"href":"https:\/\/tortenelem.fazekas.hu\/index.php?rest_route=%2Fwp%2Fv2%2Fmedia&parent=68"}],"curies":[{"name":"wp","href":"https:\/\/api.w.org\/{rel}","templated":true}]}}