{"id":66,"date":"2021-10-21T14:39:17","date_gmt":"2021-10-21T14:39:17","guid":{"rendered":"https:\/\/tortenelem-uj.fazekas.hu\/?page_id=66"},"modified":"2024-12-21T10:02:44","modified_gmt":"2024-12-21T08:02:44","slug":"emelt-szintu","status":"publish","type":"page","link":"https:\/\/tortenelem.fazekas.hu\/?page_id=66","title":{"rendered":"Filoz\u00f3fia \u00e9retts\u00e9gi"},"content":{"rendered":"<p align=\"center\"><b>Sz\u00f3beli filoz\u00f3fia \u00e9retts\u00e9gi t\u00e9mak\u00f6r\u00f6k a 2025-ben v\u00e9gz\u0151 oszt\u00e1lyok sz\u00e1m\u00e1ra<\/b><\/p>\n<p><a href=\"hirek\/erettsegi_szobeli_tematika_2025filozofia.pdf\"><span style=\"color: blue;\">A t\u00e9mak\u00f6r\u00f6k<\/span><\/a><br \/>\nEredm\u00e9nyes f\u00f6lk\u00e9sz\u00fcl\u00e9st k\u00edv\u00e1nunk!<\/p>\n<p style=\"text-align: right;\">T\u00f6rt\u00e9nelem-filoz\u00f3fia munkak\u00f6z\u00f6ss\u00e9g<\/p>\n","protected":false},"excerpt":{"rendered":"<p>Sz\u00f3beli filoz\u00f3fia \u00e9retts\u00e9gi t\u00e9mak\u00f6r\u00f6k a 2025-ben v\u00e9gz\u0151 oszt\u00e1lyok sz\u00e1m\u00e1ra A t\u00e9mak\u00f6r\u00f6k Eredm\u00e9nyes f\u00f6lk\u00e9sz\u00fcl\u00e9st k\u00edv\u00e1nunk! T\u00f6rt\u00e9nelem-filoz\u00f3fia munkak\u00f6z\u00f6ss\u00e9g<\/p>\n","protected":false},"author":1,"featured_media":0,"parent":106,"menu_order":0,"comment_status":"closed","ping_status":"closed","template":"","meta":{"ngg_post_thumbnail":0,"footnotes":""},"class_list":["post-66","page","type-page","status-publish","hentry","entry"],"_links":{"self":[{"href":"https:\/\/tortenelem.fazekas.hu\/index.php?rest_route=\/wp\/v2\/pages\/66","targetHints":{"allow":["GET"]}}],"collection":[{"href":"https:\/\/tortenelem.fazekas.hu\/index.php?rest_route=\/wp\/v2\/pages"}],"about":[{"href":"https:\/\/tortenelem.fazekas.hu\/index.php?rest_route=\/wp\/v2\/types\/page"}],"author":[{"embeddable":true,"href":"https:\/\/tortenelem.fazekas.hu\/index.php?rest_route=\/wp\/v2\/users\/1"}],"replies":[{"embeddable":true,"href":"https:\/\/tortenelem.fazekas.hu\/index.php?rest_route=%2Fwp%2Fv2%2Fcomments&post=66"}],"version-history":[{"count":12,"href":"https:\/\/tortenelem.fazekas.hu\/index.php?rest_route=\/wp\/v2\/pages\/66\/revisions"}],"predecessor-version":[{"id":1159,"href":"https:\/\/tortenelem.fazekas.hu\/index.php?rest_route=\/wp\/v2\/pages\/66\/revisions\/1159"}],"up":[{"embeddable":true,"href":"https:\/\/tortenelem.fazekas.hu\/index.php?rest_route=\/wp\/v2\/pages\/106"}],"wp:attachment":[{"href":"https:\/\/tortenelem.fazekas.hu\/index.php?rest_route=%2Fwp%2Fv2%2Fmedia&parent=66"}],"curies":[{"name":"wp","href":"https:\/\/api.w.org\/{rel}","templated":true}]}}