{"id":64,"date":"2021-10-21T14:38:43","date_gmt":"2021-10-21T14:38:43","guid":{"rendered":"https:\/\/tortenelem-uj.fazekas.hu\/?page_id=64"},"modified":"2025-10-16T13:37:12","modified_gmt":"2025-10-16T11:37:12","slug":"kozepszintu","status":"publish","type":"page","link":"https:\/\/tortenelem.fazekas.hu\/?page_id=64","title":{"rendered":"T\u00f6rt\u00e9nelem k\u00f6z\u00e9p- \u00e9s emelt szint\u0171 feladatsorok"},"content":{"rendered":"<table style=\"text-align: left;\" border=\"0\" width=\"620\" cellspacing=\"0\" cellpadding=\"0\">\n<colgroup>\n<col width=\"300\" \/>\n<col width=\"20\" \/>\n<col width=\"300\" \/> <\/colgroup>\n<tbody>\n<tr>\n<td><b>K\u00f6z\u00e9pszint\u0171<\/b><\/td>\n<td><\/td>\n<td><b>Emelt szint\u0171<\/b><\/td>\n<\/tr>\n<\/tbody>\n<\/table>\n<table style=\"text-align: left;\" border=\"0\" width=\"620\" cellspacing=\"0\" cellpadding=\"0\">\n<colgroup>\n<col width=\"150\" \/>\n<col width=\"150\" \/>\n<col width=\"20\" \/>\n<col width=\"150\" \/>\n<col width=\"150\" \/> <\/colgroup>\n<tbody>\n<tr>\n<td><a href=\"\/erettsegi\/k_tort_25okt_fl.pdf\"><i><font color=\"blue\">2025. okt\u00f3ber<\/font><\/i><\/a><\/td>\n<td><a href=\"\/erettsegi\/k_tort_25okt_ut.pdf\"><i><font color=\"blue\">megold\u00f3kulcs<\/font><\/i><\/a><\/td>\n<td><\/td>\n<td><a href=\"\/erettsegi\/e_tort_25okt_fl.pdf\"><i><font color=\"blue\">2025. okt\u00f3ber<\/font><\/i><\/a><\/td>\n<td><a href=\"\/erettsegi\/e_tort_25okt_ut.pdf\"><i><font color=\"blue\">megold\u00f3kulcs<\/font><\/i><\/a><\/td>\n<\/tr>\n<tr>\n<td><a href=\"\/erettsegi\/k_tort_25maj_fl.pdf\"><i><font color=\"blue\">2025. m\u00e1jus<\/font><\/i><\/a><\/td>\n<td><a href=\"\/erettsegi\/k_tort_25maj_ut.pdf\"><i><font color=\"blue\">megold\u00f3kulcs<\/font><\/i><\/a><\/td>\n<td><\/td>\n<td><a href=\"\/erettsegi\/e_tort_25maj_fl.pdf\"><i><font color=\"blue\">2025. m\u00e1jus<\/font><\/i><\/a><\/td>\n<td><a href=\"\/erettsegi\/e_tort_25maj_ut.pdf\"><i><font color=\"blue\">megold\u00f3kulcs<\/font><\/i><\/a><\/td>\n<\/tr>\n<tr>\n<td><a href=\"\/erettsegi\/k_tortma_25maj_fl.pdf\"><i><font color=\"blue\">2025. m\u00e1jus (iny)<\/font><\/i><\/a><\/td>\n<td><a href=\"\/erettsegi\/k_tortma_25maj_ut.pdf\"><i><font color=\"blue\">megold\u00f3kulcs<\/font><\/i><\/a><\/td>\n<td><\/td>\n<td><a href=\"\/erettsegi\/e_tortma_25maj_fl.pdf\"><i><font color=\"blue\">2025. m\u00e1jus (iny)<\/font><\/i><\/a><\/td>\n<td><a href=\"\/erettsegi\/e_tortma_25maj_ut.pdf\"><i><font color=\"blue\">megold\u00f3kulcs<\/font><\/i><\/a><\/td>\n<\/tr>\n<tr>\n<td><\/td>\n<td><\/td>\n<td><\/td>\n<td><\/td>\n<td><\/td>\n<\/tr>\n<tr>\n<td><a href=\"\/erettsegi\/k_tort_24okt_fl.pdf\"><i><font color=\"blue\">2024. okt\u00f3ber<\/font><\/i><\/a><\/td>\n<td><a href=\"\/erettsegi\/k_tort_24okt_ut.pdf\"><i><font color=\"blue\">megold\u00f3kulcs<\/font><\/i><\/a><\/td>\n<td><\/td>\n<td><a href=\"\/erettsegi\/e_tort_24okt_fl.pdf\"><i><font color=\"blue\">2024. okt\u00f3ber<\/font><\/i><\/a><\/td>\n<td><a href=\"\/erettsegi\/e_tort_24okt_ut.pdf\"><i><font color=\"blue\">megold\u00f3kulcs<\/font><\/i><\/a><\/td>\n<\/tr>\n<tr>\n<td><a href=\"\/erettsegi\/k_tort_24maj_fl.pdf\"><i><font color=\"blue\">2024. m\u00e1jus<\/font><\/i><\/a><\/td>\n<td><a href=\"\/erettsegi\/k_tort_24maj_ut.pdf\"><i><font color=\"blue\">megold\u00f3kulcs<\/font><\/i><\/a><\/td>\n<td><\/td>\n<td><a href=\"\/erettsegi\/e_tort_24maj_fl.pdf\"><i><font color=\"blue\">2024. m\u00e1jus<\/font><\/i><\/a><\/td>\n<td><a href=\"\/erettsegi\/e_tort_24maj_ut.pdf\"><i><font color=\"blue\">megold\u00f3kulcs<\/font><\/i><\/a><\/td>\n<\/tr>\n<tr>\n<td><a href=\"\/erettsegi\/k_tortma_24maj_fl.pdf\"><i><font color=\"blue\">2024. m\u00e1jus (iny)<\/font><\/i><\/a><\/td>\n<td><a href=\"\/erettsegi\/k_tortma_24maj_ut.pdf\"><i><font color=\"blue\">megold\u00f3kulcs<\/font><\/i><\/a><\/td>\n<td><\/td>\n<td><a href=\"\/erettsegi\/e_tortma_24maj_fl.pdf\"><i><font color=\"blue\">2024. m\u00e1jus (iny)<\/font><\/i><\/a><\/td>\n<td><a href=\"\/erettsegi\/e_tortma_24maj_ut.pdf\"><i><font color=\"blue\">megold\u00f3kulcs<\/font><\/i><\/a><\/td>\n<\/tr>\n<tr>\n<td><\/td>\n<td><\/td>\n<td><\/td>\n<td><\/td>\n<td><\/td>\n<\/tr>\n<tr>\n<td><a href=\"\/erettsegi\/k_tort_23okt_fl.pdf\"><i><font color=\"blue\">2023. okt\u00f3ber<\/font><\/i><\/a><\/td>\n<td><a href=\"\/erettsegi\/k_tort_23okt_ut.pdf\"><i><font color=\"blue\">megold\u00f3kulcs<\/font><\/i><\/a><\/td>\n<td><\/td>\n<td><a href=\"\/erettsegi\/e_tort_23okt_fl.pdf\"><i><font color=\"blue\">2023. okt\u00f3ber<\/font><\/i><\/a><\/td>\n<td><a href=\"\/erettsegi\/e_tort_23okt_ut.pdf\"><i><font color=\"blue\">megold\u00f3kulcs<\/font><\/i><\/a><\/td>\n<\/tr>\n<tr>\n<td><a href=\"\/erettsegi\/k_tort_23maj_fl.pdf\"><i><font color=\"blue\">2023. m\u00e1jus<\/font><\/i><\/a><\/td>\n<td><a href=\"\/erettsegi\/k_tort_23maj_ut.pdf\"><i><font color=\"blue\">megold\u00f3kulcs<\/font><\/i><\/a><\/td>\n<td><\/td>\n<td><a href=\"\/erettsegi\/e_tort_23maj_fl.pdf\"><i><font color=\"blue\">2023. m\u00e1jus<\/font><\/i><\/a><\/td>\n<td><a href=\"\/erettsegi\/e_tort_23maj_ut.pdf\"><i><font color=\"blue\">megold\u00f3kulcs<\/font><\/i><\/a><\/td>\n<\/tr>\n<tr>\n<td><a href=\"\/erettsegi\/k_tortma_23maj_fl.pdf\"><i><font color=\"blue\">2023. m\u00e1jus (iny)<\/font><\/i><\/a><\/td>\n<td><a href=\"\/erettsegi\/k_tortma_23maj_ut.pdf\"><i><font color=\"blue\">megold\u00f3kulcs<\/font><\/i><\/a><\/td>\n<td><\/td>\n<td><a href=\"\/erettsegi\/e_tortma_23maj_fl.pdf\"><i><font color=\"blue\">2023. m\u00e1jus (iny)<\/font><\/i><\/a><\/td>\n<td><a href=\"\/erettsegi\/e_tortma_23maj_ut.pdf\"><i><font color=\"blue\">megold\u00f3kulcs<\/font><\/i><\/a><\/td>\n<\/tr>\n<tr>\n<td><\/td>\n<td><\/td>\n<td><\/td>\n<td><\/td>\n<td><\/td>\n<\/tr>\n<tr>\n<td><a href=\"\/erettsegi\/k_tort_22okt_fl.pdf\"><i><font color=\"blue\">2022. okt\u00f3ber<\/font><\/i><\/a><\/td>\n<td><a href=\"\/erettsegi\/k_tort_22okt_ut.pdf\"><i><font color=\"blue\">megold\u00f3kulcs<\/font><\/i><\/a><\/td>\n<td><\/td>\n<td><a href=\"\/erettsegi\/e_tort_22okt_fl.pdf\"><i><font color=\"blue\">2022. okt\u00f3ber<\/font><\/i><\/a><\/td>\n<td><a href=\"\/erettsegi\/e_tort_22okt_ut.pdf\"><i><font color=\"blue\">megold\u00f3kulcs<\/font><\/i><\/a><\/td>\n<\/tr>\n<tr>\n<td><a href=\"\/erettsegi\/k_tort_22maj_fl.pdf\"><i><font color=\"blue\">2022. m\u00e1jus<\/font><\/i><\/a><\/td>\n<td><a href=\"\/erettsegi\/k_tort_22maj_ut.pdf\"><i><font color=\"blue\">megold\u00f3kulcs<\/font><\/i><\/a><\/td>\n<td><\/td>\n<td><a href=\"\/erettsegi\/e_tort_22maj_fl.pdf\"><i><font color=\"blue\">2022. m\u00e1jus<\/font><\/i><\/a><\/td>\n<td><a href=\"\/erettsegi\/e_tort_22maj_ut.pdf\"><i><font color=\"blue\">megold\u00f3kulcs<\/font><\/i><\/a><\/td>\n<\/tr>\n<tr>\n<td><a href=\"\/erettsegi\/k_tortma_22maj_fl.pdf\"><i><font color=\"blue\">2022. m\u00e1jus (iny)<\/font><\/i><\/a><\/td>\n<td><a href=\"\/erettsegi\/k_tortma_22maj_ut.pdf\"><i><font color=\"blue\">megold\u00f3kulcs<\/font><\/i><\/a><\/td>\n<td><\/td>\n<td><a href=\"\/erettsegi\/e_tortma_22maj_fl.pdf\"><i><font color=\"blue\">2022. m\u00e1jus (iny)<\/font><\/i><\/a><\/td>\n<td><a href=\"\/erettsegi\/e_tortma_22maj_ut.pdf\"><i><font color=\"blue\">megold\u00f3kulcs<\/font><\/i><\/a><\/td>\n<\/tr>\n<tr>\n<td><\/td>\n<td><\/td>\n<td><\/td>\n<td><\/td>\n<td><\/td>\n<\/tr>\n<tr>\n<td><a href=\"\/erettsegi\/k_tort_21okt_fl.pdf\"><i><font color=\"blue\">2021. okt\u00f3ber<\/font><\/i><\/a><\/td>\n<td><a href=\"\/erettsegi\/k_tort_21okt_ut.pdf\"><i><font color=\"blue\">megold\u00f3kulcs<\/font><\/i><\/a><\/td>\n<td><\/td>\n<td><a href=\"\/erettsegi\/e_tort_21okt_fl.pdf\"><i><font color=\"blue\">2021. okt\u00f3ber<\/font><\/i><\/a><\/td>\n<td><a href=\"\/erettsegi\/e_tort_21okt_ut.pdf\"><i><font color=\"blue\">megold\u00f3kulcs<\/font><\/i><\/a><\/td>\n<\/tr>\n<tr>\n<td><a href=\"\/erettsegi\/k_tort_21maj_fl.pdf\"><i><font color=\"blue\">2021. m\u00e1jus<\/font><\/i><\/a><\/td>\n<td><a href=\"\/erettsegi\/k_tort_21maj_ut.pdf\"><i><font color=\"blue\">megold\u00f3kulcs<\/font><\/i><\/a><\/td>\n<td><\/td>\n<td><a href=\"\/erettsegi\/e_tort_21maj_fl.pdf\"><i><font color=\"blue\">2021. m\u00e1jus<\/font><\/i><\/a><\/td>\n<td><a href=\"\/erettsegi\/e_tort_21maj_ut.pdf\"><i><font color=\"blue\">megold\u00f3kulcs<\/font><\/i><\/a><\/td>\n<\/tr>\n<tr>\n<td><a href=\"\/erettsegi\/k_tortma_21maj_fl.pdf\"><i><font color=\"blue\">2021. m\u00e1jus (iny)<\/font><\/i><\/a><\/td>\n<td><a href=\"\/erettsegi\/k_tortma_21maj_ut.pdf\"><i><font color=\"blue\">megold\u00f3kulcs<\/font><\/i><\/a><\/td>\n<td><\/td>\n<td><a href=\"\/erettsegi\/e_tortma_21maj_fl.pdf\"><i><font color=\"blue\">2021. m\u00e1jus (iny)<\/font><\/i><\/a><\/td>\n<td><a href=\"\/erettsegi\/e_tortma_21maj_ut.pdf\"><i><font color=\"blue\">megold\u00f3kulcs<\/font><\/i><\/a><\/td>\n<\/tr>\n<tr>\n<td><\/td>\n<td><\/td>\n<td><\/td>\n<td><\/td>\n<td><\/td>\n<\/tr>\n<tr>\n<td><a href=\"\/erettsegi\/k_tort_20okt_fl.pdf\"><i><font color=\"blue\">2020. okt\u00f3ber<\/font><\/i><\/a><\/td>\n<td><a href=\"\/erettsegi\/k_tort_20okt_ut.pdf\"><i><font color=\"blue\">megold\u00f3kulcs<\/font><\/i><\/a><\/td>\n<td><\/td>\n<td><a href=\"\/erettsegi\/e_tort_20okt_fl.pdf\"><i><font color=\"blue\">2020. okt\u00f3ber<\/font><\/i><\/a><\/td>\n<td><a href=\"\/erettsegi\/e_tort_20okt_ut.pdf\"><i><font color=\"blue\">megold\u00f3kulcs<\/font><\/i><\/a><\/td>\n<\/tr>\n<tr>\n<td><a href=\"\/erettsegi\/k_tort_20maj_fl.pdf\"><i><font color=\"blue\">2020. m\u00e1jus<\/font><\/i><\/a><\/td>\n<td><a href=\"\/erettsegi\/k_tort_20maj_ut.pdf\"><i><font color=\"blue\">megold\u00f3kulcs<\/font><\/i><\/a><\/td>\n<td><\/td>\n<td><a href=\"\/erettsegi\/e_tort_20maj_fl.pdf\"><i><font color=\"blue\">2020. m\u00e1jus<\/font><\/i><\/a><\/td>\n<td><a href=\"\/erettsegi\/e_tort_20maj_ut.pdf\"><i><font color=\"blue\">megold\u00f3kulcs<\/font><\/i><\/a><\/td>\n<\/tr>\n<tr>\n<td><a href=\"\/erettsegi\/k_tortma_20maj_fl.pdf\"><i><font color=\"blue\">2020. m\u00e1jus (iny)<\/font><\/i><\/a><\/td>\n<td><a href=\"\/erettsegi\/k_tortma_20maj_ut.pdf\"><i><font color=\"blue\">megold\u00f3kulcs<\/font><\/i><\/a><\/td>\n<td><\/td>\n<td><a href=\"\/erettsegi\/e_tortma_20maj_fl.pdf\"><i><font color=\"blue\">2020. m\u00e1jus (iny)<\/font><\/i><\/a><\/td>\n<td><a href=\"\/erettsegi\/e_tortma_20maj_ut.pdf\"><i><font color=\"blue\">megold\u00f3kulcs<\/font><\/i><\/a><\/td>\n<\/tr>\n<tr>\n<td><\/td>\n<td><\/td>\n<td><\/td>\n<td><\/td>\n<td><\/td>\n<\/tr>\n<tr>\n<td><a href=\"\/erettsegi\/k_tort_19okt_fl.pdf\"><i><font color=\"blue\">2019. okt\u00f3ber<\/font><\/i><\/a><\/td>\n<td><a href=\"\/erettsegi\/k_tort_19okt_ut.pdf\"><i><font color=\"blue\">megold\u00f3kulcs<\/font><\/i><\/a><\/td>\n<td><\/td>\n<td><a href=\"\/erettsegi\/e_tort_19okt_fl.pdf\"><i><font color=\"blue\">2019. okt\u00f3ber<\/font><\/i><\/a><\/td>\n<td><a href=\"\/erettsegi\/e_tort_19okt_ut.pdf\"><i><font color=\"blue\">megold\u00f3kulcs<\/font><\/i><\/a><\/td>\n<\/tr>\n<tr>\n<td><a href=\"\/erettsegi\/k_tort_19maj_fl.pdf\"><i><font color=\"blue\">2019. m\u00e1jus<\/font><\/i><\/a><\/td>\n<td><a href=\"\/erettsegi\/k_tort_19maj_ut.pdf\"><i><font color=\"blue\">megold\u00f3kulcs<\/font><\/i><\/a><\/td>\n<td><\/td>\n<td><a href=\"\/erettsegi\/e_tort_19maj_fl.pdf\"><i><font color=\"blue\">2019. m\u00e1jus<\/font><\/i><\/a><\/td>\n<td><a href=\"\/erettsegi\/e_tort_19maj_ut.pdf\"><i><font color=\"blue\">megold\u00f3kulcs<\/font><\/i><\/a><\/td>\n<\/tr>\n<tr>\n<td><a href=\"\/erettsegi\/k_tortma_19maj_fl.pdf\"><i><font color=\"blue\">2019. m\u00e1jus (iny)<\/font><\/i><\/a><\/td>\n<td><a href=\"\/erettsegi\/k_tortma_19maj_ut.pdf\"><i><font color=\"blue\">megold\u00f3kulcs<\/font><\/i><\/a><\/td>\n<td><\/td>\n<td><a href=\"\/erettsegi\/e_tortma_19maj_fl.pdf\"><i><font color=\"blue\">2019. m\u00e1jus (iny)<\/font><\/i><\/a><\/td>\n<td><a href=\"\/erettsegi\/e_tortma_19maj_ut.pdf\"><i><font color=\"blue\">megold\u00f3kulcs<\/font><\/i><\/a><\/td>\n<\/tr>\n<tr>\n<td><\/td>\n<td><\/td>\n<td><\/td>\n<td><\/td>\n<td><\/td>\n<\/tr>\n<tr>\n<td><a href=\"\/erettsegi\/k_tort_18okt_fl.pdf\"><i><font color=\"blue\">2018. okt\u00f3ber<\/font><\/i><\/a><\/td>\n<td><a href=\"\/erettsegi\/k_tort_18okt_ut.pdf\"><i><font color=\"blue\">megold\u00f3kulcs<\/font><\/i><\/a><\/td>\n<td><\/td>\n<td><a href=\"\/erettsegi\/e_tort_18okt_fl.pdf\"><i><font color=\"blue\">2018. okt\u00f3ber<\/font><\/i><\/a><\/td>\n<td><a href=\"\/erettsegi\/e_tort_18okt_ut.pdf\"><i><font color=\"blue\">megold\u00f3kulcs<\/font><\/i><\/a><\/td>\n<\/tr>\n<tr>\n<td><a href=\"\/erettsegi\/k_tort_18maj_fl.pdf\"><i><font color=\"blue\">2018. m\u00e1jus<\/font><\/i><\/a><\/td>\n<td><a href=\"\/erettsegi\/k_tort_18maj_ut.pdf\"><i><font color=\"blue\">megold\u00f3kulcs<\/font><\/i><\/a><\/td>\n<td><\/td>\n<td><a href=\"\/erettsegi\/e_tort_18maj_fl.pdf\"><i><font color=\"blue\">2018. m\u00e1jus<\/font><\/i><\/a><\/td>\n<td><a href=\"\/erettsegi\/e_tort_18maj_ut.pdf\"><i><font color=\"blue\">megold\u00f3kulcs<\/font><\/i><\/a><\/td>\n<\/tr>\n<tr>\n<td><a href=\"\/erettsegi\/k_tortma_18maj_fl.pdf\"><i><font color=\"blue\">2018. m\u00e1jus (iny)<\/font><\/i><\/a><\/td>\n<td><a href=\"\/erettsegi\/k_tortma_18maj_ut.pdf\"><i><font color=\"blue\">megold\u00f3kulcs<\/font><\/i><\/a><\/td>\n<td><\/td>\n<td><a href=\"\/erettsegi\/e_tortma_18maj_fl.pdf\"><i><font color=\"blue\">2018. m\u00e1jus (iny)<\/font><\/i><\/a><\/td>\n<td><a href=\"\/erettsegi\/e_tortma_18maj_ut.pdf\"><i><font color=\"blue\">megold\u00f3kulcs<\/font><\/i><\/a><\/td>\n<\/tr>\n<tr>\n<td><\/td>\n<td><\/td>\n<td><\/td>\n<td><\/td>\n<td><\/td>\n<\/tr>\n<tr>\n<td><a href=\"\/erettsegi\/k_tort_17okt_fl.pdf\"><i><font color=\"blue\">2017. okt\u00f3ber<\/font><\/i><\/a><\/td>\n<td><a href=\"\/erettsegi\/k_tort_17okt_ut.pdf\"><i><font color=\"blue\">megold\u00f3kulcs<\/font><\/i><\/a><\/td>\n<td><\/td>\n<td><a href=\"\/erettsegi\/e_tort_17okt_fl.pdf\"><i><font color=\"blue\">2017. okt\u00f3ber<\/font><\/i><\/a><\/td>\n<td><a href=\"\/erettsegi\/e_tort_17okt_ut.pdf\"><i><font color=\"blue\">megold\u00f3kulcs<\/font><\/i><\/a><\/td>\n<\/tr>\n<tr>\n<td><a href=\"\/erettsegi\/k_tort_17maj_fl.pdf\"><i><font color=\"blue\">2017. m\u00e1jus<\/font><\/i><\/a><\/td>\n<td><a href=\"\/erettsegi\/k_tort_17maj_ut.pdf\"><i><font color=\"blue\">megold\u00f3kulcs<\/font><\/i><\/a><\/td>\n<td><\/td>\n<td><a href=\"\/erettsegi\/e_tort_17maj_fl.pdf\"><i><font color=\"blue\">2017. m\u00e1jus<\/font><\/i><\/a><\/td>\n<td><a href=\"\/erettsegi\/e_tort_17maj_ut.pdf\"><i><font color=\"blue\">megold\u00f3kulcs<\/font><\/i><\/a><\/td>\n<\/tr>\n<tr>\n<td><a href=\"\/erettsegi\/k_tortma_17maj_fl.pdf\"><i><font color=\"blue\">2017. m\u00e1jus (iny)<\/font><\/i><\/a><\/td>\n<td><a href=\"\/erettsegi\/k_tortma_17maj_ut.pdf\"><i><font color=\"blue\">megold\u00f3kulcs<\/font><\/i><\/a><\/td>\n<td><\/td>\n<td><a href=\"\/erettsegi\/e_tortma_17maj_fl.pdf\"><i><font color=\"blue\">2017. m\u00e1jus (iny)<\/font><\/i><\/a><\/td>\n<td><a href=\"\/erettsegi\/e_tortma_17maj_ut.pdf\"><i><font color=\"blue\">megold\u00f3kulcs<\/font><\/i><\/a><\/td>\n<\/tr>\n<tr>\n<td><\/td>\n<td><\/td>\n<td><\/td>\n<td><\/td>\n<td><\/td>\n<\/tr>\n<tr>\n<td><a href=\"\/erettsegi\/k_tort_16okt_fl.pdf\"><i><font color=\"blue\">2016. okt\u00f3ber<\/font><\/i><\/a><\/td>\n<td><a href=\"\/erettsegi\/k_tort_16okt_ut.pdf\"><i><font color=\"blue\">megold\u00f3kulcs<\/font><\/i><\/a><\/td>\n<td><\/td>\n<td><a href=\"\/erettsegi\/e_tort_16okt_fl.pdf\"><i><font color=\"blue\">2016. okt\u00f3ber<\/font><\/i><\/a><\/td>\n<td><a href=\"\/erettsegi\/e_tort_16okt_ut.pdf\"><i><font color=\"blue\">megold\u00f3kulcs<\/font><\/i><\/a><\/td>\n<\/tr>\n<tr>\n<td><a href=\"\/erettsegi\/k_tort_16maj_fl.pdf\"><i><font color=\"blue\">2016. m\u00e1jus<\/font><\/i><\/a><\/td>\n<td><a href=\"\/erettsegi\/k_tort_16maj_ut.pdf\"><i><font color=\"blue\">megold\u00f3kulcs<\/font><\/i><\/a><\/td>\n<td><\/td>\n<td><a href=\"\/erettsegi\/e_tort_16maj_fl.pdf\"><i><font color=\"blue\">2016. m\u00e1jus<\/font><\/i><\/a><\/td>\n<td><a href=\"\/erettsegi\/e_tort_16maj_ut.pdf\"><i><font color=\"blue\">megold\u00f3kulcs<\/font><\/i><\/a><\/td>\n<\/tr>\n<tr>\n<td><a href=\"\/erettsegi\/k_tortma_16maj_fl.pdf\"><i><font color=\"blue\">2016. m\u00e1jus (iny)<\/font><\/i><\/a><\/td>\n<td><a href=\"\/erettsegi\/k_tortma_16maj_ut.pdf\"><i><font color=\"blue\">megold\u00f3kulcs<\/font><\/i><\/a><\/td>\n<td><\/td>\n<td><a href=\"\/erettsegi\/e_tortma_16maj_fl.pdf\"><i><font color=\"blue\">2016. m\u00e1jus (iny)<\/font><\/i><\/a><\/td>\n<td><a href=\"\/erettsegi\/e_tortma_16maj_ut.pdf\"><i><font color=\"blue\">megold\u00f3kulcs<\/font><\/i><\/a><\/td>\n<\/tr>\n<tr>\n<td><\/td>\n<td><\/td>\n<td><\/td>\n<td><\/td>\n<td><\/td>\n<\/tr>\n<tr>\n<td><a href=\"\/erettsegi\/k_tort_15okt_fl.pdf\"><i><font color=\"blue\">2015. okt\u00f3ber<\/font><\/i><\/a><\/td>\n<td><a href=\"\/erettsegi\/k_tort_15okt_ut.pdf\"><i><font color=\"blue\">megold\u00f3kulcs<\/font><\/i><\/a><\/td>\n<td><\/td>\n<td><a href=\"\/erettsegi\/e_tort_15okt_fl.pdf\"><i><font color=\"blue\">2015. okt\u00f3ber<\/font><\/i><\/a><\/td>\n<td><a href=\"\/erettsegi\/e_tort_15okt_ut.pdf\"><i><font color=\"blue\">megold\u00f3kulcs<\/font><\/i><\/a><\/td>\n<\/tr>\n<tr>\n<td><a href=\"\/erettsegi\/k_tort_15maj_fl.pdf\"><i><font color=\"blue\">2015. m\u00e1jus<\/font><\/i><\/a><\/td>\n<td><a href=\"\/erettsegi\/k_tort_15maj_ut.pdf\"><i><font color=\"blue\">megold\u00f3kulcs<\/font><\/i><\/a><\/td>\n<td><\/td>\n<td><a href=\"\/erettsegi\/e_tort_15maj_fl.pdf\"><i><font color=\"blue\">2015. m\u00e1jus<\/font><\/i><\/a><\/td>\n<td><a href=\"\/erettsegi\/e_tort_15maj_ut.pdf\"><i><font color=\"blue\">megold\u00f3kulcs<\/font><\/i><\/a><\/td>\n<\/tr>\n<tr>\n<td><a href=\"\/erettsegi\/k_tortma_15maj_fl.pdf\"><i><font color=\"blue\">2015. m\u00e1jus (iny)<\/font><\/i><\/a><\/td>\n<td><a href=\"\/erettsegi\/k_tortma_15maj_ut.pdf\"><i><font color=\"blue\">megold\u00f3kulcs<\/font><\/i><\/a><\/td>\n<td><\/td>\n<td><a href=\"\/erettsegi\/e_tortma_15maj_fl.pdf\"><i><font color=\"blue\">2015. m\u00e1jus (iny)<\/font><\/i><\/a><\/td>\n<td><a href=\"\/erettsegi\/e_tortma_15maj_ut.pdf\"><i><font color=\"blue\">megold\u00f3kulcs<\/font><\/i><\/a><\/td>\n<\/tr>\n<\/tbody>\n<\/table>\n","protected":false},"excerpt":{"rendered":"<p>K\u00f6z\u00e9pszint\u0171 Emelt szint\u0171 2025. okt\u00f3ber megold\u00f3kulcs 2025. okt\u00f3ber megold\u00f3kulcs 2025. m\u00e1jus megold\u00f3kulcs 2025. m\u00e1jus megold\u00f3kulcs 2025. m\u00e1jus (iny) megold\u00f3kulcs 2025. m\u00e1jus (iny) megold\u00f3kulcs 2024. okt\u00f3ber&#8230;<\/p>\n<div class=\"more-link-wrapper\"><a class=\"more-link\" href=\"https:\/\/tortenelem.fazekas.hu\/?page_id=64\">Continue reading<span class=\"screen-reader-text\">T\u00f6rt\u00e9nelem k\u00f6z\u00e9p- \u00e9s emelt szint\u0171 feladatsorok<\/span><\/a><\/div>\n","protected":false},"author":1,"featured_media":0,"parent":62,"menu_order":0,"comment_status":"closed","ping_status":"closed","template":"","meta":{"ngg_post_thumbnail":0,"footnotes":""},"class_list":["post-64","page","type-page","status-publish","hentry","entry"],"_links":{"self":[{"href":"https:\/\/tortenelem.fazekas.hu\/index.php?rest_route=\/wp\/v2\/pages\/64","targetHints":{"allow":["GET"]}}],"collection":[{"href":"https:\/\/tortenelem.fazekas.hu\/index.php?rest_route=\/wp\/v2\/pages"}],"about":[{"href":"https:\/\/tortenelem.fazekas.hu\/index.php?rest_route=\/wp\/v2\/types\/page"}],"author":[{"embeddable":true,"href":"https:\/\/tortenelem.fazekas.hu\/index.php?rest_route=\/wp\/v2\/users\/1"}],"replies":[{"embeddable":true,"href":"https:\/\/tortenelem.fazekas.hu\/index.php?rest_route=%2Fwp%2Fv2%2Fcomments&post=64"}],"version-history":[{"count":48,"href":"https:\/\/tortenelem.fazekas.hu\/index.php?rest_route=\/wp\/v2\/pages\/64\/revisions"}],"predecessor-version":[{"id":1355,"href":"https:\/\/tortenelem.fazekas.hu\/index.php?rest_route=\/wp\/v2\/pages\/64\/revisions\/1355"}],"up":[{"embeddable":true,"href":"https:\/\/tortenelem.fazekas.hu\/index.php?rest_route=\/wp\/v2\/pages\/62"}],"wp:attachment":[{"href":"https:\/\/tortenelem.fazekas.hu\/index.php?rest_route=%2Fwp%2Fv2%2Fmedia&parent=64"}],"curies":[{"name":"wp","href":"https:\/\/api.w.org\/{rel}","templated":true}]}}