{"id":62,"date":"2021-10-21T14:37:52","date_gmt":"2021-10-21T14:37:52","guid":{"rendered":"https:\/\/tortenelem-uj.fazekas.hu\/?page_id=62"},"modified":"2026-03-30T22:44:54","modified_gmt":"2026-03-30T20:44:54","slug":"erettsegi-feladatsorok","status":"publish","type":"page","link":"https:\/\/tortenelem.fazekas.hu\/?page_id=62","title":{"rendered":"\u00c9retts\u00e9gi"},"content":{"rendered":"<p align=\"center\">Sz\u00f3beli \u00e9retts\u00e9gi t\u00e9mak\u00f6r\u00f6k a 2025-ben v\u00e9gz\u0151 oszt\u00e1lyok sz\u00e1m\u00e1ra<\/p>\n<p align=\"center\"><a href=\"hirek\/erettsegi_szobeli_tematika_2025A.pdf \"><span style=\"color: blue;\">12.A oszt\u00e1ly<\/span><\/a><\/p>\n<p align=\"center\"><a href=\"hirek\/erettsegi_szobeli_tematika_2025B.pdf \"><span style=\"color: blue;\">12.B oszt\u00e1ly<\/span><\/a><\/p>\n<p align=\"center\"><a href=\"hirek\/erettsegi_szobeli_tematika_2025C.pdf \"><span style=\"color: blue;\">12.C oszt\u00e1ly<\/span><\/a><\/p>\n<p align=\"center\"><a href=\"hirek\/erettsegi_szobeli_tematika_2025D.pdf \"><span style=\"color: blue;\">12.D oszt\u00e1ly<\/span><\/a><\/p>\n<p align=\"center\"><a href=\"hirek\/erettsegi_szobeli_tematika_2025filozofia.pdf\"><span style=\"color: blue;\">filoz\u00f3fia<\/span><\/a><\/p>\n<p>&nbsp;<\/p>\n<hr>\n<p>&nbsp;<\/p>\n<p align=\"center\"><a href=\"http:\/\/tortenelem.fazekas.hu\/?page_id=64\"><font color=\"blue\">T\u00f6rt\u00e9nelem k\u00f6z\u00e9p- \u00e9s emelt szint\u0171 feladatsorok<\/font><\/a><\/p>\n<p align=\"center\"><a href=\"http:\/\/tortenelem.fazekas.hu\/?page_id=1459\"><font color=\"blue\">Pr\u00f3ba\u00e9retts\u00e9gi feladatsorok<\/font><\/a><\/p>\n<p align=\"center\"><a href=\"http:\/\/tortenelem.fazekas.hu\/?page_id=58\"><font color=\"blue\">\u00c9retts\u00e9gi t\u00e9telek t\u00f6m\u00f6ren (Nat2020)<\/font><\/a><\/p>\n<p align=\"center\"><a href=\"http:\/\/tortenelem.fazekas.hu\/?page_id=70\"><font color=\"blue\">Kidolgozott t\u00e9mak\u00f6r\u00f6k gyakorl\u00f3 feladatokkal<\/font><\/a><\/p>\n<p align=\"center\"><a href=\"http:\/\/tortenelem.fazekas.hu\/?page_id=53\"><font color=\"blue\">R\u00e9szletes \u00e9retts\u00e9gi t\u00e9telek<\/font><\/a><\/p>\n<p align=\"center\"><a href=\"http:\/\/tortenelem.fazekas.hu\/?page_id=68\"><font color=\"blue\">Essz\u00e9kidolgoz\u00e1sok<\/font><\/a><\/p>\n","protected":false},"excerpt":{"rendered":"<p>Sz\u00f3beli \u00e9retts\u00e9gi t\u00e9mak\u00f6r\u00f6k a 2025-ben v\u00e9gz\u0151 oszt\u00e1lyok sz\u00e1m\u00e1ra 12.A oszt\u00e1ly 12.B oszt\u00e1ly 12.C oszt\u00e1ly 12.D oszt\u00e1ly filoz\u00f3fia &nbsp; &nbsp; T\u00f6rt\u00e9nelem k\u00f6z\u00e9p- \u00e9s emelt szint\u0171 feladatsorok&#8230;<\/p>\n<div class=\"more-link-wrapper\"><a class=\"more-link\" href=\"https:\/\/tortenelem.fazekas.hu\/?page_id=62\">Continue reading<span class=\"screen-reader-text\">\u00c9retts\u00e9gi<\/span><\/a><\/div>\n","protected":false},"author":1,"featured_media":0,"parent":0,"menu_order":2,"comment_status":"closed","ping_status":"closed","template":"","meta":{"ngg_post_thumbnail":0,"footnotes":""},"class_list":["post-62","page","type-page","status-publish","hentry","entry"],"_links":{"self":[{"href":"https:\/\/tortenelem.fazekas.hu\/index.php?rest_route=\/wp\/v2\/pages\/62","targetHints":{"allow":["GET"]}}],"collection":[{"href":"https:\/\/tortenelem.fazekas.hu\/index.php?rest_route=\/wp\/v2\/pages"}],"about":[{"href":"https:\/\/tortenelem.fazekas.hu\/index.php?rest_route=\/wp\/v2\/types\/page"}],"author":[{"embeddable":true,"href":"https:\/\/tortenelem.fazekas.hu\/index.php?rest_route=\/wp\/v2\/users\/1"}],"replies":[{"embeddable":true,"href":"https:\/\/tortenelem.fazekas.hu\/index.php?rest_route=%2Fwp%2Fv2%2Fcomments&post=62"}],"version-history":[{"count":14,"href":"https:\/\/tortenelem.fazekas.hu\/index.php?rest_route=\/wp\/v2\/pages\/62\/revisions"}],"predecessor-version":[{"id":1462,"href":"https:\/\/tortenelem.fazekas.hu\/index.php?rest_route=\/wp\/v2\/pages\/62\/revisions\/1462"}],"wp:attachment":[{"href":"https:\/\/tortenelem.fazekas.hu\/index.php?rest_route=%2Fwp%2Fv2%2Fmedia&parent=62"}],"curies":[{"name":"wp","href":"https:\/\/api.w.org\/{rel}","templated":true}]}}