{"id":60,"date":"2021-10-21T14:37:29","date_gmt":"2021-10-21T14:37:29","guid":{"rendered":"https:\/\/tortenelem-uj.fazekas.hu\/?page_id=60"},"modified":"2023-10-18T11:18:56","modified_gmt":"2023-10-18T09:18:56","slug":"hasznos-honlapok","status":"publish","type":"page","link":"https:\/\/tortenelem.fazekas.hu\/?page_id=60","title":{"rendered":"Hasznos honlapok"},"content":{"rendered":"<p><a href=\"https:\/\/ujkor.hu\/\"><font color=\"blue\">https:\/\/ujkor.hu<\/font><\/a><br \/>\nA t\u00f6rt\u00e9nettudom\u00e1nyi ismeretterjeszt\u0151 port\u00e1l sz\u00ednvonalas, gazdag k\u00e9panyaggal ell\u00e1tott, ismeretterjeszt\u0151 cikkeket k\u00f6z\u00f6l. Az \u00edr\u00e1sok szerz\u0151i j\u00f3nev\u0171 t\u00f6rt\u00e9n\u00e9szek, t\u00f6rt\u00e9nelemtan\u00e1rok. Rendszeresen szeml\u00e9z m\u00e1s online lapokat, ki\u00e1ll\u00edt\u00e1sokat, konferenci\u00e1kr\u00f3l, el\u0151ad\u00e1sokr\u00f3l t\u00e1j\u00e9koztat, tudom\u00e1nyos kutat\u00f3kkal k\u00e9sz\u00fclt interj\u00fakat k\u00f6z\u00f6l.<br \/>\n&nbsp;<br \/>\n<a href=\"http:\/\/www.1001tortenet.net\"><font color=\"blue\">https:\/\/www.1001tortenet.net\/<\/font><\/a><br \/>\nDi\u00e1koknak \u00e9s tan\u00e1roknak sz\u00f3l\u00f3 t\u00f6rt\u00e9nelem\u00f3rai feladatok, forr\u00e1sok, seg\u00e9danyagok, vide\u00f3k stb. gy\u0171jtem\u00e9nye. T\u00f6ri\u00e9retts\u00e9gi kincsest\u00e1r \u2013 az \u00e9retts\u00e9gire val\u00f3 k\u00e9sz\u00fcl\u00e9s \u201epraktik\u00e1i\u201d. Egy gyakorl\u00f3 t\u00f6rt\u00e9nelemtan\u00e1r blogbejegyz\u00e9sei a tan\u00e1ri hat\u00e9konys\u00e1gr\u00f3l.<br \/>\n&nbsp;<br \/>\n<a href=\"https:\/\/tte.hu\/\"><font color=\"blue\">https:\/\/tte.hu<\/font><\/a><br \/>\nA T\u00f6rt\u00e9nelemtan\u00e1rok Egylet\u00e9nek tagjai kev\u00e9sb\u00e9 ismert (de ann\u00e1l \u00e9rdekesebb), a tananyaghoz nem igaz\u00e1n k\u00f6zel \u00e1ll\u00f3, sokkal ink\u00e1bb annak kieg\u00e9sz\u00edt\u00e9s\u00e9re \u00e9s az \u00e9rdekl\u0151d\u00e9s felkelt\u00e9s\u00e9re szolg\u00e1l\u00f3 t\u00e9m\u00e1j\u00fa cikkeket publik\u00e1lnak. Egy-egy k\u00e9rd\u00e9sre, sztereot\u00edpi\u00e1ra, majd ezek megv\u00e1laszol\u00e1s\u00e1ra, sokszor az ellent\u00e9t\u00fcknek bebizony\u00edt\u00e1s\u00e1ra \u00e9p\u00fclnek fel az \u00edr\u00e1sok. Mindemellett a t\u00f6rt\u00e9nelemtan\u00edt\u00e1sr\u00f3l osztanak meg \u00e9rt\u00e9kes, tapasztalatokkal al\u00e1t\u00e1masztott gondolatokat. <i>(T\u00f3th Anna Bodza 2025A)<\/i><br \/>\n&nbsp;<br \/>\n<a href=\"https:\/\/tenyleg.com\/\"><font color=\"blue\">https:\/\/tenyleg.com<\/font><\/a><br \/>\nA weboldal rovataiban hamis, \u00e9rzelmi alapon kre\u00e1lt magyar \u00e9s m\u00e1s orsz\u00e1gokhoz tartoz\u00f3 t\u00f6rt\u00e9nelmi m\u00edtoszokat vesz sorra \u00e9s c\u00e1fol meg. Cikkeit t\u00f6rt\u00e9nelemtan\u00e1rok, r\u00e9g\u00e9szek, t\u00f6rt\u00e9n\u00e9szek \u00edrj\u00e1k. K\u00fcl\u00f6nlegess\u00e9ge, hogy egy-egy t\u00f6rt\u00e9nelmi esem\u00e9ny kapcs\u00e1n ig\u00e9nyesen szerkesztett, adatokkal is al\u00e1t\u00e1masztott vit\u00e1kat oszt meg. Az &#8216;\u00e1ll\u00edt\u00e1s&#8217; \u00e9s a &#8216;c\u00e1folat&#8217; ut\u00e1n a &#8216;b\u0151vebben&#8217; f\u00fclet megnyitva r\u00e9szletesebben is olvashatunk az adott m\u00edtoszr\u00f3l. <i>(T\u00f3th Anna Bodza 2025A)<\/i><\/p>\n","protected":false},"excerpt":{"rendered":"<p>https:\/\/ujkor.hu A t\u00f6rt\u00e9nettudom\u00e1nyi ismeretterjeszt\u0151 port\u00e1l sz\u00ednvonalas, gazdag k\u00e9panyaggal ell\u00e1tott, ismeretterjeszt\u0151 cikkeket k\u00f6z\u00f6l. Az \u00edr\u00e1sok szerz\u0151i j\u00f3nev\u0171 t\u00f6rt\u00e9n\u00e9szek, t\u00f6rt\u00e9nelemtan\u00e1rok. Rendszeresen szeml\u00e9z m\u00e1s online lapokat, ki\u00e1ll\u00edt\u00e1sokat, konferenci\u00e1kr\u00f3l,&#8230;<\/p>\n<div class=\"more-link-wrapper\"><a class=\"more-link\" href=\"https:\/\/tortenelem.fazekas.hu\/?page_id=60\">Continue reading<span class=\"screen-reader-text\">Hasznos honlapok<\/span><\/a><\/div>\n","protected":false},"author":1,"featured_media":0,"parent":32,"menu_order":3,"comment_status":"closed","ping_status":"closed","template":"","meta":{"ngg_post_thumbnail":0,"footnotes":""},"class_list":["post-60","page","type-page","status-publish","hentry","entry"],"_links":{"self":[{"href":"https:\/\/tortenelem.fazekas.hu\/index.php?rest_route=\/wp\/v2\/pages\/60","targetHints":{"allow":["GET"]}}],"collection":[{"href":"https:\/\/tortenelem.fazekas.hu\/index.php?rest_route=\/wp\/v2\/pages"}],"about":[{"href":"https:\/\/tortenelem.fazekas.hu\/index.php?rest_route=\/wp\/v2\/types\/page"}],"author":[{"embeddable":true,"href":"https:\/\/tortenelem.fazekas.hu\/index.php?rest_route=\/wp\/v2\/users\/1"}],"replies":[{"embeddable":true,"href":"https:\/\/tortenelem.fazekas.hu\/index.php?rest_route=%2Fwp%2Fv2%2Fcomments&post=60"}],"version-history":[{"count":13,"href":"https:\/\/tortenelem.fazekas.hu\/index.php?rest_route=\/wp\/v2\/pages\/60\/revisions"}],"predecessor-version":[{"id":752,"href":"https:\/\/tortenelem.fazekas.hu\/index.php?rest_route=\/wp\/v2\/pages\/60\/revisions\/752"}],"up":[{"embeddable":true,"href":"https:\/\/tortenelem.fazekas.hu\/index.php?rest_route=\/wp\/v2\/pages\/32"}],"wp:attachment":[{"href":"https:\/\/tortenelem.fazekas.hu\/index.php?rest_route=%2Fwp%2Fv2%2Fmedia&parent=60"}],"curies":[{"name":"wp","href":"https:\/\/api.w.org\/{rel}","templated":true}]}}