{"id":58,"date":"2021-10-21T14:37:03","date_gmt":"2021-10-21T14:37:03","guid":{"rendered":"https:\/\/tortenelem-uj.fazekas.hu\/?page_id=58"},"modified":"2026-04-06T11:52:52","modified_gmt":"2026-04-06T09:52:52","slug":"erettsegi-tetelek-tomoren","status":"publish","type":"page","link":"https:\/\/tortenelem.fazekas.hu\/?page_id=58","title":{"rendered":"\u00c9retts\u00e9gi t\u00e9telek t\u00f6m\u00f6ren (Nat2020)"},"content":{"rendered":"<p><b>\u00d3kort\u00f6rt\u00e9net<\/b><br \/>\n<a href=\"erettsegi\/tomor\/01_okori_vallasok_irasok_epiteszet_penz_hunok.pdf\"><i><font color=\"blue\"><b>1.<\/b> \u00d3kori vall\u00e1sok (\u00f3kori kelet, g\u00f6r\u00f6g-r\u00f3mai). \u00d3kori \u00edr\u00e1sok. A g\u00f6r\u00f6g \u00e9s a r\u00f3mai \u00e9p\u00edt\u00e9szet. A p\u00e9nz megjelen\u00e9se, form\u00e1i \u00e9s szerepe az \u00f3kori gazdas\u00e1gban. A sztyeppei \u00e1llam: a Hun Birodalom \u00e9s h\u00f3d\u00edt\u00e1sainak ir\u00e1nya (1.1, 1.2, 1.3)<\/font><\/i><\/a><br \/>\n<a href=\"erettsegi\/tomor\/02_zsido_monoteizmus_keresztenyseg_1054.pdf\"><i><font color=\"blue\"><b>2.<\/b> A zsid\u00f3 monoteizmus. A kereszt\u00e9nys\u00e9g kialakul\u00e1sa, tanai \u00e9s elterjed\u00e9se. Az 1054. \u00e9vi egyh\u00e1zszakad\u00e1s (1.3, 2.3)<\/font><\/i><\/a><br \/>\n<a href=\"erettsegi\/tomor\/03_atheni_demokracia.pdf\"><i><font color=\"blue\"><b>3.<\/b> Az ath\u00e9ni \u00e1llamszervezet \u00e9s m\u0171k\u00f6d\u00e9se a demokr\u00e1cia vir\u00e1gkor\u00e1ban (1.1)<\/font><\/i><\/a><br \/>\n<a href=\"erettsegi\/tomor\/04_romai_koztarsasag_valsaga_principatus.pdf\"><i><font color=\"blue\"><b>4.<\/b> K\u00f6zt\u00e1rsas\u00e1gb\u00f3l egyeduralom: a r\u00f3mai k\u00f6zt\u00e1rsas\u00e1g v\u00e1ls\u00e1ga, Caesar \u00e9s Augustus (1.1)<\/font><\/i><\/a><br \/>\n&nbsp;<\/p>\n<hr \/>\n<p>&nbsp;<br \/>\n<b>K\u00f6z\u00e9pkori egyetemes t\u00f6rt\u00e9net<\/b><br \/>\n<a href=\"erettsegi\/tomor\/05_iszlam.pdf \"><i><font color=\"blue\"><b>5.<\/b> Az iszl\u00e1m: Mohamed tan\u00edt\u00e1sai \u00e9s a Kor\u00e1n. Az arab h\u00f3d\u00edt\u00e1s \u00e9s feltart\u00f3ztat\u00e1sa Eur\u00f3p\u00e1ban (2.1)<\/font><\/i><\/a><br \/>\n<a href=\"erettsegi\/tomor\/06_kozepkori_gazdasag_kozepkori_varos.pdf\"><i><font color=\"blue\"><b>6.<\/b> K\u00f6z\u00e9pkori gazdas\u00e1g: termel\u00e9si technik\u00e1k, technol\u00f3gi\u00e1k a k\u00f6z\u00e9pkori \u00e9s kora \u00fajkori Eur\u00f3p\u00e1ban. K\u00f6z\u00e9pkori v\u00e1rosok (2.2)<\/font><\/i><\/a><br \/>\n<a href=\"erettsegi\/tomor\/07_huberiseg_rendi_monarchia.pdf\"><i><font color=\"blue\"><b>7.<\/b> H\u0171b\u00e9ri rendszer a k\u00f6z\u00e9pkorban. A rendi monarchia kialakul\u00e1sa Angli\u00e1ban \u00e9s Franciaorsz\u00e1gban, kitekint\u00e9ssel Magyarorsz\u00e1gra (2.2)<\/font><\/i><\/a><br \/>\n<a href=\"erettsegi\/tomor\/08_kozepkori_kultura.pdf \"><i><font color=\"blue\"><b>8.<\/b> Egyh\u00e1zi \u00e9s vil\u00e1gi kult\u00fara a k\u00f6z\u00e9pkorban (2.3)<\/font><\/i><\/a><br \/>\n<a href=\"erettsegi\/tomor\/09_kozepkori_egyhaz_hierarchia_szerzetesrendek.pdf \"><i><font color=\"blue\"><b>9.<\/b> Az egyh\u00e1zi hierarchia, int\u00e9zm\u00e9nyrendszer, a szerzetesrendek (2.3)<\/font><\/i><\/a><br \/>\n&nbsp;<\/p>\n<hr \/>\n<p>&nbsp;<br \/>\n<b>K\u00f6z\u00e9pkori magyar t\u00f6rt\u00e9net<\/b><br \/>\n<a href=\"erettsegi\/tomor\/10_magyar_ostortenet_honfoglalas.pdf \"><i><font color=\"blue\"><b>10.<\/b> Magyar \u0151st\u00f6rt\u00e9net \u00e9s honfoglal\u00e1s (a magyars\u00e1g eredet\u00e9nek vitatott k\u00e9rd\u00e9sei) (2.4)<\/font><\/i><\/a><br \/>\n<a href=\"erettsegi\/tomor\/11_magyar_allamalapitas.pdf \"><i><font color=\"blue\"><b>11.<\/b> A magyar \u00e1llamalap\u00edt\u00e1s (2.5)<\/font><\/i><\/a><br \/>\n<a href=\"erettsegi\/tomor\/12_magyarorszag_a_12_szazadban.pdf \"><i><font color=\"blue\"><b>12.<\/b> Magyarorsz\u00e1g a 12. sz\u00e1zadban (Szent L\u00e1szl\u00f3, K\u00f6nyves K\u00e1lm\u00e1n, III. B\u00e9la) (2.5)<\/font><\/i><\/a><br \/>\n<a href=\"erettsegi\/tomor\/13_Magyarorszag_a_13_szazadban_II_ Andras_es_IV_Bela.pdf \"><i><font color=\"blue\"><b>13.<\/b> Magyarorsz\u00e1g a 13. sz\u00e1zadban: II. Andr\u00e1s, IV. B\u00e9la \u00e9s a tat\u00e1rj\u00e1r\u00e1s (1241\/1242) (2.5)<\/font><\/i><\/a><br \/>\n<a href=\"erettsegi\/tomor\/14_anjou_gazdas\u00e1gpolitika_kozepkori_magyar_varosok.pdf\"><i><font color=\"blue\"><b>14.<\/b> Az Anjouk \u00e9s gazdas\u00e1gpolitik\u00e1juk. K\u00f6z\u00e9pkori magyar v\u00e1rosfejl\u0151d\u00e9s (2.6)<\/font><\/i><\/a><br \/>\n<a href=\"erettsegi\/tomor\/15_magyarorszag_oszman_birodalom_kozepkor.pdf\"><i><font color=\"blue\"><b>15.<\/b> Az Oszm\u00e1n Birodalom \u00e9s a Magyar Kir\u00e1lys\u00e1g viszony\u00e1nak alakul\u00e1sa (1387\u20131490) (2.6)<\/font><\/i><\/a><br \/>\n<a href=\"erettsegi\/tomor\/16_hunyadi_matyas.pdf\"><i><font color=\"blue\"><b>16.<\/b> Hunyadi M\u00e1ty\u00e1s (1458\u20131490) reformjai \u00e9s k\u00fclpolitik\u00e1ja (2.6)<\/font><\/i><\/a><br \/>\n&nbsp;<\/p>\n<hr \/>\n<p>&nbsp;<br \/>\n<b>Kora \u00fajkori egyetemes t\u00f6rt\u00e9net<\/b><br \/>\n<a href=\"erettsegi\/tomor\/17_nagy_foldrajzi_felfedezesek_kovetkezmenyek.pdf \"><i><font color=\"blue\"><b>17.<\/b> A nagy f\u00f6ldrajzi felfedez\u00e9sek, a korai kapitalizmus, a spanyol \u00e9s portug\u00e1l gyarmatos\u00edt\u00e1s (3.1)<\/font><\/i><\/a><br \/>\n&nbsp;<\/p>\n<hr \/>\n<p>&nbsp;<br \/>\n<b>Kora \u00fajkori magyar t\u00f6rt\u00e9net<\/b><br \/>\n<a href=\"erettsegi\/tomor\/19_mohacs_harom_reszre_szakadas_varhaboruk.pdf \"><i><font color=\"blue\"><b>19.<\/b> A moh\u00e1csi v\u00e9sz \u00e9s az orsz\u00e1g h\u00e1rom r\u00e9szre szakad\u00e1sa, a v\u00e1rh\u00e1bor\u00fak (3.3)<\/font><\/i><\/a><br \/>\n<a href=\"erettsegi\/tomor\/20_rendi_mozgalmak_torok_kiuzese.pdf \"><i><font color=\"blue\"><b>20.<\/b> Rendi \u00e9s abszolutista t\u00f6rekv\u00e9sek, konfliktusok a 17. sz\u00e1zadban: a Bocskai-szabads\u00e1gharc, Bethlen G\u00e1bor bekapcsol\u00f3d\u00e1sa a harminc\u00e9ves h\u00e1bor\u00faba, Zr\u00ednyi Mikl\u00f3s p\u00e1lyafut\u00e1sa. A t\u00f6r\u00f6k ki\u0171z\u00e9se Magyarorsz\u00e1gr\u00f3l (3.3., 3.4)<\/font><\/i><\/a><br \/>\n<a href=\"erettsegi\/tomor\/27_felvilagosult_abszolutizmus_habsburg_birodalom.pdf \"><i><font color=\"blue\"><b>27.<\/b> Felvil\u00e1gosult abszolutizmus a Habsburg Birodalomban (3.6)<\/font><\/i><\/a><br \/>\n&nbsp;<\/p>\n<hr \/>\n<p>&nbsp;<br \/>\n<b>\u00dajkori egyetemes t\u00f6rt\u00e9net<\/b><br \/>\n<a href=\"erettsegi\/tomor\/28_jakobinus_diktatura_napoleon_becsi_kongresszus.pdf \"><i><font color=\"blue\"><b>28.<\/b> A jakobinus diktat\u00fara, a nap\u00f3leoni h\u00e1bor\u00fak, a b\u00e9csi kongresszus (3.6)<\/font><\/i><\/a><br \/>\n<a href=\"erettsegi\/tomor\/30_XIX_szazadi_eszmek.pdf\"><i><font color=\"blue\"><b>30.<\/b> A 19. sz\u00e1zad eszm\u00e9i (liberalizmus, nacionalizmus, konzervativizmus) (4.1)<\/font><\/i><\/a><br \/>\n<a href=\"erettsegi\/tomor\/31_szocializmus_iranyzatai.pdf\"><i><font color=\"blue\"><b>31.<\/b> A szocializmus ir\u00e1nyzatai (4.6)<\/font><\/i><\/a><br \/>\n<a href=\"erettsegi\/tomor\/32_gyarmati_rendszer_es_felbomlasa.pdf\"><i><font color=\"blue\"><b>32.<\/b> Gyarmatos\u00edt\u00e1s \u00e9s a gyarmati rendszer felboml\u00e1sa (4.7., 6.1)<\/font><\/i><\/a><br \/>\n&nbsp;<\/p>\n<hr \/>\n<p>&nbsp;<br \/>\n<b>Magyarorsz\u00e1g az \u00fajkorban<\/b><br \/>\n<a href=\"erettsegi\/tomor\/33_reformkor_szechenyi_kossuth.pdf\"><i><font color=\"blue\"><b>33.<\/b> A reformkor. Sz\u00e9chenyi \u00e9s Kossuth reformprogramja, egym\u00e1ssal folytatott vit\u00e1juk (4.3)<\/font><\/i><\/a><br \/>\n<a href=\"erettsegi\/tomor\/34_reformkor_allamszervezet_1848_batthyany_kormany.pdf\"><i><font color=\"blue\"><b>34.<\/b> A rendi orsz\u00e1ggy\u0171l\u00e9s \u00e9s a megyerendszer a reformkorban. T\u00f6rv\u00e9nyes forradalom \u00e9s az \u00e1prilisi t\u00f6rv\u00e9nyek. A Batthy\u00e1ny-korm\u00e1ny (4.3, 4.4)<\/font><\/i><\/a><br \/>\n<a href=\"erettsegi\/tomor\/35_1848_1849.pdf\"><i><font color=\"blue\"><b>35.<\/b> Az 1848\u201349-i szabads\u00e1gharc (4.4)<\/font><\/i><\/a><br \/>\n<a href=\"erettsegi\/tomor\/36_kiegyezes_elozmenyei_es_tartalma.pdf\"><i><font color=\"blue\"><b>36.<\/b> A kiegyez\u00e9s el\u0151zm\u00e9nyei, a k\u00f6z\u00f6s \u00fcgyek, a magyar \u00e1llamszervezet (4.8)<\/font><\/i><\/a><br \/>\n<a href=\"erettsegi\/tomor\/37_dualizmus_gazdasaga_es_budapest.pdf\"><i><font color=\"blue\"><b>37.<\/b> A dualizmus gazdas\u00e1ga. Pest-Buda\/Budapest fejl\u0151d\u00e9se a reformkort\u00f3l az els\u0151 vil\u00e1gh\u00e1bor\u00faig (4.5)<\/font><\/i><\/a><br \/>\n<a href=\"erettsegi\/tomor\/38_dualizmus_politikatortenet_polgarosodas.pdf\"><i><font color=\"blue\"><b>38.<\/b> A dualizmus-kori Magyarorsz\u00e1g politikat\u00f6rt\u00e9nete (4.8)<\/font><\/i><\/a><br \/>\n&nbsp;<\/p>\n<hr \/>\n<p>&nbsp;<br \/>\n<b>Eur\u00f3pa t\u00f6rt\u00e9nete a 20. sz\u00e1zadban<\/b><br \/>\n<a href=\"erettsegi\/tomor\/39_elso_vilaghaboru.pdf\"><i><font color=\"blue\"><b>39.<\/b> Az els\u0151 vil\u00e1gh\u00e1bor\u00fa kirobban\u00e1sa, hadvisel\u0151 felek, a hadvisel\u00e9s jellemz\u0151i. Magyarorsz\u00e1g r\u00e9szv\u00e9tele a h\u00e1bor\u00faban (5.1)<\/font><\/i><\/a><br \/>\n<a href=\"erettsegi\/tomor\/40_parizs_kornyeki_bekek.pdf\"><i><font color=\"blue\"><b>40.<\/b> A P\u00e1rizs k\u00f6rny\u00e9ki b\u00e9k\u00e9k. A trianoni b\u00e9kedikt\u00e1tum sz\u00fclet\u00e9se, tartalma \u00e9s k\u00f6vetkezm\u00e9nyei (5.3)<\/font><\/i><\/a><br \/>\n<a href=\"erettsegi\/tomor\/europai_integracio_es_az_EU_legfontosabb_intezme\u0301nyei.pdf\"><i><font color=\"blue\">Az eur\u00f3pai integr\u00e1ci\u00f3 \u00e9s az EU legfontosabb int\u00e9zm\u00e9nyei (7.1)<\/font><\/i><\/a><br \/>\n&nbsp;<\/p>\n<hr \/>\n<p>&nbsp;<br \/>\n<b>Magyarorsz\u00e1g a 20. sz\u00e1zadban<\/b><br \/>\n<a href=\"erettsegi\/tomor\/magyarorszag_II_vilaghaboru.pdf\"><i><font color=\"blue\">Magyarorsz\u00e1g a II. vil\u00e1gh\u00e1bor\u00faban<\/font><\/i><\/a><br \/>\n<a href=\"erettsegi\/tomor\/rakosi_korszak.pdf\"><i><font color=\"blue\">A R\u00e1kosi-korszak<\/font><\/i><\/a><br \/>\n<a href=\"erettsegi\/tomor\/1956_forradalom_szabadsagharc.pdf \"><i><font color=\"blue\">Az 1956. \u00e9vi forradalom \u00e9s szabads\u00e1gharc<\/font><\/i><\/a><br \/>\n<a href=\"erettsegi\/tomor\/kadar_kor.pdf\"><i><font color=\"blue\">A K\u00e1d\u00e1r-kor (1956\u201388\/89)<\/font><\/i><\/a><\/p>\n","protected":false},"excerpt":{"rendered":"<p>\u00d3kort\u00f6rt\u00e9net 1. \u00d3kori vall\u00e1sok (\u00f3kori kelet, g\u00f6r\u00f6g-r\u00f3mai). \u00d3kori \u00edr\u00e1sok. A g\u00f6r\u00f6g \u00e9s a r\u00f3mai \u00e9p\u00edt\u00e9szet. A p\u00e9nz megjelen\u00e9se, form\u00e1i \u00e9s szerepe az \u00f3kori gazdas\u00e1gban. A&#8230;<\/p>\n<div class=\"more-link-wrapper\"><a class=\"more-link\" href=\"https:\/\/tortenelem.fazekas.hu\/?page_id=58\">Continue reading<span class=\"screen-reader-text\">\u00c9retts\u00e9gi t\u00e9telek t\u00f6m\u00f6ren (Nat2020)<\/span><\/a><\/div>\n","protected":false},"author":1,"featured_media":0,"parent":62,"menu_order":3,"comment_status":"closed","ping_status":"closed","template":"","meta":{"ngg_post_thumbnail":0,"footnotes":""},"class_list":["post-58","page","type-page","status-publish","hentry","entry"],"_links":{"self":[{"href":"https:\/\/tortenelem.fazekas.hu\/index.php?rest_route=\/wp\/v2\/pages\/58","targetHints":{"allow":["GET"]}}],"collection":[{"href":"https:\/\/tortenelem.fazekas.hu\/index.php?rest_route=\/wp\/v2\/pages"}],"about":[{"href":"https:\/\/tortenelem.fazekas.hu\/index.php?rest_route=\/wp\/v2\/types\/page"}],"author":[{"embeddable":true,"href":"https:\/\/tortenelem.fazekas.hu\/index.php?rest_route=\/wp\/v2\/users\/1"}],"replies":[{"embeddable":true,"href":"https:\/\/tortenelem.fazekas.hu\/index.php?rest_route=%2Fwp%2Fv2%2Fcomments&post=58"}],"version-history":[{"count":38,"href":"https:\/\/tortenelem.fazekas.hu\/index.php?rest_route=\/wp\/v2\/pages\/58\/revisions"}],"predecessor-version":[{"id":1471,"href":"https:\/\/tortenelem.fazekas.hu\/index.php?rest_route=\/wp\/v2\/pages\/58\/revisions\/1471"}],"up":[{"embeddable":true,"href":"https:\/\/tortenelem.fazekas.hu\/index.php?rest_route=\/wp\/v2\/pages\/62"}],"wp:attachment":[{"href":"https:\/\/tortenelem.fazekas.hu\/index.php?rest_route=%2Fwp%2Fv2%2Fmedia&parent=58"}],"curies":[{"name":"wp","href":"https:\/\/api.w.org\/{rel}","templated":true}]}}