{"id":51,"date":"2021-10-21T14:32:57","date_gmt":"2021-10-21T14:32:57","guid":{"rendered":"https:\/\/tortenelem-uj.fazekas.hu\/?page_id=51"},"modified":"2023-10-18T11:19:17","modified_gmt":"2023-10-18T09:19:17","slug":"topografia-gyakorlo-feladatok","status":"publish","type":"page","link":"https:\/\/tortenelem.fazekas.hu\/?page_id=51","title":{"rendered":"Topogr\u00e1fia \u2013 gyakorl\u00f3 feladatok"},"content":{"rendered":"<p><b>Gyakorl\u00f3 vakt\u00e9rk\u00e9pek<\/b><br \/>\n<a href=\"topografia\/09_okori_hellasz.doc\"><i><font color=\"blue\">\u00d3kori G\u00f6r\u00f6gorsz\u00e1g<\/font><\/i><\/a><br \/>\n<a href=\"topografia\/09_topografiai_gyakorlo_romai_birodalom.doc\"><i><font color=\"blue\">R\u00f3mai Birodalom<\/font><\/i><\/a><br \/>\n<a href=\"topografia\/europa_folyoi_vakterkep.doc\"><i><font color=\"blue\">Eur\u00f3pa v\u00edzrajza<\/font><\/i><\/a><br \/>\n<a href=\"topografia\/topografia_gyakorlo_tortenelmi_mo.doc\"><i><font color=\"blue\">T\u00f6rt\u00e9nelmi Magyarorsz\u00e1g<\/font><\/i><\/a><br \/>\n<a href=\"topografia\/topografia_gyakorlo_afrika_orszagai.doc\"><i><font color=\"blue\">Afrika orsz\u00e1gai (21. sz\u00e1zad) <\/font><\/i><\/a><br \/>\n<a href=\"topografia\/europa_orszagai_vakterkep.doc\"><i><font color=\"blue\">Eur\u00f3pa orsz\u00e1gai (21. sz\u00e1zad) <\/font><\/i><\/a><br \/>\n<a href=\"topografia\/topografia_gyakorlo_fold_terkepe.doc\"><i><font color=\"blue\">Vil\u00e1gt\u00e9rk\u00e9p<\/font><\/i><\/a><br \/>\n&nbsp;<\/p>\n<hr \/>\n<p>&nbsp;<br \/>\n<b>Elk\u00e9sz\u00edtett tematikus t\u00e9rk\u00e9pek (Keglevich Krist\u00f3f)<\/b><br \/>\n<a href=\"topografia\/europa_a_kozepkorban.pdf\"><i><font color=\"blue\">K\u00f6z\u00e9pkori Eur\u00f3pa \u2013 topogr\u00e1fia<\/font><\/i><\/a><br \/>\n<a href=\"topografia\/karpat_medence_termeszetfoldrajza.pdf\"><i><font color=\"blue\">A K\u00e1rp\u00e1t-medence term\u00e9szetf\u00f6ldrajza<\/font><\/i><\/a><br \/>\n<a href=\"topografia\/magyarorszag_az_arpad_korban.pdf\"><i><font color=\"blue\">\u00c1rp\u00e1d-kori Magyarorsz\u00e1g<\/font><\/i><\/a><br \/>\n<a href=\"topografia\/magyarorszag_kesei_kozepkorban.pdf\"><i><font color=\"blue\">K\u00e9s\u0151 k\u00f6z\u00e9pkori Magyarorsz\u00e1g<\/font><\/i><\/a><br \/>\n<a href=\"topografia\/europa_a_korai_ujkorban.pdf\"><i><font color=\"blue\">Eur\u00f3pa a kora \u00fajkorban<\/font><\/i><\/a><br \/>\n<a href=\"topografia\/magyarorszag_kora_ujkori_topografiaja.pdf\"><i><font color=\"blue\">Magyarorsz\u00e1g a kora \u00fajkorban<\/font><\/i><\/a><br \/>\n<a href=\"topografia\/europa_topografiaja_19_szazad_eleje.pdf\"><i><font color=\"blue\">Eur\u00f3pa a 19. sz. els\u0151 fel\u00e9ben<\/font><\/i><\/a><br \/>\n&nbsp;<\/p>\n<hr \/>\n<p>&nbsp;<br \/>\n<b>N\u00e9vanyag (F. T\u00f3th Zolt\u00e1n gy\u0171jt\u00e9se)<\/b><br \/>\n<a href=\"topografia\/09_topografia_nevanyag_okori_kelet.doc\"><i><font color=\"blue\">\u00d3kori kelet<\/font><\/i><\/a><br \/>\n<a href=\"topografia\/09_topografia_nevanyag_hellasz.doc\"><i><font color=\"blue\">\u00d3kori G\u00f6r\u00f6gorsz\u00e1g<\/font><\/i><\/a><br \/>\n<a href=\"topografia\/09_okori_kelet_hellas_topografia.doc\"><i><font color=\"blue\">\u00d3kori kelet \u00e9s G\u00f6r\u00f6gorsz\u00e1g \u2013 n\u00e9vanyag (2021) <\/font><\/i><\/a><br \/>\n<a href=\"topografia\/09_topografia_nevanyag_roma.doc\"><i><font color=\"blue\">A r\u00f3mai birodalom<br \/>\n<a href=\"topografia\/09_egyetemes_kozepkor_topografia_nevanyag.doc\"><i><font color=\"blue\">K\u00f6z\u00e9pkori Eur\u00f3pa \u2013 n\u00e9vanyag<\/font><\/i><\/a><br \/>\n<a href=\"topografia\/09_topografia_nevanyag_mo_1301-ig.doc\"><i><font color=\"blue\">Magyarorsz\u00e1g az \u00c1rp\u00e1d-korban<\/font><\/i><\/a><br \/>\n<a href=\"topografia\/09_evf_topografia_nevanyag_mo_1301_1541_kozott.doc\"><i><font color=\"blue\">Magyarorsz\u00e1g a k\u00e9sei k\u00f6z\u00e9pkorban<\/font><\/i><\/a><br \/>\n<a href=\"topografia\/10_evf_topografia_nevanyag_mo_1541_1711_kozott.doc\"><i><font color=\"blue\">Magyarorsz\u00e1g a kora \u00fajkorban (1541\u20131711) <\/font><\/i><\/a><br \/>\n<a href=\"topografia\/10_evf_topografia_nevanyag_egy_1640_1848_kozott.doc\"><i><font color=\"blue\">Eur\u00f3pa (1640\u20131848) <\/font><\/i><\/a><br \/>\n<a href=\"topografia\/10_evf_topografia_nevanyag_mo_1711_1849_kozott.doc\"><i><font color=\"blue\">Magyarorsz\u00e1g (1711\u20131849) <\/font><\/i><\/a><br \/>\n<a href=\"topografia\/11_evf_topografia_egy_nevanyag_1848_1914_kozott.doc\"><i><font color=\"blue\">Eur\u00f3pa (1848\u20131914) <\/font><\/i><\/a><br \/>\n<a href=\"topografia\/11_evf_topografia_nevanyag_egyetemes_es_magyar_tortenelem_1711_1945.doc\"><i><font color=\"blue\">Eur\u00f3pa \u00e9s Magyarorsz\u00e1g (1914\u20131945) <\/font><\/i><\/a><\/p>\n","protected":false},"excerpt":{"rendered":"<p>Gyakorl\u00f3 vakt\u00e9rk\u00e9pek \u00d3kori G\u00f6r\u00f6gorsz\u00e1g R\u00f3mai Birodalom Eur\u00f3pa v\u00edzrajza T\u00f6rt\u00e9nelmi Magyarorsz\u00e1g Afrika orsz\u00e1gai (21. sz\u00e1zad) Eur\u00f3pa orsz\u00e1gai (21. sz\u00e1zad) Vil\u00e1gt\u00e9rk\u00e9p &nbsp; &nbsp; Elk\u00e9sz\u00edtett tematikus t\u00e9rk\u00e9pek (Keglevich&#8230;<\/p>\n<div class=\"more-link-wrapper\"><a class=\"more-link\" href=\"https:\/\/tortenelem.fazekas.hu\/?page_id=51\">Continue reading<span class=\"screen-reader-text\">Topogr\u00e1fia \u2013 gyakorl\u00f3 feladatok<\/span><\/a><\/div>\n","protected":false},"author":1,"featured_media":0,"parent":32,"menu_order":2,"comment_status":"closed","ping_status":"closed","template":"","meta":{"ngg_post_thumbnail":0,"footnotes":""},"class_list":["post-51","page","type-page","status-publish","hentry","entry"],"_links":{"self":[{"href":"https:\/\/tortenelem.fazekas.hu\/index.php?rest_route=\/wp\/v2\/pages\/51","targetHints":{"allow":["GET"]}}],"collection":[{"href":"https:\/\/tortenelem.fazekas.hu\/index.php?rest_route=\/wp\/v2\/pages"}],"about":[{"href":"https:\/\/tortenelem.fazekas.hu\/index.php?rest_route=\/wp\/v2\/types\/page"}],"author":[{"embeddable":true,"href":"https:\/\/tortenelem.fazekas.hu\/index.php?rest_route=\/wp\/v2\/users\/1"}],"replies":[{"embeddable":true,"href":"https:\/\/tortenelem.fazekas.hu\/index.php?rest_route=%2Fwp%2Fv2%2Fcomments&post=51"}],"version-history":[{"count":4,"href":"https:\/\/tortenelem.fazekas.hu\/index.php?rest_route=\/wp\/v2\/pages\/51\/revisions"}],"predecessor-version":[{"id":440,"href":"https:\/\/tortenelem.fazekas.hu\/index.php?rest_route=\/wp\/v2\/pages\/51\/revisions\/440"}],"up":[{"embeddable":true,"href":"https:\/\/tortenelem.fazekas.hu\/index.php?rest_route=\/wp\/v2\/pages\/32"}],"wp:attachment":[{"href":"https:\/\/tortenelem.fazekas.hu\/index.php?rest_route=%2Fwp%2Fv2%2Fmedia&parent=51"}],"curies":[{"name":"wp","href":"https:\/\/api.w.org\/{rel}","templated":true}]}}