{"id":485,"date":"2021-11-07T21:58:09","date_gmt":"2021-11-07T19:58:09","guid":{"rendered":"https:\/\/tortenelem-uj.fazekas.hu\/?page_id=485"},"modified":"2023-10-18T11:18:40","modified_gmt":"2023-10-18T09:18:40","slug":"diakmunkak","status":"publish","type":"page","link":"https:\/\/tortenelem.fazekas.hu\/?page_id=485","title":{"rendered":"K\u00f6z\u00e9piskol\u00e1s di\u00e1kmunk\u00e1k"},"content":{"rendered":"<p>&nbsp;<br \/>\n<a href=\"diakmunkak\/ipari_forradalmak_elotti_alatti_utani_tarsadalmak_osszehasonlitasa.doc\"><i><font color=\"blue\">Az ipari forradalom el\u0151tti, alatti \u00e9s ut\u00e1ni eur\u00f3pai t\u00e1rsadalmak \u00e1ttekint\u0151 t\u00e1bl\u00e1zata<\/font><\/i><\/a><br \/>\n&nbsp;<br \/>\n<a href=\"diakmunkak\/amerikai_elnokok.doc\"><i><font color=\"blue\">Amerikai eln\u00f6k\u00f6k<\/font><\/i><\/a><br \/>\n&nbsp;<br \/>\n<a href=\"diakmunkak\/I_vilaghaboru_fontosabb_esemenyei.doc\"><i><font color=\"blue\">Az I. vil\u00e1gh\u00e1bor\u00fa fontosabb esem\u00e9nyei t\u00e1bl\u00e1zatos form\u00e1ban<\/font><\/i><\/a><br \/>\n&nbsp;<br \/>\n<a href=\"diakmunkak\/hideghaboru_esemenygorbe.pdf\"><i><font color=\"blue\">A hidegh\u00e1bor\u00fa \u2013 esem\u00e9nyg\u00f6rbe<\/font><\/i><\/a><br \/>\n&nbsp;<\/p>\n","protected":false},"excerpt":{"rendered":"<p>&nbsp; Az ipari forradalom el\u0151tti, alatti \u00e9s ut\u00e1ni eur\u00f3pai t\u00e1rsadalmak \u00e1ttekint\u0151 t\u00e1bl\u00e1zata &nbsp; Amerikai eln\u00f6k\u00f6k &nbsp; Az I. vil\u00e1gh\u00e1bor\u00fa fontosabb esem\u00e9nyei t\u00e1bl\u00e1zatos form\u00e1ban &nbsp; A&#8230;<\/p>\n<div class=\"more-link-wrapper\"><a class=\"more-link\" href=\"https:\/\/tortenelem.fazekas.hu\/?page_id=485\">Continue reading<span class=\"screen-reader-text\">K\u00f6z\u00e9piskol\u00e1s di\u00e1kmunk\u00e1k<\/span><\/a><\/div>\n","protected":false},"author":1,"featured_media":0,"parent":32,"menu_order":5,"comment_status":"closed","ping_status":"closed","template":"","meta":{"ngg_post_thumbnail":0,"footnotes":""},"class_list":["post-485","page","type-page","status-publish","hentry","entry"],"_links":{"self":[{"href":"https:\/\/tortenelem.fazekas.hu\/index.php?rest_route=\/wp\/v2\/pages\/485","targetHints":{"allow":["GET"]}}],"collection":[{"href":"https:\/\/tortenelem.fazekas.hu\/index.php?rest_route=\/wp\/v2\/pages"}],"about":[{"href":"https:\/\/tortenelem.fazekas.hu\/index.php?rest_route=\/wp\/v2\/types\/page"}],"author":[{"embeddable":true,"href":"https:\/\/tortenelem.fazekas.hu\/index.php?rest_route=\/wp\/v2\/users\/1"}],"replies":[{"embeddable":true,"href":"https:\/\/tortenelem.fazekas.hu\/index.php?rest_route=%2Fwp%2Fv2%2Fcomments&post=485"}],"version-history":[{"count":5,"href":"https:\/\/tortenelem.fazekas.hu\/index.php?rest_route=\/wp\/v2\/pages\/485\/revisions"}],"predecessor-version":[{"id":936,"href":"https:\/\/tortenelem.fazekas.hu\/index.php?rest_route=\/wp\/v2\/pages\/485\/revisions\/936"}],"up":[{"embeddable":true,"href":"https:\/\/tortenelem.fazekas.hu\/index.php?rest_route=\/wp\/v2\/pages\/32"}],"wp:attachment":[{"href":"https:\/\/tortenelem.fazekas.hu\/index.php?rest_route=%2Fwp%2Fv2%2Fmedia&parent=485"}],"curies":[{"name":"wp","href":"https:\/\/api.w.org\/{rel}","templated":true}]}}