{"id":43,"date":"2021-10-21T14:27:33","date_gmt":"2021-10-21T14:27:33","guid":{"rendered":"https:\/\/tortenelem-uj.fazekas.hu\/?page_id=43"},"modified":"2025-01-03T23:34:31","modified_gmt":"2025-01-03T21:34:31","slug":"proba1-1","status":"publish","type":"page","link":"https:\/\/tortenelem.fazekas.hu\/?page_id=43","title":{"rendered":"PPT-diasorok (t\u00f6rt\u00e9nelem \u00f3rav\u00e1zlatok)"},"content":{"rendered":"<p><i>\u00d3kor<\/i><br \/>\n<a href=\"ppt\/tort_forras_okori_kelet_vallastort.pdf\"><b><font color=\"blue\">Bevezet\u00e9s a t\u00f6rt\u00e9nelembe, az \u00f3kori kelet, \u00f3kori vall\u00e1st\u00f6rt\u00e9net<\/b> <i>(Nat2020)<\/i><\/font><\/a><br \/>\n<a href=\"ppt\/okori_atheni_demokracia_kialakulasa_mukodese_korlatai.pdf\"><b><font color=\"blue\">Az \u00f3kori ath\u00e9ni demokr\u00e1cia kialakul\u00e1sa, m\u0171k\u00f6d\u00e9se \u00e9s korl\u00e1tai<\/b> <i>(Nat2020)<\/i><\/font><\/a><br \/>\n&nbsp;<\/p>\n<hr \/>\n<p>&nbsp;<br \/>\n<i>K\u00f6z\u00e9pkor<\/i><br \/>\n<a href=\"ppt\/kozepkor_01_feladatokkal_kereszt\u00e9nys\u00e9g_kett\u00e9v\u00e1l\u00e1s_romanika_2024_Rep\u00e1rszkyI.pptx\"><font color=\"blue\"><b>A k\u00f6z\u00e9pkori kereszt\u00e9nys\u00e9g<\/b> <i>(az 1054-i egyh\u00e1zszakad\u00e1s, a keleti kereszt\u00e9nys\u00e9g, a P\u00e1pai \u00c1llam, szerzetesrendek, a romanika)<\/i><\/font><\/a><br \/>\n<a href=\"ppt\/kozepkor_02_huberiseg_frank_2024_Rep\u00e1rszkyI.ppt\"><font color=\"blue\"><b>H\u0171b\u00e9ris\u00e9g a k\u00f6z\u00e9pkorban<\/b> <i>(a Frank Birodalom t\u00f6rt\u00e9nete)<\/i><\/font><\/a><br \/>\n<a href=\"ppt\/kozepkor_03_feladatokkal_agrarforr_varosok_gotika_2024_Rep\u00e1rszkyI.ppt\"><font color=\"blue\"><b>Mez\u0151gazdas\u00e1g \u00e9s v\u00e1rosok a k\u00f6z\u00e9pkorban<\/b> <i>(agr\u00e1rforradalom, uradalom, t\u00e1vols\u00e1gi kereskedelem, g\u00f3tika)<\/i><\/font><\/a><br \/>\n<a href=\"ppt\/kozepkor_04_iszlam_2024_Rep\u00e1rszkyI.ppt\"><font color=\"blue\"><b>Az iszl\u00e1m<\/b> <i>(megsz\u00fclet\u00e9se, tanai, az arab h\u00f3d\u00edt\u00e1s \u00e9s feltart\u00f3ztat\u00e1sa Eur\u00f3p\u00e1ban)<\/i><\/font><\/a><br \/>\n&nbsp;<\/p>\n<hr \/>\n<p>&nbsp;<br \/>\n<i>Kora \u00fajkor<\/i><br \/>\n<a href=\"ppt\/torok_kiuzese_magyarorszagrol.pdf\"><b><font color=\"blue\">A t\u00f6r\u00f6k ki\u0171z\u00e9se Magyarorsz\u00e1gr\u00f3l<\/font><\/b><\/a><br \/>\n&nbsp;<\/p>\n<hr \/>\n<p>&nbsp;<br \/>\n<i>\u00dajkor<\/i><br \/>\n<a href=\"ppt\/dualizmus_gazdasag.pdf\"><b><font color=\"blue\">Magyarorsz\u00e1g gazdas\u00e1ga a dualizmus kor\u00e1ban<\/font><\/b><\/a><br \/>\n<a href=\"ppt\/dualizmus_varosfejlodes_tarsadalom.pdf\"><b><font color=\"blue\">V\u00e1rosfejl\u0151d\u00e9s \u00e9s t\u00e1rsadalom a dualizmus-kori Magyarorsz\u00e1gon<\/font><\/b><\/a><br \/>\n<a href=\"ppt\/ dualizmus_politikatortenet.pdf\"><b><font color=\"blue\">A dualizmus kor\u00e1nak politikat\u00f6rt\u00e9nete<\/font><\/b><\/a><br \/>\n&nbsp;<\/p>\n<hr \/>\n<p>&nbsp;<br \/>\n<i>Leg\u00fajabb kor \u2013 Egyetemes t\u00f6rt\u00e9nelem<\/i><br \/>\n<a href=\"ppt\/elso_vilaghaboru_tortenete.pdf\"><b><font color=\"blue\">Az els\u0151 vil\u00e1gh\u00e1bor\u00fa t\u00f6rt\u00e9nete<\/font><\/b><\/a><br \/>\n<a href=\"ppt\/parizs_kornyeki_bekek.pdf\"><b><font color=\"blue\">A P\u00e1rizs-k\u00f6rny\u00e9ki b\u00e9k\u00e9k (1919\u20131920)<\/font><\/b><\/a><br \/>\n<a href=\"ppt\/nemzetkozi_kapcsolatok_polgari_demokraciak_ket_vh_kozott.pdf\"><b><font color=\"blue\">Nemzetk\u00f6zi politika a k\u00e9t vil\u00e1gh\u00e1bor\u00fa k\u00f6z\u00f6tt, a polg\u00e1ri demokr\u00e1ci\u00e1k t\u00f6rt\u00e9nete (1919\u20131939)<\/font><\/b><\/a><br \/>\n<a href=\"ppt\/SZU_tortenete_Lenin_1930.pdf\"><b><font color=\"blue\">Az 1917. \u00e9vi orosz forradalmak. A Szovjetuni\u00f3 t\u00f6rt\u00e9nete az 1920-as \u00e9vekben<\/font><\/b><\/a><br \/>\n<a href=\"ppt\/SZU_tortenete_1930_1991.pdf\"><b><font color=\"blue\">A Szovjetuni\u00f3 t\u00f6rt\u00e9nete a szt\u00e1lini diktat\u00far\u00e1t\u00f3l Gorbacsovig<\/font><\/b><\/a><br \/>\n<a href=\"ppt\/hideghaboru_tortenete.pdf \"><b><font color=\"blue\">A hidegh\u00e1bor\u00fa t\u00f6rt\u00e9nete <\/font><\/b><\/a><br \/>\n<a href=\"ppt\/arab_izraeli_haboruk.pdf \"><b><font color=\"blue\">Arab-izraeli h\u00e1bor\u00fak <\/font><\/b><\/a><br \/>\n<a href=\"ppt\/india_tortenete.pdf \"><b><font color=\"blue\">India 20. sz\u00e1zadi t\u00f6rt\u00e9nete el\u0151zm\u00e9nyekkel <\/font><\/b><\/a><br \/>\n<a href=\"ppt\/kina_tortenete_20_szazad.pdf \"><b><font color=\"blue\">K\u00edna t\u00f6rt\u00e9nete a 20. sz\u00e1zadban <\/font><\/b><\/a><br \/>\n&nbsp;<br \/>\n<i>Leg\u00fajabb kor \u2013 Magyar t\u00f6rt\u00e9nelem<\/i><br \/>\n<a href=\"ppt\/magyarorszag_II_vilaghaboru.pdf\"><b><font color=\"blue\">Magyarorsz\u00e1g a m\u00e1sodik vil\u00e1gh\u00e1bor\u00faban (1941\u20131945) <\/font><\/b><\/a><br \/>\n<a href=\"ppt\/magyarorszag_koalicios_korszak.pdf\"><b><font color=\"blue\">Magyarorsz\u00e1g a koal\u00edci\u00f3s korszakban (1945\u20131949) <\/font><\/b><\/a><br \/>\n<a href=\"ppt\/rakosi_korszak.pdf \"><b><font color=\"blue\">A R\u00e1kosi-korszak (1948\u20131956) <\/font><\/b><\/a><br \/>\n<a href=\"ppt\/1956_tortenete.pdf \"><b><font color=\"blue\">Az 1956. \u00e9vi forradalom \u00e9s szabads\u00e1gharc <\/font><\/b><\/a><br \/>\n<a href=\"ppt\/kadar_korszak.pdf \"><b><font color=\"blue\">A K\u00e1d\u00e1r-korszak t\u00f6rt\u00e9nete <\/font><\/b><\/a><br \/>\n<a href=\"ppt\/rendszervaltas.pdf \"><b><font color=\"blue\">Rendszerv\u00e1lt\u00e1s Magyarorsz\u00e1gon <\/font><\/b><\/a><br \/>\n<a href=\"ppt\/nemzetisegek_Magyarorszagon_20.szazad.pdf \"><b><font color=\"blue\">Nemzetis\u00e9gek a 20. sz\u00e1zadi Magyarorsz\u00e1gon <\/font><\/b><\/a><br \/>\n<a href=\"ppt\/magyarok_kisebbsegi_sorban.pdf\"><b><font color=\"blue\">Magyarok kisebbs\u00e9gi sorban <\/font><\/b><\/a><\/p>\n","protected":false},"excerpt":{"rendered":"<p>\u00d3kor Bevezet\u00e9s a t\u00f6rt\u00e9nelembe, az \u00f3kori kelet, \u00f3kori vall\u00e1st\u00f6rt\u00e9net (Nat2020) Az \u00f3kori ath\u00e9ni demokr\u00e1cia kialakul\u00e1sa, m\u0171k\u00f6d\u00e9se \u00e9s korl\u00e1tai (Nat2020) &nbsp; &nbsp; K\u00f6z\u00e9pkor A k\u00f6z\u00e9pkori kereszt\u00e9nys\u00e9g&#8230;<\/p>\n<div class=\"more-link-wrapper\"><a class=\"more-link\" href=\"https:\/\/tortenelem.fazekas.hu\/?page_id=43\">Continue reading<span class=\"screen-reader-text\">PPT-diasorok (t\u00f6rt\u00e9nelem \u00f3rav\u00e1zlatok)<\/span><\/a><\/div>\n","protected":false},"author":1,"featured_media":0,"parent":32,"menu_order":1,"comment_status":"closed","ping_status":"closed","template":"","meta":{"ngg_post_thumbnail":0,"footnotes":""},"class_list":["post-43","page","type-page","status-publish","hentry","entry"],"_links":{"self":[{"href":"https:\/\/tortenelem.fazekas.hu\/index.php?rest_route=\/wp\/v2\/pages\/43","targetHints":{"allow":["GET"]}}],"collection":[{"href":"https:\/\/tortenelem.fazekas.hu\/index.php?rest_route=\/wp\/v2\/pages"}],"about":[{"href":"https:\/\/tortenelem.fazekas.hu\/index.php?rest_route=\/wp\/v2\/types\/page"}],"author":[{"embeddable":true,"href":"https:\/\/tortenelem.fazekas.hu\/index.php?rest_route=\/wp\/v2\/users\/1"}],"replies":[{"embeddable":true,"href":"https:\/\/tortenelem.fazekas.hu\/index.php?rest_route=%2Fwp%2Fv2%2Fcomments&post=43"}],"version-history":[{"count":23,"href":"https:\/\/tortenelem.fazekas.hu\/index.php?rest_route=\/wp\/v2\/pages\/43\/revisions"}],"predecessor-version":[{"id":1164,"href":"https:\/\/tortenelem.fazekas.hu\/index.php?rest_route=\/wp\/v2\/pages\/43\/revisions\/1164"}],"up":[{"embeddable":true,"href":"https:\/\/tortenelem.fazekas.hu\/index.php?rest_route=\/wp\/v2\/pages\/32"}],"wp:attachment":[{"href":"https:\/\/tortenelem.fazekas.hu\/index.php?rest_route=%2Fwp%2Fv2%2Fmedia&parent=43"}],"curies":[{"name":"wp","href":"https:\/\/api.w.org\/{rel}","templated":true}]}}