{"id":427,"date":"2021-10-31T20:33:46","date_gmt":"2021-10-31T18:33:46","guid":{"rendered":"https:\/\/tortenelem-uj.fazekas.hu\/?page_id=427"},"modified":"2022-10-16T20:05:41","modified_gmt":"2022-10-16T18:05:41","slug":"iskolank-tortenetebol","status":"publish","type":"page","link":"https:\/\/tortenelem.fazekas.hu\/?page_id=427","title":{"rendered":"110 \u00e9ves \u00e9vfordul\u00f3 (2021)"},"content":{"rendered":"<p>A Fazekas a 2021\/2022-es tan\u00e9vben \u00fcnnepli fenn\u00e1ll\u00e1s\u00e1nak 110. \u00e9vfordul\u00f3j\u00e1t.<br \/>\n&nbsp;<\/p>\n<p><img loading=\"lazy\" decoding=\"async\" class=\"aligncenter\" style=\"\" alt=\"\" src=\"\/rolunk\/fazekas110_covid_zart_epulet.jpg\" width=\"627\" height=\"236\" align=\"center\" \/><\/p>\n<p><img loading=\"lazy\" decoding=\"async\" class=\"aligncenter\" style=\"\" alt=\"\" src=\"\/rolunk\/fazekas110_elodintezmenyek.jpg\" width=\"627\" height=\"236\" align=\"center\" \/><\/p>\n<p><img loading=\"lazy\" decoding=\"async\" class=\"aligncenter\" style=\"\" alt=\"\" src=\"\/rolunk\/fazekas110_alapitaskori_epulet.jpg\" width=\"627\" height=\"236\" align=\"center\" \/><\/p>\n<p><img loading=\"lazy\" decoding=\"async\" class=\"aligncenter\" style=\"\" alt=\"\" src=\"\/rolunk\/fazekas110_oktatasi_tevekenyseg_2021.jpg\" width=\"627\" height=\"236\" align=\"center\" \/><\/p>\n<p><img loading=\"lazy\" decoding=\"async\" class=\"aligncenter\" style=\"\" alt=\"\" src=\"\/rolunk\/fazekas110_diakelet_2021.jpg\" width=\"627\" height=\"236\" align=\"center\" \/><\/p>\n","protected":false},"excerpt":{"rendered":"<p>A Fazekas a 2021\/2022-es tan\u00e9vben \u00fcnnepli fenn\u00e1ll\u00e1s\u00e1nak 110. \u00e9vfordul\u00f3j\u00e1t. &nbsp;<\/p>\n","protected":false},"author":1,"featured_media":0,"parent":785,"menu_order":3,"comment_status":"closed","ping_status":"closed","template":"","meta":{"ngg_post_thumbnail":0,"footnotes":""},"class_list":["post-427","page","type-page","status-publish","hentry","entry"],"_links":{"self":[{"href":"https:\/\/tortenelem.fazekas.hu\/index.php?rest_route=\/wp\/v2\/pages\/427","targetHints":{"allow":["GET"]}}],"collection":[{"href":"https:\/\/tortenelem.fazekas.hu\/index.php?rest_route=\/wp\/v2\/pages"}],"about":[{"href":"https:\/\/tortenelem.fazekas.hu\/index.php?rest_route=\/wp\/v2\/types\/page"}],"author":[{"embeddable":true,"href":"https:\/\/tortenelem.fazekas.hu\/index.php?rest_route=\/wp\/v2\/users\/1"}],"replies":[{"embeddable":true,"href":"https:\/\/tortenelem.fazekas.hu\/index.php?rest_route=%2Fwp%2Fv2%2Fcomments&post=427"}],"version-history":[{"count":13,"href":"https:\/\/tortenelem.fazekas.hu\/index.php?rest_route=\/wp\/v2\/pages\/427\/revisions"}],"predecessor-version":[{"id":790,"href":"https:\/\/tortenelem.fazekas.hu\/index.php?rest_route=\/wp\/v2\/pages\/427\/revisions\/790"}],"up":[{"embeddable":true,"href":"https:\/\/tortenelem.fazekas.hu\/index.php?rest_route=\/wp\/v2\/pages\/785"}],"wp:attachment":[{"href":"https:\/\/tortenelem.fazekas.hu\/index.php?rest_route=%2Fwp%2Fv2%2Fmedia&parent=427"}],"curies":[{"name":"wp","href":"https:\/\/api.w.org\/{rel}","templated":true}]}}