{"id":332,"date":"2021-10-23T21:13:45","date_gmt":"2021-10-23T19:13:45","guid":{"rendered":"https:\/\/tortenelem-uj.fazekas.hu\/?page_id=332"},"modified":"2025-11-16T20:14:35","modified_gmt":"2025-11-16T18:14:35","slug":"volt-kollegaink","status":"publish","type":"page","link":"https:\/\/tortenelem.fazekas.hu\/?page_id=332","title":{"rendered":"Volt koll\u00e9g\u00e1ink"},"content":{"rendered":"<h2> Bihari P\u00e9ter <\/h2>\n<p><img loading=\"lazy\" decoding=\"async\" class=\"alignmiddle\" src=\"\/rolunk\/bihari_peter250x250.jpg\" width=\"250\" height=\"250\" align=\"middle\"><br \/>\nt\u00f6rt\u00e9nelem szakos vezet\u0151tan\u00e1r (1994\u20132023), munkak\u00f6z\u00f6ss\u00e9g-vezet\u0151<br \/>\n&nbsp;<br \/>\n&nbsp;<\/p>\n<h2> F. T\u00f3th Zolt\u00e1n <\/h2>\n<p><img loading=\"lazy\" decoding=\"async\" class=\"alignmiddle\" src=\"\/rolunk\/f_toth_zoltan250x250.jpg\" width=\"250\" height=\"250\" align=\"middle\"><br \/>\nt\u00f6rt\u00e9nelem szakos vezet\u0151tan\u00e1r (2001\u20132021), munkak\u00f6z\u00f6ss\u00e9g-vezet\u0151 (2015\u20132021)<\/p>\n<p style=\"text-align: justify;\"><a href=\" https:\/\/tortenelem.fazekas.hu\/?page_id=84\">Megeml\u00e9kez\u00e9s F. T\u00f3th Zolt\u00e1nr\u00f3l<\/a> <\/p>\n<p>&nbsp;<br \/>\n&nbsp;<\/p>\n<h2>Lengyel M\u00e1ria<\/h2>\n<p><img loading=\"lazy\" decoding=\"async\" class=\"alignmiddle\" src=\"\/rolunk\/lengyel_maria250x250.jpg\" alt=\"\" width=\"250\" height=\"250\" align=\"middle\"><br \/>\nt\u00f6rt\u00e9nelem szakos tan\u00e1r (2023\u20132025)<br \/>\n&nbsp;<br \/>\n&nbsp;<\/p>\n<h2> Runda Margit <\/h2>\n<p><img loading=\"lazy\" decoding=\"async\" class=\"alignmiddle\" src=\"\/rolunk\/runda_margit250x250.jpg\" width=\"250\" height=\"250\" align=\"middle\"><br \/>\nt\u00f6rt\u00e9nelem-orosz szakos vezet\u0151tan\u00e1r (2000\u20132014)<br \/>\n&nbsp;<br \/>\n&nbsp;<\/p>\n<h2> Ujv\u00e1ri P\u00e1l <\/h2>\n<p><img loading=\"lazy\" decoding=\"async\" class=\"alignmiddle\" src=\"\/rolunk\/ujvari_pal250x250.jpg\" width=\"250\" height=\"250\" align=\"middle\"><br \/>\nt\u00f6rt\u00e9nelem szakos tan\u00e1r (2004\u20132013)<\/p>\n<p style=\"text-align: justify;\"><a href=\" https:\/\/tortenelem.fazekas.hu\/?page_id=986\">Megeml\u00e9kez\u00e9s Ujv\u00e1ri P\u00e1lr\u00f3l<\/a> <\/p>\n<p>&nbsp;<br \/>\n&nbsp;<\/p>\n<h2> Vancsisin G\u00e1born\u00e9 <\/h2>\n<p><img loading=\"lazy\" decoding=\"async\" class=\"alignmiddle\" src=\"\/rolunk\/vancsisin_gaborne250x250.jpg\" width=\"250\" height=\"250\" align=\"middle\"><br \/>\nt\u00f6rt\u00e9nelem szakos vezet\u0151tan\u00e1r (1975\u20132011)<\/p>\n","protected":false},"excerpt":{"rendered":"<p>Bihari P\u00e9ter t\u00f6rt\u00e9nelem szakos vezet\u0151tan\u00e1r (1994\u20132023), munkak\u00f6z\u00f6ss\u00e9g-vezet\u0151 &nbsp; &nbsp; F. T\u00f3th Zolt\u00e1n t\u00f6rt\u00e9nelem szakos vezet\u0151tan\u00e1r (2001\u20132021), munkak\u00f6z\u00f6ss\u00e9g-vezet\u0151 (2015\u20132021) Megeml\u00e9kez\u00e9s F. T\u00f3th Zolt\u00e1nr\u00f3l &nbsp; &nbsp; Lengyel&#8230;<\/p>\n<div class=\"more-link-wrapper\"><a class=\"more-link\" href=\"https:\/\/tortenelem.fazekas.hu\/?page_id=332\">Continue reading<span class=\"screen-reader-text\">Volt koll\u00e9g\u00e1ink<\/span><\/a><\/div>\n","protected":false},"author":1,"featured_media":0,"parent":121,"menu_order":1,"comment_status":"closed","ping_status":"closed","template":"","meta":{"ngg_post_thumbnail":0,"footnotes":""},"class_list":["post-332","page","type-page","status-publish","hentry","entry"],"_links":{"self":[{"href":"https:\/\/tortenelem.fazekas.hu\/index.php?rest_route=\/wp\/v2\/pages\/332","targetHints":{"allow":["GET"]}}],"collection":[{"href":"https:\/\/tortenelem.fazekas.hu\/index.php?rest_route=\/wp\/v2\/pages"}],"about":[{"href":"https:\/\/tortenelem.fazekas.hu\/index.php?rest_route=\/wp\/v2\/types\/page"}],"author":[{"embeddable":true,"href":"https:\/\/tortenelem.fazekas.hu\/index.php?rest_route=\/wp\/v2\/users\/1"}],"replies":[{"embeddable":true,"href":"https:\/\/tortenelem.fazekas.hu\/index.php?rest_route=%2Fwp%2Fv2%2Fcomments&post=332"}],"version-history":[{"count":35,"href":"https:\/\/tortenelem.fazekas.hu\/index.php?rest_route=\/wp\/v2\/pages\/332\/revisions"}],"predecessor-version":[{"id":1397,"href":"https:\/\/tortenelem.fazekas.hu\/index.php?rest_route=\/wp\/v2\/pages\/332\/revisions\/1397"}],"up":[{"embeddable":true,"href":"https:\/\/tortenelem.fazekas.hu\/index.php?rest_route=\/wp\/v2\/pages\/121"}],"wp:attachment":[{"href":"https:\/\/tortenelem.fazekas.hu\/index.php?rest_route=%2Fwp%2Fv2%2Fmedia&parent=332"}],"curies":[{"name":"wp","href":"https:\/\/api.w.org\/{rel}","templated":true}]}}