{"id":32,"date":"2021-10-21T13:51:22","date_gmt":"2021-10-21T13:51:22","guid":{"rendered":"https:\/\/tortenelem-uj.fazekas.hu\/?page_id=32"},"modified":"2025-06-18T11:20:14","modified_gmt":"2025-06-18T09:20:14","slug":"proba1-oldal","status":"publish","type":"page","link":"https:\/\/tortenelem.fazekas.hu\/?page_id=32","title":{"rendered":"Szakmai seg\u00e9danyagok"},"content":{"rendered":"<p align=\"center\"><a href=\"http:\/\/tortenelem.fazekas.hu\/?page_id=43\"><font color=\"blue\">PPT-diasorok (t\u00f6rt\u00e9nelem \u00f3rav\u00e1zlatok)<\/font><\/a><\/p>\n<p align=\"center\"><a href=\"http:\/\/tortenelem.fazekas.hu\/?page_id=51\"><font color=\"blue\">Topogr\u00e1fia \u2013 gyakorl\u00f3 feladatok<\/font><\/a><\/p>\n<p align=\"center\"><a href=\"http:\/\/tortenelem.fazekas.hu\/?page_id=60\"><font color=\"blue\">Hasznos honlapok<\/font><\/a><\/p>\n<p align=\"center\"><a href=\"http:\/\/tortenelem.fazekas.hu\/?page_id=932\"><font color=\"blue\">\u00c1llampolg\u00e1ri ismeretek<\/font><\/a><\/p>\n<p align=\"center\"><a href=\"http:\/\/tortenelem.fazekas.hu\/?page_id=485\"><font color=\"blue\">K\u00f6z\u00e9piskol\u00e1s di\u00e1kmunk\u00e1k<\/font><\/a><\/p>\n<p align=\"center\"><a href=\"http:\/\/tortenelem.fazekas.hu\/?page_id=1251\"><font color=\"blue\">Tov\u00e1bbi szakmai anyagok<\/font><\/a><\/p>\n","protected":false},"excerpt":{"rendered":"<p>PPT-diasorok (t\u00f6rt\u00e9nelem \u00f3rav\u00e1zlatok) Topogr\u00e1fia \u2013 gyakorl\u00f3 feladatok Hasznos honlapok \u00c1llampolg\u00e1ri ismeretek K\u00f6z\u00e9piskol\u00e1s di\u00e1kmunk\u00e1k Tov\u00e1bbi szakmai anyagok<\/p>\n","protected":false},"author":1,"featured_media":0,"parent":0,"menu_order":0,"comment_status":"closed","ping_status":"closed","template":"","meta":{"ngg_post_thumbnail":0,"footnotes":""},"class_list":["post-32","page","type-page","status-publish","hentry","entry"],"_links":{"self":[{"href":"https:\/\/tortenelem.fazekas.hu\/index.php?rest_route=\/wp\/v2\/pages\/32","targetHints":{"allow":["GET"]}}],"collection":[{"href":"https:\/\/tortenelem.fazekas.hu\/index.php?rest_route=\/wp\/v2\/pages"}],"about":[{"href":"https:\/\/tortenelem.fazekas.hu\/index.php?rest_route=\/wp\/v2\/types\/page"}],"author":[{"embeddable":true,"href":"https:\/\/tortenelem.fazekas.hu\/index.php?rest_route=\/wp\/v2\/users\/1"}],"replies":[{"embeddable":true,"href":"https:\/\/tortenelem.fazekas.hu\/index.php?rest_route=%2Fwp%2Fv2%2Fcomments&post=32"}],"version-history":[{"count":7,"href":"https:\/\/tortenelem.fazekas.hu\/index.php?rest_route=\/wp\/v2\/pages\/32\/revisions"}],"predecessor-version":[{"id":1259,"href":"https:\/\/tortenelem.fazekas.hu\/index.php?rest_route=\/wp\/v2\/pages\/32\/revisions\/1259"}],"wp:attachment":[{"href":"https:\/\/tortenelem.fazekas.hu\/index.php?rest_route=%2Fwp%2Fv2%2Fmedia&parent=32"}],"curies":[{"name":"wp","href":"https:\/\/api.w.org\/{rel}","templated":true}]}}