{"id":27,"date":"2021-10-21T13:45:25","date_gmt":"2021-10-21T13:45:25","guid":{"rendered":"https:\/\/tortenelem-uj.fazekas.hu\/?page_id=27"},"modified":"2025-12-29T22:04:31","modified_gmt":"2025-12-29T20:04:31","slug":"kezdolap","status":"publish","type":"page","link":"https:\/\/tortenelem.fazekas.hu\/","title":{"rendered":"Kezd\u0151lap"},"content":{"rendered":"\n\t<div class=\"slideshow_container slideshow_container_style-light\" style=\"height: 300px; \" data-slideshow-id=\"255\" data-style-name=\"style-light\" data-style-version=\"2.3.1\" >\n\n\t\t\n\t\t<div class=\"slideshow_content\" style=\"display: none;\">\n\n\t\t\t<div class=\"slideshow_view\">\n\t\t\t\t<div class=\"slideshow_slide slideshow_slide_image\">\n\t\t\t\t\t\t\t\t\t\t\t<img src=\"https:\/\/tortenelem.fazekas.hu\/wp-content\/uploads\/2024\/11\/fazek_tori13.jpg\" alt=\"fazek_tori13\" width=\"2048\" height=\"1536\" \/>\n\t\t\t\t\t\t\t\t\t\t<div class=\"slideshow_description_box slideshow_transparent\">\n\t\t\t\t\t\t<div class=\"slideshow_title\">fazek_tori13<\/div>\t\t\t\t\t\t\t\t\t\t\t<\/div>\n\t\t\t\t<\/div>\n\n\t\t\t\t\t\t<div style=\"clear: both;\"><\/div><\/div><div class=\"slideshow_view\">\n\t\t\t\t<div class=\"slideshow_slide slideshow_slide_image\">\n\t\t\t\t\t\t\t\t\t\t\t<img src=\"https:\/\/tortenelem.fazekas.hu\/wp-content\/uploads\/2021\/10\/fazek_tori01.jpg\" alt=\"fazek_tori01\" width=\"1280\" height=\"854\" \/>\n\t\t\t\t\t\t\t\t\t\t<div class=\"slideshow_description_box slideshow_transparent\">\n\t\t\t\t\t\t<div class=\"slideshow_title\">fazek_tori01<\/div>\t\t\t\t\t\t\t\t\t\t\t<\/div>\n\t\t\t\t<\/div>\n\n\t\t\t\t\t\t<div style=\"clear: both;\"><\/div><\/div><div class=\"slideshow_view\">\n\t\t\t\t<div class=\"slideshow_slide slideshow_slide_image\">\n\t\t\t\t\t\t\t\t\t\t\t<img src=\"https:\/\/tortenelem.fazekas.hu\/wp-content\/uploads\/2021\/10\/fazek_tori02-1.jpg\" alt=\"fazek_tori02\" width=\"1280\" height=\"720\" \/>\n\t\t\t\t\t\t\t\t\t\t<div class=\"slideshow_description_box slideshow_transparent\">\n\t\t\t\t\t\t<div class=\"slideshow_title\">fazek_tori02<\/div>\t\t\t\t\t\t\t\t\t\t\t<\/div>\n\t\t\t\t<\/div>\n\n\t\t\t\t\t\t<div style=\"clear: both;\"><\/div><\/div><div class=\"slideshow_view\">\n\t\t\t\t<div class=\"slideshow_slide slideshow_slide_image\">\n\t\t\t\t\t\t\t\t\t\t\t<img src=\"https:\/\/tortenelem.fazekas.hu\/wp-content\/uploads\/2021\/10\/fazek_tori03.jpg\" alt=\"fazek_tori03\" width=\"1280\" height=\"853\" \/>\n\t\t\t\t\t\t\t\t\t\t<div class=\"slideshow_description_box slideshow_transparent\">\n\t\t\t\t\t\t<div class=\"slideshow_title\">fazek_tori03<\/div>\t\t\t\t\t\t\t\t\t\t\t<\/div>\n\t\t\t\t<\/div>\n\n\t\t\t\t\t\t<div style=\"clear: both;\"><\/div><\/div><div class=\"slideshow_view\">\n\t\t\t\t<div class=\"slideshow_slide slideshow_slide_image\">\n\t\t\t\t\t\t\t\t\t\t\t<img src=\"https:\/\/tortenelem.fazekas.hu\/wp-content\/uploads\/2021\/10\/fazek_tori04.jpg\" alt=\"fazek_tori04\" width=\"1280\" height=\"960\" \/>\n\t\t\t\t\t\t\t\t\t\t<div class=\"slideshow_description_box slideshow_transparent\">\n\t\t\t\t\t\t<div class=\"slideshow_title\">fazek_tori04<\/div>\t\t\t\t\t\t\t\t\t\t\t<\/div>\n\t\t\t\t<\/div>\n\n\t\t\t\t\t\t<div style=\"clear: both;\"><\/div><\/div><div class=\"slideshow_view\">\n\t\t\t\t<div class=\"slideshow_slide slideshow_slide_image\">\n\t\t\t\t\t\t\t\t\t\t\t<img src=\"https:\/\/tortenelem.fazekas.hu\/wp-content\/uploads\/2021\/10\/fazek_tori05.jpg\" alt=\"fazek_tori05\" width=\"1280\" height=\"854\" \/>\n\t\t\t\t\t\t\t\t\t\t<div class=\"slideshow_description_box slideshow_transparent\">\n\t\t\t\t\t\t<div class=\"slideshow_title\">fazek_tori05<\/div>\t\t\t\t\t\t\t\t\t\t\t<\/div>\n\t\t\t\t<\/div>\n\n\t\t\t\t\t\t<div style=\"clear: both;\"><\/div><\/div><div class=\"slideshow_view\">\n\t\t\t\t<div class=\"slideshow_slide slideshow_slide_image\">\n\t\t\t\t\t\t\t\t\t\t\t<img src=\"https:\/\/tortenelem.fazekas.hu\/wp-content\/uploads\/2021\/10\/fazek_tori06.jpg\" alt=\"fazek_tori06\" width=\"960\" height=\"960\" \/>\n\t\t\t\t\t\t\t\t\t\t<div class=\"slideshow_description_box slideshow_transparent\">\n\t\t\t\t\t\t<div class=\"slideshow_title\">fazek_tori06<\/div>\t\t\t\t\t\t\t\t\t\t\t<\/div>\n\t\t\t\t<\/div>\n\n\t\t\t\t\t\t<div style=\"clear: both;\"><\/div><\/div><div class=\"slideshow_view\">\n\t\t\t\t<div class=\"slideshow_slide slideshow_slide_image\">\n\t\t\t\t\t\t\t\t\t\t\t<img src=\"https:\/\/tortenelem.fazekas.hu\/wp-content\/uploads\/2021\/10\/fazek_tori07.jpg\" alt=\"fazek_tori07\" width=\"1280\" height=\"960\" \/>\n\t\t\t\t\t\t\t\t\t\t<div class=\"slideshow_description_box slideshow_transparent\">\n\t\t\t\t\t\t<div class=\"slideshow_title\">fazek_tori07<\/div>\t\t\t\t\t\t\t\t\t\t\t<\/div>\n\t\t\t\t<\/div>\n\n\t\t\t\t\t\t<div style=\"clear: both;\"><\/div><\/div><div class=\"slideshow_view\">\n\t\t\t\t<div class=\"slideshow_slide slideshow_slide_image\">\n\t\t\t\t\t\t\t\t\t\t\t<img src=\"https:\/\/tortenelem.fazekas.hu\/wp-content\/uploads\/2021\/10\/fazek_tori08.jpg\" alt=\"fazek_tori08\" width=\"1280\" height=\"894\" \/>\n\t\t\t\t\t\t\t\t\t\t<div class=\"slideshow_description_box slideshow_transparent\">\n\t\t\t\t\t\t<div class=\"slideshow_title\">fazek_tori08<\/div>\t\t\t\t\t\t\t\t\t\t\t<\/div>\n\t\t\t\t<\/div>\n\n\t\t\t\t\t\t<div style=\"clear: both;\"><\/div><\/div><div class=\"slideshow_view\">\n\t\t\t\t<div class=\"slideshow_slide slideshow_slide_image\">\n\t\t\t\t\t\t\t\t\t\t\t<img src=\"https:\/\/tortenelem.fazekas.hu\/wp-content\/uploads\/2021\/10\/fazek_tori09.jpg\" alt=\"fazek_tori09\" width=\"1280\" height=\"960\" \/>\n\t\t\t\t\t\t\t\t\t\t<div class=\"slideshow_description_box slideshow_transparent\">\n\t\t\t\t\t\t<div class=\"slideshow_title\">fazek_tori09<\/div>\t\t\t\t\t\t\t\t\t\t\t<\/div>\n\t\t\t\t<\/div>\n\n\t\t\t\t\t\t<div style=\"clear: both;\"><\/div><\/div><div class=\"slideshow_view\">\n\t\t\t\t<div class=\"slideshow_slide slideshow_slide_image\">\n\t\t\t\t\t\t\t\t\t\t\t<img src=\"https:\/\/tortenelem.fazekas.hu\/wp-content\/uploads\/2021\/10\/fazek_tori10.jpg\" alt=\"fazek_tori10\" width=\"1280\" height=\"853\" \/>\n\t\t\t\t\t\t\t\t\t\t<div class=\"slideshow_description_box slideshow_transparent\">\n\t\t\t\t\t\t<div class=\"slideshow_title\">fazek_tori10<\/div>\t\t\t\t\t\t\t\t\t\t\t<\/div>\n\t\t\t\t<\/div>\n\n\t\t\t\t\t\t<div style=\"clear: both;\"><\/div><\/div><div class=\"slideshow_view\">\n\t\t\t\t<div class=\"slideshow_slide slideshow_slide_image\">\n\t\t\t\t\t\t\t\t\t\t\t<img src=\"https:\/\/tortenelem.fazekas.hu\/wp-content\/uploads\/2021\/10\/fazek_tori11.jpg\" alt=\"fazek_tori11\" width=\"1280\" height=\"853\" \/>\n\t\t\t\t\t\t\t\t\t\t<div class=\"slideshow_description_box slideshow_transparent\">\n\t\t\t\t\t\t<div class=\"slideshow_title\">fazek_tori11<\/div>\t\t\t\t\t\t\t\t\t\t\t<\/div>\n\t\t\t\t<\/div>\n\n\t\t\t\t\t\t<div style=\"clear: both;\"><\/div><\/div><div class=\"slideshow_view\">\n\t\t\t\t<div class=\"slideshow_slide slideshow_slide_image\">\n\t\t\t\t\t\t\t\t\t\t\t<img src=\"https:\/\/tortenelem.fazekas.hu\/wp-content\/uploads\/2021\/10\/fazek_tori12.jpg\" alt=\"fazek_tori12\" width=\"1280\" height=\"961\" \/>\n\t\t\t\t\t\t\t\t\t\t<div class=\"slideshow_description_box slideshow_transparent\">\n\t\t\t\t\t\t<div class=\"slideshow_title\">fazek_tori12<\/div>\t\t\t\t\t\t\t\t\t\t\t<\/div>\n\t\t\t\t<\/div>\n\n\t\t\t\t\t\t<div style=\"clear: both;\"><\/div><\/div><div class=\"slideshow_view\">\n\t\t\t\t<div class=\"slideshow_slide slideshow_slide_image\">\n\t\t\t\t\t\t\t\t\t\t\t<img src=\"https:\/\/tortenelem.fazekas.hu\/wp-content\/uploads\/2021\/10\/fazek_tori02.jpg\" alt=\"fazek_tori02\" width=\"1280\" height=\"720\" \/>\n\t\t\t\t\t\t\t\t\t\t<div class=\"slideshow_description_box slideshow_transparent\">\n\t\t\t\t\t\t<div class=\"slideshow_title\">fazek_tori02<\/div>\t\t\t\t\t\t\t\t\t\t\t<\/div>\n\t\t\t\t<\/div>\n\n\t\t\t\t\t\t<div style=\"clear: both;\"><\/div><\/div>\n\t\t<\/div>\n\n\t\t<div class=\"slideshow_controlPanel slideshow_transparent\" style=\"display: none;\"><ul><li class=\"slideshow_togglePlay\" data-play-text=\"Play\" data-pause-text=\"Pause\"><\/li><\/ul><\/div>\n\n\t\t<div class=\"slideshow_button slideshow_previous slideshow_transparent\" role=\"button\" data-previous-text=\"Previous\" style=\"display: none;\"><\/div>\n\t\t<div class=\"slideshow_button slideshow_next slideshow_transparent\" role=\"button\" data-next-text=\"Next\" style=\"display: none;\"><\/div>\n\n\t\t<div class=\"slideshow_pagination\" style=\"display: none;\" data-go-to-text=\"Go to slide\"><div class=\"slideshow_pagination_center\"><\/div><\/div>\n\n\t\t<!-- WordPress Slideshow Version 2.3.1 -->\n\n\t\t\t<\/div>\n\n\n<p>&nbsp;<\/p>\n<hr>\n<p>&nbsp;<\/p>\n<p align=\"center\"><b>Sz\u00f3beli \u00e9retts\u00e9gi t\u00e9mak\u00f6r\u00f6k a 2026-ban v\u00e9gz\u0151 oszt\u00e1lyok sz\u00e1m\u00e1ra<\/b><\/p>\n<p><i>T\u00f6rt\u00e9nelem k\u00f6z\u00e9pszint<\/i><br \/>\nA 12.A oszt\u00e1ly t\u00e9mak\u00f6rei <a href=\"hirek\/erettsegi_szobeli_tematika_2026A.pdf \"><span style=\"color: blue;\">itt<\/span><\/a>, a 12.B oszt\u00e1ly t\u00e9mak\u00f6rei <a href=\"hirek\/erettsegi_szobeli_tematika_2026B.pdf \"><span style=\"color: blue;\">ezen a helyen<\/span><\/a>, a 12.C oszt\u00e1ly\u00e9i <a href=\"hirek\/erettsegi_szobeli_tematika_2026C.pdf \"><span style=\"color: blue;\">ide kattintva<\/span><\/a>, v\u00e9g\u00fcl a 12.D oszt\u00e1ly t\u00e9mak\u00f6rei <a href=\"hirek\/erettsegi_szobeli_tematika_2026D.pdf \"><span style=\"color: blue;\">ehely\u00fctt<\/span><\/a> \u00e9rhet\u0151ek el.<br \/>\n<i>Filoz\u00f3fia<\/i><br \/>\nA filoz\u00f3fia t\u00e9mak\u00f6r\u00f6k <a href=\"hirek\/erettsegi_szobeli_tematika_2026filozofia.pdf\"><span style=\"color: blue;\">innen<\/span><\/a> t\u00f6lthet\u0151ek le.<br \/>\nEredm\u00e9nyes felk\u00e9sz\u00fcl\u00e9st k\u00edv\u00e1nunk!<\/p>\n<p style=\"text-align: right;\">T\u00f6rt\u00e9nelem-filoz\u00f3fia munkak\u00f6z\u00f6ss\u00e9g<\/p>\n<hr>\n<p>&nbsp;<\/p>\n<p align=\"center\"><b>Bihari P\u00e9ter: Gy\u00f6kerek \u00e9s szakad\u00e1sok<\/b><\/p>\n<p><img loading=\"lazy\" decoding=\"async\" class=\"aligncenter\" src=\"\/hirek\/bihari_gyokerek_szakadasok.jfif\" alt=\"\" width=\"362\" height=\"500\" align=\"middle\"><\/p>\n<p style=\"text-align: justify;\">A k\u00f6zelm\u00faltban megjelent iskol\u00e1nk volt tan\u00e1ra, Bihari P\u00e9ter <i>Gy\u00f6kerek \u00e9s szakad\u00e1sok<\/i> c. tanulm\u00e1nyk\u00f6tete. A 32 hosszabb-r\u00f6videbb tanulm\u00e1ny egy r\u00e9sze m\u00e1r megjelent hetilapban, foly\u00f3iratban vagy tanulm\u00e1nyk\u00f6tetben, m\u00e1s r\u00e9sz\u00fck eset\u00e9ben ez az els\u0151 k\u00f6zl\u00e9s. A tanulm\u00e1nyok t\u00e9m\u00e1ik szerint \u00f6t nagyfejezetbe oszthat\u00f3ak: Eur\u00f3pa, vil\u00e1gh\u00e1bor\u00fak, neves n\u00e9metek, Magyarorsz\u00e1g, t\u00f6rt\u00e9nelemtan\u00edt\u00e1s. Bihari P\u00e9ter p\u00e1ly\u00e1j\u00e1t t\u00f6rt\u00e9nelemtan\u00e1rk\u00e9nt kezdte, tank\u00f6nyv\u00edr\u00f3k\u00e9nt folytatta, v\u00e9g\u00fcl t\u00f6rt\u00e9n\u00e9sz lett bel\u0151le. A Fazekasban 1994 \u00e9s 2023 k\u00f6z\u00f6tt tan\u00edtott. Ebben a k\u00f6tet\u00e9ben (is) az a sz\u00e1nd\u00e9k vezette, hogy munk\u00e1ja, \u00edr\u00e1sai ne els\u0151sorban azoknak sz\u00f3ljanak, akik a t\u00f6rt\u00e9nelemben \u00e9rdekes vagy k\u00fcl\u00f6n\u00f6s r\u00e9gis\u00e9geket keresnek \u2013 ink\u00e1bb azoknak, akik fontos k\u00e9rd\u00e9seket, relev\u00e1ns v\u00e1laszokat, napjainkra is kihat\u00f3 probl\u00e9m\u00e1k felvet\u00e9s\u00e9t v\u00e1rj\u00e1k.<\/p>\n<p>Gratul\u00e1lunk az \u00faj k\u00f6nyvh\u00f6z!<br \/>\n2025. okt\u00f3ber 8.<\/p>\n<p style=\"text-align: right;\">T\u00f6rt\u00e9nelem-filoz\u00f3fia munkak\u00f6z\u00f6ss\u00e9g<\/p>\n<hr>\n<p>&nbsp;<\/p>\n<p align=\"center\"><b>T\u00f6rt\u00e9nelem tehets\u00e9ggondoz\u00f3, felv\u00e9teli el\u0151k\u00e9sz\u00edt\u0151 szakk\u00f6r indul a Fazekasban 2025 okt\u00f3ber\u00e9ben<\/b><\/p>\n<p>Kedves 8. oszt\u00e1lyos Tanul\u00f3!<\/p>\n<p style=\"text-align: justify;\"><b>Tervezed, hogy hum\u00e1n ir\u00e1nyban tanulsz tov\u00e1bb?<\/b> Kedveled a t\u00f6rt\u00e9nelmet, de a r\u00e9gebben tanult korszakokr\u00f3l tanultak m\u00e1r nehezen jutnak eszedbe? Kezdenek feled\u00e9sbe mer\u00fclni a konkr\u00e9t esem\u00e9nyek? Nem mindig l\u00e1tod \u00e1t az \u00f6sszef\u00fcgg\u00e9seket? A t\u00e9rk\u00e9pen n\u00e9ha m\u00e9g mindig felcser\u00e9led B\u00e9cset \u00e9s Pozsonyt? L\u00e9lekben m\u00e1r k\u00e9sz\u00fclsz a felv\u00e9telire t\u00f6rt\u00e9nelemb\u0151l? <b>\u00c9rdekel, mi v\u00e1rhat r\u00e1d a Fazekas \u201eA\u201d oszt\u00e1ly\u00e1nak fel\u00e9t kitev\u0151 hum\u00e1n tagozaton?<\/b><\/p>\n<p style=\"text-align: justify;\"><b>Seg\u00edt\u00fcnk.<\/b> A Fazekas id\u00e9n negyedszer tehets\u00e9ggondoz\u00f3, k\u00f6z\u00e9piskolai tanulm\u00e1nyokra hangol\u00f3 szakk\u00f6rt hirdet mindazoknak, akiket \u00e9rdekel a t\u00f6rt\u00e9nelem, szeretn\u00e9k felfriss\u00edteni ismereteiket vagy t\u00f6rt\u00e9nelemb\u0151l k\u00edv\u00e1nj\u00e1k megm\u00e9rettetni magukat iskol\u00e1nkban 2026 tavasz\u00e1n.<\/p>\n<p><img loading=\"lazy\" decoding=\"async\" class=\"aligncenter\" src=\"\/hirek\/tortenelem_8_szakkor.jpg\" alt=\"\" width=\"456\" height=\"238\" align=\"middle\"><\/p>\n<p style=\"text-align: justify;\"><b>2026 febru\u00e1r k\u00f6zep\u00e9ig minden h\u00e9ten egy-egy fontosabb t\u00e9mak\u00f6rt j\u00e1runk k\u00f6rbe,<\/b> seg\u00edts\u00e9g\u00fcl h\u00edvva forr\u00e1sokat, gazdag iskolai k\u00f6nyvt\u00e1runkat, k\u00e9peket, vide\u00f3kat, egysz\u00f3val mindent, ami a t\u00f6rt\u00e9nelemtanul\u00e1st \u00e9lvezetess\u00e9 teszi. A foglalkoz\u00e1sok 60 percesek. <b>Febru\u00e1r v\u00e9g\u00e9n pr\u00f3basz\u00f3belit is szervez\u00fcnk.<\/b> Az el\u0151k\u00e9sz\u00edt\u0151t a Fazekas t\u00f6rt\u00e9nelemtan\u00e1rai tartj\u00e1k, heti v\u00e1lt\u00e1sban, \u00edgy a tud\u00e1s felfriss\u00edt\u00e9se \u00e9s rendszerez\u00e9se mellett arra is lesz lehet\u0151s\u00e9ged, hogy megismerkedj a gimn\u00e1ziumi tan\u00e1rokkal. Jelentkezni a keglevich[kukac]fazekas.hu e-mail c\u00edmen lehet vagy a helysz\u00ednen, a Fazekas Gimn\u00e1zium 4. emelet\u00e9n tal\u00e1lhat\u00f3 420-as sz\u00e1m\u00fa tanteremben a szakk\u00f6r id\u0151pontj\u00e1ban \u2013 neved, iskol\u00e1d \u00e9s email-c\u00edmed megad\u00e1s\u00e1val. A szakk\u00f6rh\u00f6z k\u00e9s\u0151bb is lehet csatlakozni a rendelkez\u00e9sre \u00e1ll\u00f3 helyek erej\u00e9ig.<\/p>\n<p style=\"text-align: justify;\"><b>A foglalkoz\u00e1sok tervezett id\u0151pontja, helysz\u00edne:<\/b> szerda d\u00e9lut\u00e1n 15.30-t\u00f3l, a gimn\u00e1zium 4. emelet\u00e9n a 420. sz\u00e1m\u00fa terem.<\/p>\n<p style=\"text-align: justify;\"><b>Els\u0151 foglalkoz\u00e1s: 2025. okt\u00f3ber 15. szerda, du 15.30-16.30<\/b>, Budapesti Fazekas Mih\u00e1ly Gyakorl\u00f3 \u00c1ltal\u00e1nos Iskola \u00e9s Gimn\u00e1zium, Budapest, Horv\u00e1th Mih\u00e1ly t\u00e9r 8., 420. terem.<\/p>\n<p>Rem\u00e9lj\u00fck, hasznos lesz k\u00f6z\u00f6s id\u0151utaz\u00e1sunk! \ud83d\ude42<br \/>\n2025. szeptember 10.<\/p>\n<p style=\"text-align: right;\">T\u00f6rt\u00e9nelem-filoz\u00f3fia munkak\u00f6z\u00f6ss\u00e9g<\/p>\n<p>&nbsp;<\/p>\n<hr>\n<p>&nbsp;<\/p>\n<p align=\"center\"><b>Horv\u00e1th Mih\u00e1ly K\u00f6z\u00e9piskolai Tanulm\u00e1nyi Verseny 2025\/2026 \u2013 beharangoz\u00f3<\/b><\/p>\n<p style=\"text-align: justify;\"><i>I. t\u00e9mak\u00f6r. Magyar arisztokrat\u00e1k a 18. sz\u00e1zadi Habsburg Birodalom k\u00f6zpontj\u00e1ban. \u00c9letm\u00f3d, kapcsolatok, tiszts\u00e9gek<\/i><\/p>\n<p style=\"text-align: justify;\"><i>II. t\u00e9mak\u00f6r. Magyarorsz\u00e1gi rendszerv\u00e1lt\u00e1sok sorozata, 1918\/1919\/1920-ban. Mi magyar\u00e1zza a v\u00e1ltoz\u00e1sokat \u00e9s azok hogyan form\u00e1lt\u00e1k \u00e1t a politik\u00e1t \u00e9s hogyan hatottak a mindennapokra?<\/i><\/p>\n<p><img loading=\"lazy\" decoding=\"async\" class=\"aligncenter\" src=\"\/hirek\/horvath_mihaly_konyvek.jpg\" alt=\"\" width=\"456\" height=\"342\" align=\"middle\"><\/p>\n<p style=\"text-align: justify;\">A nevez\u00e9s tervezett id\u0151pontja: szeptember v\u00e9ge, okt\u00f3ber eleje. Iskolai fordul\u00f3: november v\u00e9ge (online, a tanul\u00f3 iskol\u00e1j\u00e1ban, teszt jelleg\u0171 online feladatlap \u2013 saj\u00e1t k\u00e9z\u00edr\u00e1sos jegyzet haszn\u00e1lhat\u00f3). M\u00e1sodik fordul\u00f3 (essz\u00e9) janu\u00e1r k\u00f6zepe (a Fazekasban \u2013 saj\u00e1t k\u00e9z\u00edr\u00e1sos jegyzet haszn\u00e1lhat\u00f3). D\u00f6nt\u0151: m\u00e1rcius k\u00f6zepe (a Fazekasban \u2013 seg\u00e9deszk\u00f6z nem haszn\u00e1lhat\u00f3)<\/p>\n<p style=\"text-align: justify;\"><b>V\u00e1ltoz\u00e1s! <\/b> Az els\u0151 fordul\u00f3 feladatainak kb. 80 sz\u00e1zal\u00e9ka a szakirodalomban megadott tank\u00f6nyvi fejezetekre, kb. 20 sz\u00e1zal\u00e9ka pedig a szakirodalmi lista 1. sorsz\u00e1m\u00fa publik\u00e1ci\u00f3j\u00e1ra vonatkoz\u00f3 feladatokat tartalmaz. Teh\u00e1t az els\u0151 fordul\u00f3 sikeres megold\u00e1s\u00e1hoz nem sz\u00fcks\u00e9ges a teljes megadott szakirodalom ismerete! <\/p>\n<p style=\"text-align: justify;\">Tov\u00e1bbi inform\u00e1ci\u00f3k, kedvcsin\u00e1l\u00f3 felvet\u00e9sek \u00e9s forr\u00e1sok <a href=\" https:\/\/tortenelem.fazekas.hu\/?page_id=76\"><font color=\"blue\">itt<\/font><\/a> tal\u00e1lhat\u00f3k.<\/p>\n<p>Bp., 2025. szeptember 11.<\/p>\n<p style=\"text-align: right;\">T\u00f6rt\u00e9nelem-filoz\u00f3fia munkak\u00f6z\u00f6ss\u00e9g<\/p>\n<p>&nbsp;<\/p>\n<hr \/>\n<p align=\"center\"><b>Di\u00e1kjaink t\u00f6rt\u00e9nelem versenyeredm\u00e9nyei a 2024\/25-\u00f6s tan\u00e9vben<\/b><\/p>\n<p style=\"text-align: justify;\">\u00d6r\u00f6mmel tudatjuk, hogy a 2024\/25-\u00f6s tan\u00e9vben a  di\u00e1kjaink a k\u00f6vetkez\u0151 helyez\u00e9seket \u00e9rt\u00e9k el k\u00fcl\u00f6nf\u00e9le t\u00f6rt\u00e9nelemversenyeken:<\/p>\n<p>ORSZ\u00c1GOS SAVARIA T\u00d6RT\u00c9NELEMVERSENY<br \/>\n<b>6. helyez\u00e9s Nasergodshi D\u00e1niel (9.a)<\/b> <i>(felk\u00e9sz\u00edt\u0151 tan\u00e1r: Szab\u00f3 M\u00e1rta) <\/i><br \/>\n&nbsp;<br \/>\nKOS\u00c1RY DOMOKOS T\u00d6RT\u00c9NELEMVERSENY<br \/>\n<b>12. helyez\u00e9s S\u00e1fr\u00e1ny Br\u00fan\u00f3 (9.a)<\/b> <i>(felk\u00e9sz\u00edt\u0151 tan\u00e1r: Szab\u00f3 M\u00e1rta) <\/i><br \/>\n<b>14. helyez\u00e9s M\u00e9sz\u00e1ros Korn\u00e9l (9.b)<\/b> <i>(felk\u00e9sz\u00edt\u0151 tan\u00e1r: Keglevich Krist\u00f3f) <\/i><br \/>\n&nbsp;<br \/>\nHORV\u00c1TH MIH\u00c1LY K\u00d6Z\u00c9PISKOLAI T\u00d6RT\u00c9NELEMVERSENY f\u0151v\u00e1rosi d\u00f6nt\u0151je<br \/>\n&#8216;<span style=\"text-decoration: underline;\">N\u00e1dorok a k\u00f6z\u00e9pkori \u00e9s kora \u00fajkori Magyarorsz\u00e1gon<\/span>&#8216; t\u00e9mak\u00f6rben:<br \/>\n<b>1. Liang JinYun (11.b)<\/b> <i>(felk\u00e9sz\u00edt\u0151 tan\u00e1r: Foki Tam\u00e1s, Keglevich Krist\u00f3f) <\/i><br \/>\n6. Kov\u00e1cs Mil\u00e1n (9.b) <i>(felk\u00e9sz\u00edt\u0151 tan\u00e1r: Keglevich Krist\u00f3f) <\/i><br \/>\n8. M\u00e9sz\u00e1ros Korn\u00e9l (9.b) <i>(felk\u00e9sz\u00edt\u0151 tan\u00e1r: Keglevich Krist\u00f3f) <\/i><br \/>\n12. Nemesi Bence Mikl\u00f3s (9.b) <i>(felk\u00e9sz\u00edt\u0151 tan\u00e1r: Keglevich Krist\u00f3f) <\/i><br \/>\n14. Zempl\u00e9ni Levente (9.b) <i>(felk\u00e9sz\u00edt\u0151 tan\u00e1r: Keglevich Krist\u00f3f) <\/i><br \/>\n15. Kerekes M\u00e1rton (9.b) <i>(felk\u00e9sz\u00edt\u0151 tan\u00e1r: Keglevich Krist\u00f3f) <\/i><br \/>\n16. Kiss G\u00e9za (9.b) <i>(felk\u00e9sz\u00edt\u0151 tan\u00e1r: Keglevich Krist\u00f3f) <\/i><br \/>\n17. \u00c1brah\u00e1m R\u00e9ka Lora (9.b) <i>(felk\u00e9sz\u00edt\u0151 tan\u00e1r: Keglevich Krist\u00f3f) <\/i><br \/>\n&#8216;<span style=\"text-decoration: underline;\">Iskol\u00e1k, di\u00e1kok, tan\u00e1rok az els\u0151 vil\u00e1gh\u00e1bor\u00faban<\/span>&#8216; t\u00e9mak\u00f6rben<br \/>\n1. <b>Szurdi Iv\u00e1n (10.d)<\/b> <i>(felk\u00e9sz\u00edt\u0151 tan\u00e1r: Foki Tam\u00e1s, Tar-P\u00e1lfi Nikoletta) <\/i><br \/>\n2. Zubor J\u00f3n\u00e1s Jakab (10.d) <i>(felk\u00e9sz\u00edt\u0151 tan\u00e1r: Foki Tam\u00e1s, Tar-P\u00e1lfi Nikoletta) <\/i><br \/>\n4. Holbis D\u00e1vid (9.b) <i>(felk\u00e9sz\u00edt\u0151 tan\u00e1r: Keglevich Krist\u00f3f) <\/i><br \/>\n5. Wan Zhijie Viktor (11.b) <i>(felk\u00e9sz\u00edt\u0151 tan\u00e1r: Foki Tam\u00e1s, Keglevich Krist\u00f3f) <\/i><br \/>\n12. Ga\u00e1l Kolos Vajk (9.d) <i>(felk\u00e9sz\u00edt\u0151 tan\u00e1r: Tar-P\u00e1lfi Nikoletta) <\/i><br \/>\n13. Sink\u00f3 Lili 10.a <i>(felk\u00e9sz\u00edt\u0151 tan\u00e1r: Rep\u00e1rszky Ildik\u00f3) <\/i><br \/>\n15. Szetei-Sz\u0151ke Menyh\u00e9rt (9.a) <i>(felk\u00e9sz\u00edt\u0151 tan\u00e1r: Szab\u00f3 M\u00e1rta) <\/i><br \/>\n17. Breuer Benjamin (9.a) <i>(felk\u00e9sz\u00edt\u0151 tan\u00e1r: Szab\u00f3 M\u00e1rta) <\/i><br \/>\n18. Morovics Arlen (9.d) <i>(felk\u00e9sz\u00edt\u0151 tan\u00e1r: Tar-P\u00e1lfi Nikoletta) <\/i><\/p>\n<p style=\"text-align: justify;\">Az el\u00e9rt eredm\u00e9nyekhez sz\u00edvb\u0151l gratul\u00e1lunk!<\/p>\n<p>Bp., 2025. m\u00e1rcius 24.<\/p>\n<p style=\"text-align: right;\">T\u00f6rt\u00e9nelem-filoz\u00f3fia munkak\u00f6z\u00f6ss\u00e9g<\/p>\n<hr>\n<p>&nbsp;<\/p>\n<p>&nbsp;<\/p>\n<p align=\"center\"><b>Fazekasos eredm\u00e9nyek a 2024. \u00e9vi Nemzetk\u00f6zi Filoz\u00f3fiai Di\u00e1kolimpi\u00e1n (IPO)<\/b><\/p>\n<p><img loading=\"lazy\" decoding=\"async\" class=\"aligncenter\" src=\"\/hirek\/2024_IPO.jpg\" alt=\"\" width=\"456\" height=\"342\" align=\"middle\"><\/p>\n<p style=\"text-align: justify;\">Az id\u00e9n Helsinkiben rendezett Filoz\u00f3fiai Di\u00e1kolimpi\u00e1n iskol\u00e1nkat Aklan Larion (12.a) \u00e9s Petr\u00f3czi K\u00edra (11.d). k\u00e9pviselte. Mind a ketten \u201eHonourable mention\u201d eredm\u00e9nyt \u00e9rtek el. Mivel ezen a di\u00e1kolimpi\u00e1n kev\u00e9s \u00e9rmet adnak, az elismer\u0151 oklev\u00e9l eredm\u00e9nye azt jelenti, hogy nagyon er\u0151s essz\u00e9t tudtak \u00edrni a versenyen. <\/p>\n<p>Gratul\u00e1lunk!<\/p>\n<p style=\"text-align: right;\">T\u00f6rt\u00e9nelem-filoz\u00f3fia munkak\u00f6z\u00f6ss\u00e9g<\/p>\n<hr>\n<p>&nbsp;<\/p>\n<p align=\"center\"><b>Arany Toll D\u00edj 2024<\/b><\/p>\n<p><img loading=\"lazy\" decoding=\"async\" class=\"aligncenter\" src=\"\/aranytoll\/arany_toll_2024.jpg\" alt=\"\" width=\"456\" height=\"264\" align=\"middle\"><\/p>\n<p style=\"text-align: justify;\">A tan\u00e1r \u00e9s k\u00f6lt\u0151 F. T\u00f3th Zolt\u00e1n eml\u00e9k\u00e9re alap\u00edtott Arany Toll D\u00edj \u00fcnnep\u00e9lyes d\u00edj\u00e1tad\u00f3j\u00e1ra 2024. m\u00e1jus 14-\u00e9n ker\u00fclt sor az I. emeleti aul\u00e1ban. D\u00edjazott lett M\u00e1th\u00e9 Gergely (11.c) t\u00f6rt\u00e9nelemb\u0151l, Rubint \u00c1gnes (12.d) irodalmi tev\u00e9kenys\u00e9g\u00e9\u00e9rt. K\u00fcl\u00f6nd\u00edjban r\u00e9szes\u00fclt Homoki Lili (10.d) \u00e9s Szab\u00f3 Anna (11.d).<\/p>\n<p>Gratul\u00e1lunk!<\/p>\n<p style=\"text-align: right;\">T\u00f6rt\u00e9nelem-filoz\u00f3fia munkak\u00f6z\u00f6ss\u00e9g<\/p>\n<hr>\n<p>&nbsp;<\/p>\n<p align=\"center\"><b>A t\u00f6rt\u00e9nelem OKTV fazekasos d\u00f6nt\u0151se a 2022\/23-as tan\u00e9vben<\/b><\/p>\n<p style=\"text-align: justify;\">\u00d6r\u00f6mmel tudatjuk, hogy a 2022\/23-as tan\u00e9vben az Orsz\u00e1gos K\u00f6z\u00e9piskolai Tanulm\u00e1nyi Versenyen t\u00f6rt\u00e9nelem tant\u00e1rgyb\u00f3l B\u00f3di D\u00e1vid (11.d) 12. helyez\u00e9st \u00e9rt el.<\/p>\n<p style=\"text-align: justify;\">Az el\u00e9rt eredm\u00e9nyekhez sz\u00edvb\u0151l gratul\u00e1lunk!<\/p>\n<p>Bp., 2023. \u00e1prilis 24.<\/p>\n<p style=\"text-align: right;\">T\u00f6rt\u00e9nelem-filoz\u00f3fia munkak\u00f6z\u00f6ss\u00e9g<\/p>\n<hr>\n<p>&nbsp;<\/p>\n<p align=\"center\"><b>Horv\u00e1th Mih\u00e1ly Tehets\u00e9ggondoz\u00f3 \u00e9s M\u00fazeumbar\u00e1t T\u00f6rt\u00e9nelemverseny eredm\u00e9nyek a 2022\/23-as tan\u00e9vben<\/b><\/p>\n<p style=\"text-align: justify;\">\u00c1ltal\u00e1nos iskol\u00e1s kor\u00fa di\u00e1kjaink a 2022\/23-as tan\u00e9vben a Horv\u00e1th Mih\u00e1ly Tehets\u00e9ggondoz\u00f3 \u00e9s M\u00fazeumbar\u00e1t T\u00f6rt\u00e9nelemverseny f\u0151v\u00e1rosi d\u00f6nt\u0151j\u00e9n a k\u00f6vetkez\u0151 eredm\u00e9nyeket \u00e9rt\u00e9k el:<\/p>\n<p><b>Lovagkir\u00e1lyok (I. kateg\u00f3ria)<\/b><br \/>\n4. Gere Katinka, 6.a <i>(felk\u00e9sz\u00edt\u0151 tan\u00e1r: Toll\u00e1r Patrik)<\/i><br \/>\n10. Pauk Ign\u00e1c, 5.a <i>(felk\u00e9sz\u00edt\u0151 tan\u00e1r: Toll\u00e1r Patrik)<\/i><br \/>\n12. Zongor-Finta D\u00e1vid, 5.b [legjobb el\u0151ad\u00e1s k\u00fcl\u00f6nd\u00edj] <i>(felk\u00e9sz\u00edt\u0151 tan\u00e1r: Toll\u00e1r Patrik)<\/i><br \/>\n15. Tesl\u00e1r Simon, 5.b <i>(felk\u00e9sz\u00edt\u0151 tan\u00e1r: Toll\u00e1r Patrik)<\/i><br \/>\n<b>I. vil\u00e1gh\u00e1bor\u00fa (II. kateg\u00f3ria)<\/b><br \/>\n7. Oszl\u00e1nyi D\u00e1niel, 7.a <i>(felk\u00e9sz\u00edt\u0151 tan\u00e1r: Toll\u00e1r Patrik)<\/i><br \/>\n17. Szurdi Iv\u00e1n, 8.b <i>(felk\u00e9sz\u00edt\u0151 tan\u00e1r: Tar-P\u00e1lfi Nikolett)<\/i><br \/>\nBp., 2023. m\u00e1jus 19.<\/p>\n<p style=\"text-align: right;\">T\u00f6rt\u00e9nelem-filoz\u00f3fia munkak\u00f6z\u00f6ss\u00e9g<\/p>\n<hr>\n<p align=\"center\"><b>Est\u00f6ri 2022<\/b><\/p>\n<p><img loading=\"lazy\" decoding=\"async\" class=\"aligncenter\" src=\"\/diakmunkak\/estori01_fazekas2022.png\" alt=\"\" width=\"456\" height=\"264\" align=\"middle\"><br \/>\nAz Esterh\u00e1zy Kreat\u00edv T\u00f6rt\u00e9nelmi Verseny 2022. m\u00e1jus 20-\u00e1n rendezett d\u00f6nt\u0151j\u00e9n a 10.a oszt\u00e1lyb\u00f3l verbuv\u00e1l\u00f3dott h\u00e1romf\u0151s csapat \u2013 F\u00fcl\u00f6p Ad\u00e9l Borb\u00e1la, Laz\u00e1nyi Lili, S\u00e1ndor Zs\u00f3fia Fl\u00f3ra \u2013 10. helyez\u00e9st \u00e9rt el. Gratul\u00e1luk!<\/p>\n<p style=\"text-align: right;\">T\u00f6rt\u00e9nelem-filoz\u00f3fia munkak\u00f6z\u00f6ss\u00e9g<\/p>\n","protected":false},"excerpt":{"rendered":"<p>&nbsp; &nbsp; Sz\u00f3beli \u00e9retts\u00e9gi t\u00e9mak\u00f6r\u00f6k a 2026-ban v\u00e9gz\u0151 oszt\u00e1lyok sz\u00e1m\u00e1ra T\u00f6rt\u00e9nelem k\u00f6z\u00e9pszint A 12.A oszt\u00e1ly t\u00e9mak\u00f6rei itt, a 12.B oszt\u00e1ly t\u00e9mak\u00f6rei ezen a helyen, a&#8230;<\/p>\n<div class=\"more-link-wrapper\"><a class=\"more-link\" href=\"https:\/\/tortenelem.fazekas.hu\/\">Continue reading<span class=\"screen-reader-text\">Kezd\u0151lap<\/span><\/a><\/div>\n","protected":false},"author":1,"featured_media":0,"parent":0,"menu_order":0,"comment_status":"closed","ping_status":"closed","template":"","meta":{"ngg_post_thumbnail":0,"footnotes":""},"class_list":["post-27","page","type-page","status-publish","hentry","entry"],"_links":{"self":[{"href":"https:\/\/tortenelem.fazekas.hu\/index.php?rest_route=\/wp\/v2\/pages\/27","targetHints":{"allow":["GET"]}}],"collection":[{"href":"https:\/\/tortenelem.fazekas.hu\/index.php?rest_route=\/wp\/v2\/pages"}],"about":[{"href":"https:\/\/tortenelem.fazekas.hu\/index.php?rest_route=\/wp\/v2\/types\/page"}],"author":[{"embeddable":true,"href":"https:\/\/tortenelem.fazekas.hu\/index.php?rest_route=\/wp\/v2\/users\/1"}],"replies":[{"embeddable":true,"href":"https:\/\/tortenelem.fazekas.hu\/index.php?rest_route=%2Fwp%2Fv2%2Fcomments&post=27"}],"version-history":[{"count":141,"href":"https:\/\/tortenelem.fazekas.hu\/index.php?rest_route=\/wp\/v2\/pages\/27\/revisions"}],"predecessor-version":[{"id":1415,"href":"https:\/\/tortenelem.fazekas.hu\/index.php?rest_route=\/wp\/v2\/pages\/27\/revisions\/1415"}],"wp:attachment":[{"href":"https:\/\/tortenelem.fazekas.hu\/index.php?rest_route=%2Fwp%2Fv2%2Fmedia&parent=27"}],"curies":[{"name":"wp","href":"https:\/\/api.w.org\/{rel}","templated":true}]}}