{"id":1276,"date":"2025-09-01T17:09:47","date_gmt":"2025-09-01T15:09:47","guid":{"rendered":"https:\/\/tortenelem.fazekas.hu\/?page_id=1276"},"modified":"2026-04-13T18:08:53","modified_gmt":"2026-04-13T16:08:53","slug":"9-a","status":"publish","type":"page","link":"https:\/\/tortenelem.fazekas.hu\/?page_id=1276","title":{"rendered":"9.a \/ hum\u00e1n"},"content":{"rendered":"<p><a href=\"altalanos\/09a_15_kora_kozepkori_allamok.pdf\"><b><font color=\"blue\">15. A kora k\u00f6z\u00e9pkori Eur\u00f3pa \u00e1llamai<\/font><\/b><\/a><br \/>\n(\u00e1pr. 14.)<\/p>\n<hr>\n<p><a href=\"altalanos\/09a_14_berdi_brigitta_kozepkori_egyetem.pdf\"><b><font color=\"blue\">14. A k\u00f6z\u00e9pkori egyetem<\/font><\/b><\/a><br \/>\n(m\u00e1rc. 31.)<\/p>\n<hr>\n<p><a href=\"altalanos\/09a_13_berdi_brigitta_kozepkori_varos.pdf\"><b><font color=\"blue\">13. A k\u00f6z\u00e9pkori v\u00e1ros<\/font><\/b><\/a><br \/>\n(m\u00e1rc. 23.)<\/p>\n<hr>\n<p><a href=\"altalanos\/09a_12_feudalis_gazdasag_tarsadalom.pdf\"><b><font color=\"blue\">12. Feud\u00e1lis gazdas\u00e1g \u00e9s t\u00e1rsadalom<\/font><\/b><\/a><br \/>\n<a href=\"altalanos\/kozepkori_europa_kitoltott.pdf\"><i><font color=\"blue\">Kit\u00f6lt\u00f6tt vakt\u00e9rk\u00e9p<\/font><\/i><\/a><br \/>\n<a href=\"altalanos\/europa_vakterkep.jpg\"><i><font color=\"blue\">Eur\u00f3pa \u2013 \u00fcres vakt\u00e9rk\u00e9p gyakorl\u00e1shoz<\/font><\/i><\/a><br \/>\n(m\u00e1rc. 16.)<\/p>\n<hr>\n<p><a href=\"altalanos\/09a_11_keletromai_birodalom.pdf\"><b><font color=\"blue\">11. A Keletr\u00f3mai \/ Biz\u00e1nci Birodalom<\/font><\/b><\/a><br \/>\n(m\u00e1rc. 10.)<\/p>\n<hr>\n<p><a href=\"altalanos\/09aA_Roma_ker_iszlam_of_jatek.pdf\"><i><font color=\"blue\">R\u00f3ma, kereszt\u00e9nys\u00e9g, iszl\u00e1m \u2013 \u00f6sszefoglal\u00e1s (ppt)<\/font><\/i><\/a><br \/>\n<a href=\"altalanos\/09aB_Roma_ker_iszlam_of_jatek.pdf\"><i><font color=\"blue\">R\u00f3ma, kereszt\u00e9nys\u00e9g, iszl\u00e1m \u2013 \u00f6sszefoglal\u00e1s (sz\u00f6veges)<\/font><\/i><\/a><br \/>\n(m\u00e1rc. 2.)<\/p>\n<hr>\n<p><a href=\"altalanos\/09a_10_iszlam.pdf\"><b><font color=\"blue\">10. Az iszl\u00e1m<\/font><\/b><\/a><br \/>\n(febr. 24.)<\/p>\n<hr>\n<p><a href=\"altalanos\/09a_09_korai_keresztenyseg.pdf\"><b><font color=\"blue\">9. A kereszt\u00e9nys\u00e9g korai t\u00f6rt\u00e9nete<\/font><\/b><\/a><br \/>\n(jan. 28.)<\/p>\n<hr>\n<p><a href=\"altalanos\/09a_08_csaszarkor_pannonia_dacia.pdf\"><b><font color=\"blue\">8. A r\u00f3mai cs\u00e1sz\u00e1rkor. Pannonia \u00e9s Dacia<\/font><\/b><\/a><br \/>\n(jan. 5.)<\/p>\n<hr>\n<p><a href=\"altalanos\/09a_07_roma_tort_kiralysag_koztarsasag.pdf\"><b><font color=\"blue\">7. R\u00f3ma t\u00f6rt\u00e9nete a kir\u00e1lys\u00e1g \u00e9s a k\u00f6zt\u00e1rsas\u00e1g kor\u00e1ban<\/font><\/b><\/a><br \/>\n<a href=\"altalanos\/romai_birodalom_keresztenyseg_kitoltott_vakterkep.jpg\"><i><font color=\"blue\">R\u00f3mai Birodalom, kora kereszt\u00e9nys\u00e9g \u2013 kit\u00f6lt\u00f6tt vakt\u00e9rk\u00e9p<\/font><\/i><\/a><br \/>\n<a href=\"altalanos\/romai_birodalom_vakterkep.jpg\"><i><font color=\"blue\">R\u00f3mai Birodalom, kora kereszt\u00e9nys\u00e9g \u2013 \u00fcres vakt\u00e9rk\u00e9p gyakorl\u00e1shoz<\/font><\/i><\/a><br \/>\n(nov. 24.)<\/p>\n<hr>\n<p><a href=\"altalanos\/09a_06_okori_athen.pdf\"><b><font color=\"blue\">6. Az \u00f3kori ath\u00e9ni demokr\u00e1cia m\u0171k\u00f6d\u00e9se \u00e9s \u00e9rt\u00e9kel\u00e9se<\/font><\/b><\/a><br \/>\n(nov. 5.)<\/p>\n<hr>\n<p><a href=\"altalanos\/09a_05_gorog_kulturtortenet.pdf\"><b><font color=\"blue\">5. G\u00f6r\u00f6g kult\u00fart\u00f6rt\u00e9net<\/font><\/b><\/a><br \/>\n(okt. 13.)<\/p>\n<hr>\n<p><a href=\"altalanos\/09a_04_palesztina.pdf\"><b><font color=\"blue\">4. Az \u00f3kori Palesztina<\/font><\/b><\/a><br \/>\n(okt. 6.)<\/p>\n<hr>\n<p><a href=\"altalanos\/09a_03_okori_kelet.pdf\"><b><font color=\"blue\">3. Az \u00f3kori kelet (n\u00e9h\u00e1ny mozaik)<\/font><\/b><\/a><br \/>\n(szept. 16.)<\/p>\n<hr>\n<p><a href=\"altalanos\/09a_02_regeszeti_alapismeretek.pdf\"><b><font color=\"blue\">2. R\u00e9g\u00e9szeti alapismeretek<\/font><\/b><\/a><br \/>\n(szept. 9.)<\/p>\n<hr>\n<p><a href=\"altalanos\/09a_01_torteneti_forras.pdf\"><b><font color=\"blue\">1. T\u00f6rt\u00e9neti forr\u00e1sok<\/font><\/b><\/a><br \/>\n<a href=\"altalanos\/09a_okori_kelet_hellas_vakterkep.jpg\"><i><font color=\"blue\">\u00d3kori kelet \u00e9s \u00f3kori G\u00f6r\u00f6gorsz\u00e1g \u2013 kit\u00f6lt\u00f6tt vakt\u00e9rk\u00e9p<\/font><\/i><\/a><br \/>\n<a href=\"altalanos\/vakterkep_okori_kelet_hellas.jpg\"><i><font color=\"blue\">\u00d3kori kelet \u00e9s \u00f3kori G\u00f6r\u00f6gorsz\u00e1g \u2013 \u00fcres vakt\u00e9rk\u00e9p gyakorl\u00e1shoz<\/font><\/i><\/a><br \/>\n(szept. 2.)<\/p>\n","protected":false},"excerpt":{"rendered":"<p>15. A kora k\u00f6z\u00e9pkori Eur\u00f3pa \u00e1llamai (\u00e1pr. 14.) 14. A k\u00f6z\u00e9pkori egyetem (m\u00e1rc. 31.) 13. A k\u00f6z\u00e9pkori v\u00e1ros (m\u00e1rc. 23.) 12. Feud\u00e1lis gazdas\u00e1g \u00e9s t\u00e1rsadalom&#8230;<\/p>\n<div class=\"more-link-wrapper\"><a class=\"more-link\" href=\"https:\/\/tortenelem.fazekas.hu\/?page_id=1276\">Continue reading<span class=\"screen-reader-text\">9.a \/ hum\u00e1n<\/span><\/a><\/div>\n","protected":false},"author":1,"featured_media":0,"parent":1021,"menu_order":1,"comment_status":"closed","ping_status":"closed","template":"","meta":{"ngg_post_thumbnail":0,"footnotes":""},"class_list":["post-1276","page","type-page","status-publish","hentry","entry"],"_links":{"self":[{"href":"https:\/\/tortenelem.fazekas.hu\/index.php?rest_route=\/wp\/v2\/pages\/1276","targetHints":{"allow":["GET"]}}],"collection":[{"href":"https:\/\/tortenelem.fazekas.hu\/index.php?rest_route=\/wp\/v2\/pages"}],"about":[{"href":"https:\/\/tortenelem.fazekas.hu\/index.php?rest_route=\/wp\/v2\/types\/page"}],"author":[{"embeddable":true,"href":"https:\/\/tortenelem.fazekas.hu\/index.php?rest_route=\/wp\/v2\/users\/1"}],"replies":[{"embeddable":true,"href":"https:\/\/tortenelem.fazekas.hu\/index.php?rest_route=%2Fwp%2Fv2%2Fcomments&post=1276"}],"version-history":[{"count":37,"href":"https:\/\/tortenelem.fazekas.hu\/index.php?rest_route=\/wp\/v2\/pages\/1276\/revisions"}],"predecessor-version":[{"id":1473,"href":"https:\/\/tortenelem.fazekas.hu\/index.php?rest_route=\/wp\/v2\/pages\/1276\/revisions\/1473"}],"up":[{"embeddable":true,"href":"https:\/\/tortenelem.fazekas.hu\/index.php?rest_route=\/wp\/v2\/pages\/1021"}],"wp:attachment":[{"href":"https:\/\/tortenelem.fazekas.hu\/index.php?rest_route=%2Fwp%2Fv2%2Fmedia&parent=1276"}],"curies":[{"name":"wp","href":"https:\/\/api.w.org\/{rel}","templated":true}]}}