{"id":1251,"date":"2025-06-18T11:12:22","date_gmt":"2025-06-18T09:12:22","guid":{"rendered":"https:\/\/tortenelem.fazekas.hu\/?page_id=1251"},"modified":"2025-06-18T11:19:33","modified_gmt":"2025-06-18T09:19:33","slug":"tovabbi-szakmai-anyagok","status":"publish","type":"page","link":"https:\/\/tortenelem.fazekas.hu\/?page_id=1251","title":{"rendered":"Tov\u00e1bbi szakmai anyagok"},"content":{"rendered":"<p><a href=\"szakmai\/kepi_forrasok_felhasznalasa_a_kozepszintu_tortenelemerettsegin.pdf\"><b><font color=\"blue\">K\u00e9pi forr\u00e1sok felhaszn\u00e1l\u00e1sa a k\u00f6z\u00e9pszint\u0171 t\u00f6rt\u00e9nelem\u00e9retts\u00e9gin.<\/b> Seg\u00e9danyag a di\u00e1kok t\u00f6rt\u00e9nelem\u00e9retts\u00e9gire val\u00f3 felk\u00e9sz\u00edt\u00e9s\u00e9hez <i>(2025)<\/i><\/font><\/a><\/p>\n","protected":false},"excerpt":{"rendered":"<p>K\u00e9pi forr\u00e1sok felhaszn\u00e1l\u00e1sa a k\u00f6z\u00e9pszint\u0171 t\u00f6rt\u00e9nelem\u00e9retts\u00e9gin. Seg\u00e9danyag a di\u00e1kok t\u00f6rt\u00e9nelem\u00e9retts\u00e9gire val\u00f3 felk\u00e9sz\u00edt\u00e9s\u00e9hez (2025)<\/p>\n","protected":false},"author":1,"featured_media":0,"parent":32,"menu_order":6,"comment_status":"closed","ping_status":"closed","template":"","meta":{"ngg_post_thumbnail":0,"footnotes":""},"class_list":["post-1251","page","type-page","status-publish","hentry","entry"],"_links":{"self":[{"href":"https:\/\/tortenelem.fazekas.hu\/index.php?rest_route=\/wp\/v2\/pages\/1251","targetHints":{"allow":["GET"]}}],"collection":[{"href":"https:\/\/tortenelem.fazekas.hu\/index.php?rest_route=\/wp\/v2\/pages"}],"about":[{"href":"https:\/\/tortenelem.fazekas.hu\/index.php?rest_route=\/wp\/v2\/types\/page"}],"author":[{"embeddable":true,"href":"https:\/\/tortenelem.fazekas.hu\/index.php?rest_route=\/wp\/v2\/users\/1"}],"replies":[{"embeddable":true,"href":"https:\/\/tortenelem.fazekas.hu\/index.php?rest_route=%2Fwp%2Fv2%2Fcomments&post=1251"}],"version-history":[{"count":6,"href":"https:\/\/tortenelem.fazekas.hu\/index.php?rest_route=\/wp\/v2\/pages\/1251\/revisions"}],"predecessor-version":[{"id":1258,"href":"https:\/\/tortenelem.fazekas.hu\/index.php?rest_route=\/wp\/v2\/pages\/1251\/revisions\/1258"}],"up":[{"embeddable":true,"href":"https:\/\/tortenelem.fazekas.hu\/index.php?rest_route=\/wp\/v2\/pages\/32"}],"wp:attachment":[{"href":"https:\/\/tortenelem.fazekas.hu\/index.php?rest_route=%2Fwp%2Fv2%2Fmedia&parent=1251"}],"curies":[{"name":"wp","href":"https:\/\/api.w.org\/{rel}","templated":true}]}}