{"id":116,"date":"2021-10-21T14:54:34","date_gmt":"2021-10-21T14:54:34","guid":{"rendered":"https:\/\/tortenelem-uj.fazekas.hu\/?page_id=116"},"modified":"2024-09-05T22:11:23","modified_gmt":"2024-09-05T20:11:23","slug":"varunk-a-fazek-a-tarsadalomtudomanyi-tagozatan","status":"publish","type":"page","link":"https:\/\/tortenelem.fazekas.hu\/?page_id=116","title":{"rendered":"V\u00e1runk a Faz\u00e9k \u201eA\u201d t\u00e1rsadalomtudom\u00e1nyi tagozat\u00e1n!"},"content":{"rendered":"<p><span style=\"color: green;\"><b>Mi\u00e9rt a Fazekas hum\u00e1n tagozata?<\/b><\/span><br \/>\n&nbsp;<br \/>\n<i><span style=\"color: green;\">Izgalmas tov\u00e1bbtanul\u00e1si lehet\u0151s\u00e9gek<\/span><\/i><\/p>\n<p style=\"text-align: justify;\">A b\u00f6lcs\u00e9szet renesz\u00e1nsza m\u00e1r elkezd\u0151d\u00f6tt! A legnagyobb technol\u00f3giai c\u00e9gek p\u00e9ld\u00e1ul \u00e9vekkel ezel\u0151tt felismert\u00e9k: a szoftverm\u00e9rn\u00f6k\u00f6k mellett a hum\u00e1n ter\u00fcleteken j\u00e1rtas munkat\u00e1rsakra, p\u00e9ld\u00e1ul filoz\u00f3fusokra is sz\u00fcks\u00e9g\u00fck van a sikeress\u00e9ghez. Az olyan tal\u00e1lm\u00e1nyok, mint a mobiltelefon vagy az internet \u00e9s a social m\u00e9dia nemcsak a felhaszn\u00e1l\u00f3 \u00e9let\u00e9t v\u00e1ltoztatj\u00e1k meg, hanem \u00faj alapokra helyezik t\u00e1rsadalmaink m\u0171k\u00f6d\u00e9s\u00e9t is. Az \u00edgy felmer\u00fcl\u0151 k\u00e9rd\u00e9sekre v\u00e1laszokat kell tal\u00e1lni. \u00c9rdekesnek tal\u00e1ltad ezt a probl\u00e9mafelvet\u00e9st? Esetleg m\u00e1r gondolkodt\u00e1l is hasonl\u00f3kon? Akkor a Fazekas r\u00e1d v\u00e1r, hogy egy\u00fctt \u00e9p\u00edts\u00fck be a tananyagba a modern kor leg\u00e9rdekesebb k\u00e9rd\u00e9seit \u00e9s k\u00f6z\u00f6sen tal\u00e1ljuk meg r\u00e1juk a v\u00e1laszokat! A jogi vagy pszichol\u00f3gusi p\u00e1ly\u00e1t el\u0151nyben r\u00e9szes\u00edt\u0151knek, a nemzetk\u00f6zi tanulm\u00e1nyok, a pszichol\u00f3gia, a szociol\u00f3gia, a vizu\u00e1lis kult\u00fara \u00e9s a kommunik\u00e1ci\u00f3\/m\u00e9dia, illetve a b\u00f6lcs\u00e9szettudom\u00e1nyok szakir\u00e1nyban tov\u00e1bbtanul\u00f3knak meggy\u0151z\u0151 lehet felv\u00e9teliz\u0151ink eddigi sikeress\u00e9ge is.<\/p>\n<p><i><span style=\"color: green;\">A j\u00f6v\u0151 szakm\u00e1inak megalapoz\u00e1sa<\/span><\/i><\/p>\n<p style=\"text-align: justify;\">A tagozaton \u2013 t\u00f6bbek k\u00f6z\u00f6tt \u2013 er\u0151teljesen fejlesztj\u00fck a probl\u00e9mamegold\u00f3 k\u00e9szs\u00e9get, az alkalmazkod\u00e1si k\u00e9szs\u00e9get \u00e9s a kritikus, rendszeralkot\u00f3 gondolkod\u00e1st. Ezeket a szak\u00e9rt\u0151k el\u0151rejelz\u00e9sei szerint a j\u00f6v\u0151ben is ugyanolyan fontos k\u00e9pess\u00e9gk\u00e9nt fogj\u00e1k \u00e9rt\u00e9kelni, mint a j\u00f3 \u00edr\u00e1sbeli \u00e9s verb\u00e1lis kommunik\u00e1ci\u00f3t, az elemz\u0151k\u00e9szs\u00e9get, a szoci\u00e1lis k\u00e9pess\u00e9geket vagy a kezdem\u00e9nyez\u0151k\u00e9szs\u00e9get. A tagozaton hangs\u00falyt fektet\u00fcnk a kutat\u00e1sm\u00f3dszertani ismeretek elsaj\u00e1t\u00edt\u00e1s\u00e1ra, lehet\u0151s\u00e9get biztos\u00edtunk tudom\u00e1nyos \u00edr\u00e1sm\u0171vek vagy nyilv\u00e1nos el\u0151ad\u00e1sok, prezent\u00e1ci\u00f3k k\u00e9sz\u00edt\u00e9s\u00e9re, felk\u00e9sz\u00fclhetsz a nyilv\u00e1noss\u00e1g el\u0151tti szerepl\u00e9sre. A Fazekas Mentorprogramban egyebek mellett ford\u00edt\u00f3- \u00e9s \u00fcgyv\u00e9di irod\u00e1k munk\u00e1j\u00e1nak megismer\u00e9se zajlik. Nem csak angolt \u00e9s n\u00e9metet tanulhatsz, az olasz, francia, orosz \u00e9s latin nyelvvel is ismerkedhetsz (a jelentkez\u0151k sz\u00e1m\u00e1t\u00f3l f\u00fcgg\u0151en).<\/p>\n<p><i><span style=\"color: green;\">Kibontakoztathatod tehets\u00e9gedet, meg\u00e9lheted a kreativit\u00e1st<\/span><\/i><\/p>\n<p style=\"text-align: justify;\">Hissz\u00fck, hogy a k\u00f6z\u00e9p- vagy emelt szint\u0171 \u00e9retts\u00e9gire t\u00f6rt\u00e9n\u0151 felk\u00e9sz\u00fcl\u00e9sn\u00e9l \u2013 term\u00e9szetesen erre is t\u00f6rekedve \u2013 t\u00f6bbet is adhat egy hum\u00e1n tagozat. Az emelt \u00f3rasz\u00e1mban, csoportbont\u00e1sban tanult magyar nyelv \u00e9s irodalom, illetve t\u00f6rt\u00e9nelem tant\u00e1rgyak, valamint a filoz\u00f3fia m\u00e1s hum\u00e1n tant\u00e1rgyakkal egy\u00fctt \u00e1tfog\u00f3 k\u00e9pz\u00e9st \u00e9s soksz\u00edn\u0171 programokat biztos\u00edtanak. Irodalmi m\u0171helyeinkben gyakorolhatod a kreat\u00edv \u00edr\u00e1st \u00e9s rendhagy\u00f3 irodalom\u00f3r\u00e1kon vehetsz r\u00e9szt kort\u00e1rs magyar szerz\u0151k jelenl\u00e9t\u00e9ben. Ha kipr\u00f3b\u00e1ln\u00e1d az \u00fajs\u00e1g\u00edr\u00e1st, publik\u00e1lhatsz d\u00edjnyertes Suli\u00fajs\u00e1gunkban. Dr\u00e1ma- \u00e9s sz\u00ednh\u00e1zpedag\u00f3giai foglalkoz\u00e1sok, sz\u00ednj\u00e1tsz\u00f3k\u00f6r\u00f6k v\u00e1rnak r\u00e1d. R\u00e9szed lesz m\u00fazeumpedag\u00f3giai foglalkoz\u00e1sokban \u00e9s lehet\u0151s\u00e9ged csatlakozni az orsz\u00e1gos \u00e9s nemzetk\u00f6zi versenyeredm\u00e9nyekkel rendelkez\u0151 filoz\u00f3fia fakult\u00e1ci\u00f3hoz, illetve a nyelv\u00e9szeti di\u00e1kolimpi\u00e1ra el\u0151k\u00e9sz\u00edt\u0151 szakk\u00f6rh\u00f6z. A di\u00e1kok \u00e1ltal m\u0171k\u00f6dtetett vitaszakk\u00f6r\u00f6k (MUN, Vitam\u00e9ta) \u00e9s a tan\u00e1raink \u00e1ltal biztos\u00edtott elm\u00e9leti h\u00e1tt\u00e9r \u00e9s gyakorlatok fejlesztik a t\u00e1rsadalmi probl\u00e9m\u00e1k ir\u00e1nti \u00e9rz\u00e9kenys\u00e9get.<\/p>\n<p style=\"text-align: justify;\">A tagozaton van id\u0151 elm\u00e9ly\u00fclni egy vers vagy reg\u00e9ny olvas\u00e1s\u00e1ban, elemz\u00e9s\u00e9ben. Jut id\u0151 egy t\u00f6rt\u00e9nelmi probl\u00e9ma alapos megbesz\u00e9l\u00e9s\u00e9re: a t\u00f6rt\u00e9nelem esem\u00e9nyt\u00f6rt\u00e9neten t\u00falmutat\u00f3 \u201eizgalmasabb\u201d \u00e1rnyalatait is kibontjuk. Id\u0151utaz\u00f3k\u00e9nt belehelyezkedve egy-egy korba eg\u00e9szen m\u00e1sk\u00e9pp mer\u00fclnek fel az ut\u00f3bb \u201et\u00f6rt\u00e9nelminek\u201d nevezett k\u00e9rd\u00e9sek. A \u201et\u00f6rt\u00e9nelem\u201d aluln\u00e9zetb\u0151l megk\u00f6zel\u00edt\u00e9s seg\u00edts\u00e9g\u00e9vel az adott kor az akkor \u00e9l\u0151 emberek szemsz\u00f6g\u00e9b\u0151l is vizsg\u00e1lhat\u00f3. Itt a helyed, ha szeretn\u00e9d meg\u00e9rteni a jelenkor \u00e9rezhet\u0151en \u201et\u00f6rt\u00e9nelmi\u201d jelent\u0151s\u00e9g\u0171 konfliktusainak, gazdas\u00e1gi folyamatainak okait! A hum\u00e1n \u00f3r\u00e1k l\u00e9gk\u00f6r\u00e9hez hozz\u00e1tartozik, hogy a tan\u00e1rok partnerk\u00e9nt kezelik a di\u00e1kokat, lehet vel\u00fck vitatkozni, k\u00e9rdezni t\u0151l\u00fck, \u00f6tleteket javasolni a tematik\u00e1hoz.<\/p>\n<p><i><span style=\"color: green;\">\u00c1t\u00e9lheted a k\u00f6z\u00f6ss\u00e9g teremt\u0151 erej\u00e9t<\/span><\/i><\/p>\n<p style=\"text-align: justify;\">A k\u00f6z\u00f6sen v\u00e9gzett munka r\u00e1\u00e9breszt arra, hogy a tud\u00e1s \u00e9s megszerz\u00e9s\u00e9nek folyamata hatalmas \u00e9rzelmi tartal\u00e9kokkal is k\u00e9pes ell\u00e1tni. A tematikus projekthetek programjai sor\u00e1n (ak\u00e1r idegen nyelven is) megtanulhatod, hogyan dolgozz egy\u00fctt m\u00e1sokkal egy k\u00f6z\u00f6s c\u00e9l \u00e9rdek\u00e9ben; r\u00e9szt vehetsz a L\u00fadavat\u00f3 programj\u00e1ban szerepl\u0151 dramatikus j\u00e1t\u00e9kban; k\u00f6zrem\u0171k\u00f6dhetsz a di\u00e1k\u00f6nkorm\u00e1nyzat munk\u00e1j\u00e1ban (Di\u00e1kst\u00fadi\u00f3; G\u00f3lyat\u00e1bort, Fazekas+ Fesztiv\u00e1lt, b\u00e1lokat szervez\u0151 csoport; angol nyelv\u0171 vitaklub); a TANdem program keret\u00e9ben seg\u00edts\u00e9get ny\u00fajthatsz di\u00e1kt\u00e1rsaidnak \u00e9s te is kaphatsz seg\u00edts\u00e9get t\u0151l\u00fck.<\/p>\n<p><i><span style=\"color: green;\">Kiket v\u00e1runk?<\/span><\/i><\/p>\n<p style=\"text-align: justify;\">Nyitottnak \u00e9rzed magad \u00e9s k\u00e9pesnek a fejl\u0151d\u00e9sre? Rugalmas a gondolkod\u00e1sod \u00e9s gyorsan \u00e1tl\u00e1tod a helyzeteket? A Fazekas hum\u00e1n tagozat\u00e1n a helyed, ha mindezek mellett rendelkezel a szintetiz\u00e1l\u00e1s \u00e9s a gyors tanul\u00e1s k\u00e9pess\u00e9g\u00e9vel \u00e9s terhelhet\u0151 vagy. V\u00e1runk akkor is, ha r\u00e9szt venn\u00e9l hagyom\u00e1nyaink \u00e1pol\u00e1s\u00e1ban: iskol\u00e1nk hossz\u00fa \u00e9vek \u00f3ta kiemelked\u0151en eredm\u00e9nyes a magyar nyelv \u00e9s irodalom \u00e9s m\u00e1s hum\u00e1n t\u00e1rgyak tant\u00e1rgyi versenyein, di\u00e1kjaink kimagasl\u00f3 eredm\u00e9nyeket \u00e9rtek el k\u00f6z\u00e9p- \u00e9s emelt szint\u0171 \u00e9retts\u00e9gi vizsg\u00e1kon, orsz\u00e1gos \u00e9s nemzetk\u00f6zi versenyeken.<\/p>\n<p style=\"text-align: justify;\">Iskol\u00e1nkban fontosnak tartjuk a kreat\u00edv, sokr\u00e9t\u0171 tud\u00e1ssal rendelkez\u0151 di\u00e1kok k\u00e9pz\u00e9s\u00e9t. V\u00e1laszthat\u00f3 szakk\u00f6reink magas sz\u00e1ma a tant\u00e1rgyi kereteken k\u00edv\u00fcl is sokf\u00e9le megnyilatkoz\u00e1si, gyakorl\u00e1si, k\u00f6z\u00f6ss\u00e9gi lehet\u0151s\u00e9get ny\u00fajt a di\u00e1kok sz\u00e1m\u00e1ra. Ne feledd:<\/p>\n<p><i><\/p>\n<p style=\"text-align: justify;\"><span style=\"color: green;\">A fakult\u00e1ci\u00f3k \u00e9s a szakk\u00f6r\u00f6k seg\u00edts\u00e9g\u00e9vel te magad \u00e1ll\u00edtod \u00f6ssze saj\u00e1t \u201ck\u00e9pz\u00e9si csomagodat\u201d!<\/span><\/p>\n<hr \/>\n<p><\/i><\/p>\n<p style=\"text-align: justify;\">A t\u00e1rsadalomtudom\u00e1nyi tagozat sz\u00f3beli felv\u00e9telij\u00e9n magyarb\u00f3l \u00e9s t\u00f6rt\u00e9nelemb\u0151l kell k\u00e9rd\u00e9st h\u00faznod. A t\u00f6rt\u00e9nelem sz\u00f3belire <a href=\"hirek\/T\u00f6rt\u00e9nelem-sz\u00f3beli-felv\u00e9teli_9a.pdf\"><span style=\"color: blue;\">az al\u00e1bbiak<\/span><\/a> alapj\u00e1n k\u00e9sz\u00fclhetsz. A t\u00e9teleket a nyolcadikosok sz\u00e1m\u00e1ra szervezett el\u0151k\u00e9sz\u00edt\u0151 szakk\u00f6r\u00f6n is \u00e1tbesz\u00e9lj\u00fck, minden h\u00e9ten egyet-egyet.<\/p>\n","protected":false},"excerpt":{"rendered":"<p>Mi\u00e9rt a Fazekas hum\u00e1n tagozata? &nbsp; Izgalmas tov\u00e1bbtanul\u00e1si lehet\u0151s\u00e9gek A b\u00f6lcs\u00e9szet renesz\u00e1nsza m\u00e1r elkezd\u0151d\u00f6tt! A legnagyobb technol\u00f3giai c\u00e9gek p\u00e9ld\u00e1ul \u00e9vekkel ezel\u0151tt felismert\u00e9k: a szoftverm\u00e9rn\u00f6k\u00f6k mellett&#8230;<\/p>\n<div class=\"more-link-wrapper\"><a class=\"more-link\" href=\"https:\/\/tortenelem.fazekas.hu\/?page_id=116\">Continue reading<span class=\"screen-reader-text\">V\u00e1runk a Faz\u00e9k \u201eA\u201d t\u00e1rsadalomtudom\u00e1nyi tagozat\u00e1n!<\/span><\/a><\/div>\n","protected":false},"author":1,"featured_media":0,"parent":121,"menu_order":2,"comment_status":"closed","ping_status":"closed","template":"","meta":{"ngg_post_thumbnail":0,"footnotes":""},"class_list":["post-116","page","type-page","status-publish","hentry","entry"],"_links":{"self":[{"href":"https:\/\/tortenelem.fazekas.hu\/index.php?rest_route=\/wp\/v2\/pages\/116","targetHints":{"allow":["GET"]}}],"collection":[{"href":"https:\/\/tortenelem.fazekas.hu\/index.php?rest_route=\/wp\/v2\/pages"}],"about":[{"href":"https:\/\/tortenelem.fazekas.hu\/index.php?rest_route=\/wp\/v2\/types\/page"}],"author":[{"embeddable":true,"href":"https:\/\/tortenelem.fazekas.hu\/index.php?rest_route=\/wp\/v2\/users\/1"}],"replies":[{"embeddable":true,"href":"https:\/\/tortenelem.fazekas.hu\/index.php?rest_route=%2Fwp%2Fv2%2Fcomments&post=116"}],"version-history":[{"count":10,"href":"https:\/\/tortenelem.fazekas.hu\/index.php?rest_route=\/wp\/v2\/pages\/116\/revisions"}],"predecessor-version":[{"id":1049,"href":"https:\/\/tortenelem.fazekas.hu\/index.php?rest_route=\/wp\/v2\/pages\/116\/revisions\/1049"}],"up":[{"embeddable":true,"href":"https:\/\/tortenelem.fazekas.hu\/index.php?rest_route=\/wp\/v2\/pages\/121"}],"wp:attachment":[{"href":"https:\/\/tortenelem.fazekas.hu\/index.php?rest_route=%2Fwp%2Fv2%2Fmedia&parent=116"}],"curies":[{"name":"wp","href":"https:\/\/api.w.org\/{rel}","templated":true}]}}