{"id":1032,"date":"2024-08-29T23:43:10","date_gmt":"2024-08-29T21:43:10","guid":{"rendered":"https:\/\/tortenelem.fazekas.hu\/?page_id=1032"},"modified":"2026-04-27T07:25:45","modified_gmt":"2026-04-27T05:25:45","slug":"12-a","status":"publish","type":"page","link":"https:\/\/tortenelem.fazekas.hu\/?page_id=1032","title":{"rendered":"11.a"},"content":{"rendered":"<p><a href=\"altalanos\/11Akozep_18_1847_48_tves_forradalom.pdf\"><b><span style=\"color: blue;\">18. Az 1847\/1848-i orsz\u00e1ggy\u0171l\u00e9s \u00e9s a t\u00f6rv\u00e9nyes forradalom<\/span><\/b><\/a><br \/>\n(\u00e1pr. 24.)<\/p>\n<hr>\n<p><a href=\"altalanos\/11Akozep_17_reformkor_1840_kultura.pdf\"><b><span style=\"color: blue;\">17. A reformkor III. \u2013 az 1840-es \u00e9vek<\/span><\/b><\/a><br \/>\n<a href=\"altalanos\/11A_beadando04a_reformkor_essze_javitas.pdf\"><i><span style=\"color: blue;\">Reformkoros essz\u00e9k \u2013 javasolt fel\u00e9p\u00edt\u00e9s<\/span><\/i><\/a><br \/>\n<a href=\"altalanos\/11A_beadando04b_reformkor_essze_megoldokulcs.pdf\"><i><span style=\"color: blue;\">Reformkoros essz\u00e9k \u2013 hivatalos megold\u00f3kulcsok<\/span><\/i><\/a><br \/>\n(\u00e1pr. 13.)<\/p>\n<hr>\n<p><a href=\"altalanos\/11Akozep_16_reformkor_II_Kossuth.pdf\"><b><span style=\"color: blue;\">16. A reformkor II. \u2013 az 1830-as \u00e9vek<\/span><\/b><\/a><br \/>\n<a href=\"altalanos\/11A_beadando04_reformkor.pdf\"><i><span style=\"color: blue;\">\u00c1pr. 13-\u00e1n beadand\u00f3 essz\u00e9k (pap\u00edralapon)<\/span><\/i><\/a><br \/>\n(m\u00e1rc. 24.)<\/p>\n<hr>\n<p><a href=\"altalanos\/11Akozep_15_reformkor_Szechenyi_Wesselenyi.pdf\"><b><span style=\"color: blue;\">15. A reformkor (1830\u20131848) I.<\/span><\/b><\/a><br \/>\n(m\u00e1rc. 10.)<\/p>\n<hr>\n<p><a href=\"altalanos\/11Akozep_14_Parizs_kornyeki_bekek.pdf\"><b><span style=\"color: blue;\">14. A P\u00e1rizs-k\u00f6rny\u00e9ki b\u00e9k\u00e9k (1919\/1920)<\/span><\/b><\/a><br \/>\n<a href=\"altalanos\/11A_beadando_01_szovetsegi_rendszerek.pdf\"><i><span style=\"color: blue;\">M\u00e1rc. 2-ig beadand\u00f3 egyik essz\u00e9 (pap\u00edralapon)<\/span><\/i><\/a><br \/>\n<a href=\"altalanos\/11A_beadando_02_hatorszag.pdf\"><i><span style=\"color: blue;\">M\u00e1rc. 2-ig beadand\u00f3 m\u00e1sik essz\u00e9 (pap\u00edralapon)<\/span><\/i><\/a><br \/>\n(m\u00e1rc. 2.)<\/p>\n<hr>\n<p><a href=\"altalanos\/11Akozep_13_I_vilaghaboru.pdf\"><b><span style=\"color: blue;\">13. Az I. vil\u00e1gh\u00e1bor\u00fa (1914\u20131918)<\/span><\/b><\/a><br \/>\n(febr. 6.)<\/p>\n<hr>\n<p><a href=\"altalanos\/11Akozep_12_USA_E_D.pdf\"><b><span style=\"color: blue;\">12. \u00c9szak \u00e9s D\u00e9l h\u00e1bor\u00faja (az USA polg\u00e1rh\u00e1bor\u00faja) 20. sz\u00e1zadi kitekint\u00e9ssel<\/span><\/b><\/a><br \/>\n(jan. 27.)<\/p>\n<hr>\n<p><a href=\"altalanos\/11Akozep_11_Europa_1849_1914.pdf\"><b><span style=\"color: blue;\">11. Eur\u00f3pa t\u00f6rt\u00e9nete (1849\u20131914) \u2013 vegyesfelv\u00e1gott<\/span><\/b><\/a><br \/>\n(jan. 12.)<\/p>\n<hr>\n<p><a href=\"altalanos\/11Akozep_10_ipari_forradalmak_kovetkezmenyeik.pdf\"><b><span style=\"color: blue;\">10. Az ipari forradalmak \u00e9s k\u00f6vetkezm\u00e9nyeik (a szocializmus ir\u00e1nyzatai)<\/span><\/b><\/a><br \/>\n<a href=\"altalanos\/11A_beadando02_liberalizmus_I_ipari_forradalom.pdf\"><i><span style=\"color: blue;\">Dec. 16-\u00e1n beadand\u00f3 essz\u00e9k (pap\u00edralapon)<\/span><\/i><\/a><br \/>\n(dec. 5.)<\/p>\n<hr>\n<p><a href=\"altalanos\/11Akozep_09_szent_szovetseg_kora_eszmek.pdf\"><b><span style=\"color: blue;\">9. A Szent Sz\u00f6vets\u00e9g kora. Eszm\u00e9k, mozgalmak Eur\u00f3p\u00e1ban a 19. sz\u00e1zad els\u0151 fel\u00e9ben<\/span><\/b><\/a><br \/>\n(nov. 24.)<\/p>\n<hr>\n<p><a href=\"altalanos\/11Akozep_08_II_Jozsef.pdf\"><b><span style=\"color: blue;\">8. II. J\u00f3zsef (1780\u20131790)<\/span><\/b><\/a><br \/>\n(nov. 14.)<\/p>\n<hr>\n<p><a href=\"altalanos\/11Akozep_07_M\u00e1ria_Terezia.pdf\"><b><span style=\"color: blue;\">7. M\u00e1ria Ter\u00e9zia uralkod\u00e1sa (1740\u20131780)<\/span><\/b><\/a><br \/>\n(nov. 7.)<\/p>\n<hr>\n<p><a href=\"altalanos\/11Akozep_06_Mo_nepei.pdf\"><b><span style=\"color: blue;\">6. Magyarorsz\u00e1g n\u00e9pei a 18. sz\u00e1zadban<\/span><\/b><\/a><br \/>\n(okt. 20.)<\/p>\n<hr>\n<p><a href=\"altalanos\/11Akozep_05_Mo_gazdasaga_felv_abszolutizmus.pdf\"><b><span style=\"color: blue;\">5. Magyarorsz\u00e1g gazdas\u00e1ga, korm\u00e1nyzata a 18. sz\u00e1zadban<\/span><\/b><\/a><br \/>\n(okt. 14.)<\/p>\n<hr>\n<p><a href=\"altalanos\/11Akozep_04_Rakoczi.pdf\"><b><span style=\"color: blue;\">4. A R\u00e1k\u00f3czi-szabads\u00e1gharc<\/span><\/b><\/a><br \/>\n<a href=\"altalanos\/11A_beadando01_angol_alk_rakoczi.pdf\"><i><span style=\"color: blue;\">Okt. 17-ig beadand\u00f3 essz\u00e9k (pap\u00edralapon)<\/span><\/i><\/a><br \/>\n(okt. 3.)<\/p>\n<hr>\n<p><a href=\"altalanos\/11Akozep_03_francia_forr_diohejban.pdf\"><b><span style=\"color: blue;\">3. A francia forradalom t\u00f6rt\u00e9nete di\u00f3h\u00e9jban<\/span><\/b><\/a><br \/>\n(szept. 16.)<\/p>\n<hr>\n<p><a href=\"altalanos\/11Akozep_02_USA_megszuletese_18_sz_vege.pdf\"><b><span style=\"color: blue;\">2. Az USA l\u00e9trej\u00f6tte \u00e9s alkotm\u00e1nya<\/span><\/b><\/a><br \/>\n(szept. 9.)<\/p>\n<hr>\n<p><a href=\"altalanos\/11Akozep_01_felvilagosodas_alkotmanyossag_anglia.pdf\"><b><span style=\"color: blue;\">1. A felvil\u00e1gosod\u00e1s (valamint az alkotm\u00e1nyos monarchia)<\/span><\/b><\/a><br \/>\n<a href=\"altalanos\/11Akozep_00_kiseloadasok_tananyag_kovetelmenyek.pdf\"><i><span style=\"color: blue;\">Szem\u00e9lyhez rendelt kisel\u0151ad\u00e1s-t\u00e9m\u00e1k, t\u00e9mak\u00f6r\u00f6k, k\u00f6vetelm\u00e9nyek<\/span><\/i><\/a><br \/>\n(szept. 2.)<\/p>\n","protected":false},"excerpt":{"rendered":"<p>18. Az 1847\/1848-i orsz\u00e1ggy\u0171l\u00e9s \u00e9s a t\u00f6rv\u00e9nyes forradalom (\u00e1pr. 24.) 17. A reformkor III. \u2013 az 1840-es \u00e9vek Reformkoros essz\u00e9k \u2013 javasolt fel\u00e9p\u00edt\u00e9s Reformkoros essz\u00e9k&#8230;<\/p>\n<div class=\"more-link-wrapper\"><a class=\"more-link\" href=\"https:\/\/tortenelem.fazekas.hu\/?page_id=1032\">Continue reading<span class=\"screen-reader-text\">11.a<\/span><\/a><\/div>\n","protected":false},"author":1,"featured_media":0,"parent":1021,"menu_order":3,"comment_status":"closed","ping_status":"closed","template":"","meta":{"ngg_post_thumbnail":0,"footnotes":""},"class_list":["post-1032","page","type-page","status-publish","hentry","entry"],"_links":{"self":[{"href":"https:\/\/tortenelem.fazekas.hu\/index.php?rest_route=\/wp\/v2\/pages\/1032","targetHints":{"allow":["GET"]}}],"collection":[{"href":"https:\/\/tortenelem.fazekas.hu\/index.php?rest_route=\/wp\/v2\/pages"}],"about":[{"href":"https:\/\/tortenelem.fazekas.hu\/index.php?rest_route=\/wp\/v2\/types\/page"}],"author":[{"embeddable":true,"href":"https:\/\/tortenelem.fazekas.hu\/index.php?rest_route=\/wp\/v2\/users\/1"}],"replies":[{"embeddable":true,"href":"https:\/\/tortenelem.fazekas.hu\/index.php?rest_route=%2Fwp%2Fv2%2Fcomments&post=1032"}],"version-history":[{"count":104,"href":"https:\/\/tortenelem.fazekas.hu\/index.php?rest_route=\/wp\/v2\/pages\/1032\/revisions"}],"predecessor-version":[{"id":1481,"href":"https:\/\/tortenelem.fazekas.hu\/index.php?rest_route=\/wp\/v2\/pages\/1032\/revisions\/1481"}],"up":[{"embeddable":true,"href":"https:\/\/tortenelem.fazekas.hu\/index.php?rest_route=\/wp\/v2\/pages\/1021"}],"wp:attachment":[{"href":"https:\/\/tortenelem.fazekas.hu\/index.php?rest_route=%2Fwp%2Fv2%2Fmedia&parent=1032"}],"curies":[{"name":"wp","href":"https:\/\/api.w.org\/{rel}","templated":true}]}}