{"id":1023,"date":"2024-08-29T23:33:53","date_gmt":"2024-08-29T21:33:53","guid":{"rendered":"https:\/\/tortenelem.fazekas.hu\/?page_id=1023"},"modified":"2026-03-30T23:28:55","modified_gmt":"2026-03-30T21:28:55","slug":"2024-2025-2","status":"publish","type":"page","link":"https:\/\/tortenelem.fazekas.hu\/?page_id=1023","title":{"rendered":"10.b"},"content":{"rendered":"<p><a href=\"altalanos\/10b_13_reformatio.pdf\"><b><font color=\"blue\">13. A reform\u00e1ci\u00f3 \u00e9s a katolikus meg\u00fajhod\u00e1s<\/font><\/b><\/a><br \/>\n(m\u00e1rc. 24.)<\/p>\n<hr>\n<p><a href=\"altalanos\/10b_12_felfedezesek_spanyolorszag.pdf\"><b><font color=\"blue\">12. A nagy f\u00f6ldrajzi felfedez\u00e9sek (kitekint\u00e9s: Spanyolorsz\u00e1g a kora \u00fajkorban)<\/font><\/b><\/a><br \/>\n<a href=\"altalanos\/topografia_europa_kora_ujkor.pdf\"><i><font color=\"blue\">A kora \u00fajkori Eur\u00f3pa topogr\u00e1fi\u00e1ja<\/font><\/i><\/a><br \/>\n<a href=\"altalanos\/kora_ujkori_europa_kitoltott.jpg\"><i><font color=\"blue\">Kit\u00f6lt\u00f6tt vakt\u00e9rk\u00e9p<\/font><\/i><\/a><br \/>\n(m\u00e1rc. 3.)<\/p>\n<hr>\n<p><a href=\"altalanos\/10b_11_jagello_mohacs_rovid.pdf\"><b><font color=\"blue\">11. A Jagell\u00f3-kor \u00e9s a moh\u00e1csi csata<\/font><\/b><\/a><br \/>\n<a href=\"altalanos\/osszefoglalo_jatek_Mo_1301_1526.pdf\"><i><font color=\"blue\">\u00d6sszefoglal\u00f3 (j\u00e1t\u00e9kosnak sz\u00e1nt) feladatok (1301\u20131526)<\/font><\/i><\/a><br \/>\n(febr. 16.)<\/p>\n<hr>\n<p><a href=\"altalanos\/10b_10_hunyadi_matyas.pdf\"><b><font color=\"blue\">10. Hunyadi M\u00e1ty\u00e1s uralkod\u00e1sa (1458\u20131490)<\/font><\/b><\/a><br \/>\n(jan. 20.)<\/p>\n<hr>\n<p><a href=\"altalanos\/10b_09_hunyadi_janos.pdf\"><b><font color=\"blue\">9. Hunyadi J\u00e1nos \u00e9s kora (1440\u02bc)<\/font><\/b><\/a><br \/>\n(jan. 12.)<\/p>\n<hr>\n<p><a href=\"altalanos\/10b_08_zsigmond.pdf\"><b><font color=\"blue\">8. Luxemburgi Zsigmond (1387\u20131437)<\/font><\/b><\/a><br \/>\n(jan. 5.)<\/p>\n<hr>\n<p><a href=\"altalanos\/10b_07_Anjou_kori_Magyarorszag.pdf\"><span style=\"color: blue;\"><b>7. Az Anjou-kori Magyarorsz\u00e1g<\/b><\/span><\/a><br \/>\n(nov. 25.)<\/p>\n<hr>\n<p><a href=\"altalanos\/10b_06_utolso_Arpadok.pdf\"><span style=\"color: blue;\"><b>6. Az utols\u00f3 \u00c1rp\u00e1dok. Az orsz\u00e1g \u00e9s n\u00e9pei<\/b><\/span><\/a><br \/>\n(nov. 17.)<\/p>\n<hr>\n<p><a href=\"altalanos\/10b_05_IV_Bela_uralkodasa.pdf\"><span style=\"color: blue;\"><b>5. IV. B\u00e9la uralkod\u00e1sa (1235\u20131270)<\/b><\/span><\/a><br \/>\n(nov. 4.)<\/p>\n<hr>\n<p><a href=\"altalanos\/10b_04_11_es_12_szazad_Mo.pdf\"><span style=\"color: blue;\"><b>4. Mozaikok az \u00c1rp\u00e1d-kori Magyarorsz\u00e1g t\u00f6rt\u00e9net\u00e9b\u0151l (1046\u20131235)<\/b><\/span><\/a><br \/>\n(okt. 14.)<\/p>\n<hr>\n<p><a href=\"altalanos\/10b_03_allamalapitas.pdf\"><span style=\"color: blue;\"><b>3. A magyar \u00e1llamalap\u00edt\u00e1s (Szent Istv\u00e1n)<\/b> <i>(ism\u00e9tl\u0151 k\u00e9rd\u00e9sekkel b\u0151v\u00edtve)<\/i><\/span><\/a><br \/>\n(szept. 23.)<\/p>\n<hr>\n<p><a href=\"altalanos\/10b_02_honfoglalas_kalandozasok.pdf\"><span style=\"color: blue;\"><b>2. Honfoglal\u00e1s \u00e9s kalandoz\u00e1sok. A magyars\u00e1g t\u00f6rt\u00e9nete a 10. sz\u00e1zadban<\/b> <i>(Munk\u00e1ccsal b\u0151v\u00edtve)<\/i><\/span><\/a><br \/>\n(szept. 16.)<\/p>\n<hr>\n<p><a href=\"altalanos\/10b_01_magyar_ostortenet.pdf\"><b><span style=\"color: blue;\">1. Magyar \u0151st\u00f6rt\u00e9net<\/span><\/b><\/a><br \/>\n<a href=\"altalanos\/kozepkori_magyarorszag_topografiaja.pdf\"><i><font color=\"blue\">Magyarorsz\u00e1g a k\u00f6z\u00e9pkorban \u2013 topogr\u00e1fia<\/font><\/i><\/a><br \/>\n<a href=\"altalanos\/magyarorszag_vakterkep_keves_folyo.JPG\"><i><font color=\"blue\">K\u00e1rp\u00e1t-medence \u2013 kit\u00f6ltetlen vakt\u00e9rk\u00e9p<\/font><\/i><\/a><br \/>\n(szept. 2.)<\/p>\n","protected":false},"excerpt":{"rendered":"<p>13. A reform\u00e1ci\u00f3 \u00e9s a katolikus meg\u00fajhod\u00e1s (m\u00e1rc. 24.) 12. A nagy f\u00f6ldrajzi felfedez\u00e9sek (kitekint\u00e9s: Spanyolorsz\u00e1g a kora \u00fajkorban) A kora \u00fajkori Eur\u00f3pa topogr\u00e1fi\u00e1ja Kit\u00f6lt\u00f6tt&#8230;<\/p>\n<div class=\"more-link-wrapper\"><a class=\"more-link\" href=\"https:\/\/tortenelem.fazekas.hu\/?page_id=1023\">Continue reading<span class=\"screen-reader-text\">10.b<\/span><\/a><\/div>\n","protected":false},"author":1,"featured_media":0,"parent":1021,"menu_order":2,"comment_status":"closed","ping_status":"closed","template":"","meta":{"ngg_post_thumbnail":0,"footnotes":""},"class_list":["post-1023","page","type-page","status-publish","hentry","entry"],"_links":{"self":[{"href":"https:\/\/tortenelem.fazekas.hu\/index.php?rest_route=\/wp\/v2\/pages\/1023","targetHints":{"allow":["GET"]}}],"collection":[{"href":"https:\/\/tortenelem.fazekas.hu\/index.php?rest_route=\/wp\/v2\/pages"}],"about":[{"href":"https:\/\/tortenelem.fazekas.hu\/index.php?rest_route=\/wp\/v2\/types\/page"}],"author":[{"embeddable":true,"href":"https:\/\/tortenelem.fazekas.hu\/index.php?rest_route=\/wp\/v2\/users\/1"}],"replies":[{"embeddable":true,"href":"https:\/\/tortenelem.fazekas.hu\/index.php?rest_route=%2Fwp%2Fv2%2Fcomments&post=1023"}],"version-history":[{"count":59,"href":"https:\/\/tortenelem.fazekas.hu\/index.php?rest_route=\/wp\/v2\/pages\/1023\/revisions"}],"predecessor-version":[{"id":1468,"href":"https:\/\/tortenelem.fazekas.hu\/index.php?rest_route=\/wp\/v2\/pages\/1023\/revisions\/1468"}],"up":[{"embeddable":true,"href":"https:\/\/tortenelem.fazekas.hu\/index.php?rest_route=\/wp\/v2\/pages\/1021"}],"wp:attachment":[{"href":"https:\/\/tortenelem.fazekas.hu\/index.php?rest_route=%2Fwp%2Fv2%2Fmedia&parent=1023"}],"curies":[{"name":"wp","href":"https:\/\/api.w.org\/{rel}","templated":true}]}}