{"id":100,"date":"2021-10-21T14:50:00","date_gmt":"2021-10-21T14:50:00","guid":{"rendered":"https:\/\/tortenelem-uj.fazekas.hu\/?page_id=100"},"modified":"2024-06-18T17:22:28","modified_gmt":"2024-06-18T15:22:28","slug":"gyapay-gabor-emlekterem","status":"publish","type":"page","link":"https:\/\/tortenelem.fazekas.hu\/?page_id=100","title":{"rendered":"Gyapay G\u00e1bor eml\u00e9kterem"},"content":{"rendered":"<p><img loading=\"lazy\" decoding=\"async\" class=\"aligncenter\" style=\"width: 627px; height: 470px;\" alt=\"\" src=\"\/rolunk\/315A_20110930.jpg\" width=\"627\" height=\"470\" align=\"center\" \/><br \/>\nKedves Seg\u00edt\u0151k, Adom\u00e1nyoz\u00f3k!<\/p>\n<p style=\"text-align: justify;\">A tov\u00e1bbi sikeres egy\u00fcttm\u0171k\u00f6d\u00e9s rem\u00e9ny\u00e9ben az iskola t\u00f6rt\u00e9nelem-filoz\u00f3fia munkak\u00f6z\u00f6ss\u00e9g\u00e9nek nev\u00e9ben szeretn\u00e9nk k\u00f6sz\u00f6netet mondani mindenkinek, aki munk\u00e1j\u00e1val, t\u00e1rgyi \u00e9s p\u00e9nzadom\u00e1ny\u00e1val seg\u00edtett nek\u00fcnk a Gyapay G\u00e1bor Eml\u00e9kterem l\u00e9trehoz\u00e1s\u00e1ban. \u00dagy v\u00e9lj\u00fck, ezzel siker\u00fclt m\u00e9lt\u00f3 eml\u00e9ket \u00e1ll\u00edtani Gyapay G\u00e1bor tan\u00e1r \u00far t\u00f6rt\u00e9n\u00e9szi \u00e9s tan\u00e1ri munk\u00e1ss\u00e1g\u00e1nak, mellyel valamennyi di\u00e1kunk a tan\u00e9v folyam\u00e1n megismerkedhet. A t\u00f6rt\u00e9nelem el\u0151ad\u00f3ban felszerelt interakt\u00edv t\u00e1bla hatalmas seg\u00edts\u00e9get jelent munkak\u00f6z\u00f6ss\u00e9g\u00fcnk valamennyi tagj\u00e1nak a korszer\u0171 tananyagok felhaszn\u00e1l\u00e1s\u00e1ban, tan\u00edtv\u00e1nyainknak pedig abban, hogy \u00e9lvezettel bolyonghassanak a t\u00f6rt\u00e9nelem labirintus\u00e1ban. Az el\u0151ad\u00f3terem \u00e9s az ott l\u00e1that\u00f3 Gyapay G\u00e1bor \u00e1lland\u00f3 eml\u00e9kki\u00e1ll\u00edt\u00e1s \u2013 el\u0151zetes egyeztet\u00e9st k\u00f6vet\u0151en \u2013 minden kedves \u00e9rdekl\u0151d\u0151 sz\u00e1m\u00e1ra nyitva \u00e1ll.<\/p>\n<p>&nbsp;<br \/>\nBudapest, 2011. szeptember 30.<br \/>\n&nbsp;<\/p>\n<p style=\"text-align: justify;\">A t\u00f6rt\u00e9nelem-filoz\u00f3fia munkak\u00f6z\u00f6ss\u00e9g tagjai: \u00c1d\u00e1mn\u00e9 Laczk\u00f3 Melinda, Bihari P\u00e9ter, F. T\u00f3th Zolt\u00e1n, Foki Tam\u00e1s, Rep\u00e1rszky Ildik\u00f3, Runda Margit, Tak\u00e1cs M\u00e1rta, Ujv\u00e1ri P\u00e1l<\/p>\n","protected":false},"excerpt":{"rendered":"<p>Kedves Seg\u00edt\u0151k, Adom\u00e1nyoz\u00f3k! A tov\u00e1bbi sikeres egy\u00fcttm\u0171k\u00f6d\u00e9s rem\u00e9ny\u00e9ben az iskola t\u00f6rt\u00e9nelem-filoz\u00f3fia munkak\u00f6z\u00f6ss\u00e9g\u00e9nek nev\u00e9ben szeretn\u00e9nk k\u00f6sz\u00f6netet mondani mindenkinek, aki munk\u00e1j\u00e1val, t\u00e1rgyi \u00e9s p\u00e9nzadom\u00e1ny\u00e1val seg\u00edtett nek\u00fcnk a&#8230;<\/p>\n<div class=\"more-link-wrapper\"><a class=\"more-link\" href=\"https:\/\/tortenelem.fazekas.hu\/?page_id=100\">Continue reading<span class=\"screen-reader-text\">Gyapay G\u00e1bor eml\u00e9kterem<\/span><\/a><\/div>\n","protected":false},"author":1,"featured_media":0,"parent":82,"menu_order":3,"comment_status":"closed","ping_status":"closed","template":"","meta":{"ngg_post_thumbnail":0,"footnotes":""},"class_list":["post-100","page","type-page","status-publish","hentry","entry"],"_links":{"self":[{"href":"https:\/\/tortenelem.fazekas.hu\/index.php?rest_route=\/wp\/v2\/pages\/100","targetHints":{"allow":["GET"]}}],"collection":[{"href":"https:\/\/tortenelem.fazekas.hu\/index.php?rest_route=\/wp\/v2\/pages"}],"about":[{"href":"https:\/\/tortenelem.fazekas.hu\/index.php?rest_route=\/wp\/v2\/types\/page"}],"author":[{"embeddable":true,"href":"https:\/\/tortenelem.fazekas.hu\/index.php?rest_route=\/wp\/v2\/users\/1"}],"replies":[{"embeddable":true,"href":"https:\/\/tortenelem.fazekas.hu\/index.php?rest_route=%2Fwp%2Fv2%2Fcomments&post=100"}],"version-history":[{"count":11,"href":"https:\/\/tortenelem.fazekas.hu\/index.php?rest_route=\/wp\/v2\/pages\/100\/revisions"}],"predecessor-version":[{"id":481,"href":"https:\/\/tortenelem.fazekas.hu\/index.php?rest_route=\/wp\/v2\/pages\/100\/revisions\/481"}],"up":[{"embeddable":true,"href":"https:\/\/tortenelem.fazekas.hu\/index.php?rest_route=\/wp\/v2\/pages\/82"}],"wp:attachment":[{"href":"https:\/\/tortenelem.fazekas.hu\/index.php?rest_route=%2Fwp%2Fv2%2Fmedia&parent=100"}],"curies":[{"name":"wp","href":"https:\/\/api.w.org\/{rel}","templated":true}]}}